{"id":374,"date":"2025-04-02T19:15:55","date_gmt":"2025-04-02T19:15:55","guid":{"rendered":"https:\/\/demonstracao.usinadotemplate.com.br\/clinicavargas\/?page_id=374"},"modified":"2025-09-09T18:39:01","modified_gmt":"2025-09-09T18:39:01","slug":"sobre","status":"publish","type":"page","link":"https:\/\/demonstracao.usinadotemplate.com.br\/clinicavargas\/sobre\/","title":{"rendered":"Sobre"},"content":{"rendered":"\t\t<div data-elementor-type=\"wp-page\" data-elementor-id=\"374\" class=\"elementor elementor-374\" data-elementor-post-type=\"page\">\n\t\t\t\t\t\t<section class=\"elementor-section elementor-top-section elementor-element elementor-element-5c22853 elementor-section-boxed elementor-section-height-default elementor-section-height-default\" data-id=\"5c22853\" data-element_type=\"section\" data-settings=\"{&quot;background_background&quot;:&quot;classic&quot;}\">\n\t\t\t\t\t\t<div class=\"elementor-container elementor-column-gap-default\">\n\t\t\t\t\t<div class=\"elementor-column elementor-col-100 elementor-top-column elementor-element elementor-element-28e1036\" data-id=\"28e1036\" data-element_type=\"column\">\n\t\t\t<div class=\"elementor-widget-wrap elementor-element-populated\">\n\t\t\t\t\t\t<div class=\"elementor-element elementor-element-0a5970e elementor-widget elementor-widget-heading\" data-id=\"0a5970e\" data-element_type=\"widget\" data-widget_type=\"heading.default\">\n\t\t\t\t<div class=\"elementor-widget-container\">\n\t\t\t\t\t<h2 class=\"elementor-heading-title elementor-size-default\">Sobre N\u00f3s<\/h2>\t\t\t\t<\/div>\n\t\t\t\t<\/div>\n\t\t\t\t\t<\/div>\n\t\t<\/div>\n\t\t\t\t\t<\/div>\n\t\t<\/section>\n\t\t\t\t<section class=\"elementor-section elementor-top-section elementor-element elementor-element-cfab420 animated-slow elementor-section-boxed elementor-section-height-default elementor-section-height-default elementor-invisible\" data-id=\"cfab420\" data-element_type=\"section\" data-settings=\"{&quot;animation&quot;:&quot;fadeIn&quot;}\">\n\t\t\t\t\t\t<div class=\"elementor-container elementor-column-gap-default\">\n\t\t\t\t\t<div class=\"elementor-column elementor-col-50 elementor-top-column elementor-element elementor-element-94aeea0\" data-id=\"94aeea0\" data-element_type=\"column\">\n\t\t\t<div class=\"elementor-widget-wrap elementor-element-populated\">\n\t\t\t\t\t\t<div class=\"elementor-element elementor-element-c20a713 elementor-widget elementor-widget-heading\" data-id=\"c20a713\" data-element_type=\"widget\" data-widget_type=\"heading.default\">\n\t\t\t\t<div class=\"elementor-widget-container\">\n\t\t\t\t\t<h2 class=\"elementor-heading-title elementor-size-default\">Sobre N\u00f3s<\/h2>\t\t\t\t<\/div>\n\t\t\t\t<\/div>\n\t\t\t\t<div class=\"elementor-element elementor-element-9ac8979 elementor-widget elementor-widget-heading\" data-id=\"9ac8979\" data-element_type=\"widget\" data-widget_type=\"heading.default\">\n\t\t\t\t<div class=\"elementor-widget-container\">\n\t\t\t\t\t<h2 class=\"elementor-heading-title elementor-size-default\">Cl\u00ednica Vargas<\/h2>\t\t\t\t<\/div>\n\t\t\t\t<\/div>\n\t\t\t\t<div class=\"elementor-element elementor-element-5969300 elementor-widget elementor-widget-text-editor\" data-id=\"5969300\" data-element_type=\"widget\" data-widget_type=\"text-editor.default\">\n\t\t\t\t<div class=\"elementor-widget-container\">\n\t\t\t\t\t\t\t\t\t<p>A <strong data-start=\"57\" data-end=\"71\">Clinica Vargas<\/strong> \u00e9 uma cl\u00ednica de excel\u00eancia dedicada ao cuidado integral da sa\u00fade, onde oferecemos um atendimento personalizado e humanizado, alinhado com os mais modernos conceitos da Medicina Integrativa. Nosso objetivo \u00e9 tratar a pessoa como um todo, buscando n\u00e3o apenas a cura de doen\u00e7as, mas tamb\u00e9m o equil\u00edbrio f\u00edsico, mental e emocional.<\/p><p>Acreditamos que a sa\u00fade vai al\u00e9m do simples tratamento de sintomas, por isso, adotamos uma abordagem integrativa que une as melhores pr\u00e1ticas da medicina convencional com terapias alternativas, promovendo um tratamento mais completo e eficaz. Cada paciente \u00e9 \u00fanico, e nossa miss\u00e3o \u00e9 ouvir, compreender e criar um plano de cuidados que atenda \u00e0s suas necessidades espec\u00edficas, levando em considera\u00e7\u00e3o sua hist\u00f3ria de vida, estilo de vida e bem-estar geral.<\/p>\t\t\t\t\t\t\t\t<\/div>\n\t\t\t\t<\/div>\n\t\t\t\t\t<\/div>\n\t\t<\/div>\n\t\t\t\t<div class=\"elementor-column elementor-col-50 elementor-top-column elementor-element elementor-element-02d6510\" data-id=\"02d6510\" data-element_type=\"column\">\n\t\t\t<div class=\"elementor-widget-wrap elementor-element-populated\">\n\t\t\t\t\t\t<div class=\"elementor-element elementor-element-bef850c elementor-widget elementor-widget-image\" data-id=\"bef850c\" data-element_type=\"widget\" data-widget_type=\"image.default\">\n\t\t\t\t<div class=\"elementor-widget-container\">\n\t\t\t\t\t\t\t\t\t\t\t\t\t\t\t<img fetchpriority=\"high\" decoding=\"async\" width=\"590\" height=\"1024\" src=\"https:\/\/demonstracao.usinadotemplate.com.br\/clinicavargas\/wp-content\/uploads\/2025\/09\/front-view-doctor-wearing-white-coat-590x1024.png\" class=\"attachment-large size-large wp-image-595\" alt=\"\" srcset=\"https:\/\/demonstracao.usinadotemplate.com.br\/clinicavargas\/wp-content\/uploads\/2025\/09\/front-view-doctor-wearing-white-coat-590x1024.png 590w, https:\/\/demonstracao.usinadotemplate.com.br\/clinicavargas\/wp-content\/uploads\/2025\/09\/front-view-doctor-wearing-white-coat-173x300.png 173w, https:\/\/demonstracao.usinadotemplate.com.br\/clinicavargas\/wp-content\/uploads\/2025\/09\/front-view-doctor-wearing-white-coat-768x1332.png 768w, https:\/\/demonstracao.usinadotemplate.com.br\/clinicavargas\/wp-content\/uploads\/2025\/09\/front-view-doctor-wearing-white-coat-886x1536.png 886w, https:\/\/demonstracao.usinadotemplate.com.br\/clinicavargas\/wp-content\/uploads\/2025\/09\/front-view-doctor-wearing-white-coat.png 1042w\" sizes=\"(max-width: 590px) 100vw, 590px\" \/>\t\t\t\t\t\t\t\t\t\t\t\t\t\t\t<\/div>\n\t\t\t\t<\/div>\n\t\t\t\t\t<\/div>\n\t\t<\/div>\n\t\t\t\t\t<\/div>\n\t\t<\/section>\n\t\t\t\t<\/div>\n\t\t","protected":false},"excerpt":{"rendered":"<p>Sobre N\u00f3s Sobre N\u00f3s Cl\u00ednica Vargas A Clinica Vargas \u00e9 uma cl\u00ednica de excel\u00eancia dedicada ao cuidado integral da sa\u00fade, onde oferecemos um atendimento personalizado e humanizado, alinhado com os mais modernos conceitos da Medicina Integrativa. Nosso objetivo \u00e9 tratar a pessoa como um todo, buscando n\u00e3o apenas a cura de doen\u00e7as, mas tamb\u00e9m o [&hellip;]<\/p>\n","protected":false},"author":1,"featured_media":0,"parent":0,"menu_order":0,"comment_status":"closed","ping_status":"closed","template":"elementor_header_footer","meta":{"_joinchat":[],"footnotes":""},"class_list":["post-374","page","type-page","status-publish","hentry"],"_links":{"self":[{"href":"https:\/\/demonstracao.usinadotemplate.com.br\/clinicavargas\/wp-json\/wp\/v2\/pages\/374","targetHints":{"allow":["GET"]}}],"collection":[{"href":"https:\/\/demonstracao.usinadotemplate.com.br\/clinicavargas\/wp-json\/wp\/v2\/pages"}],"about":[{"href":"https:\/\/demonstracao.usinadotemplate.com.br\/clinicavargas\/wp-json\/wp\/v2\/types\/page"}],"author":[{"embeddable":true,"href":"https:\/\/demonstracao.usinadotemplate.com.br\/clinicavargas\/wp-json\/wp\/v2\/users\/1"}],"replies":[{"embeddable":true,"href":"https:\/\/demonstracao.usinadotemplate.com.br\/clinicavargas\/wp-json\/wp\/v2\/comments?post=374"}],"version-history":[{"count":34,"href":"https:\/\/demonstracao.usinadotemplate.com.br\/clinicavargas\/wp-json\/wp\/v2\/pages\/374\/revisions"}],"predecessor-version":[{"id":653,"href":"https:\/\/demonstracao.usinadotemplate.com.br\/clinicavargas\/wp-json\/wp\/v2\/pages\/374\/revisions\/653"}],"wp:attachment":[{"href":"https:\/\/demonstracao.usinadotemplate.com.br\/clinicavargas\/wp-json\/wp\/v2\/media?parent=374"}],"curies":[{"name":"wp","href":"https:\/\/api.w.org\/{rel}","templated":true}]}}