{"id":661,"date":"2023-06-03T21:50:00","date_gmt":"2023-06-03T21:50:00","guid":{"rendered":"https:\/\/demonstracao.usinadotemplate.com.br\/emprestimo\/?page_id=661"},"modified":"2024-10-17T15:04:48","modified_gmt":"2024-10-17T15:04:48","slug":"sobre","status":"publish","type":"page","link":"https:\/\/demonstracao.usinadotemplate.com.br\/emprestimo\/sobre\/","title":{"rendered":"Sobre"},"content":{"rendered":"\t\t<div data-elementor-type=\"wp-page\" data-elementor-id=\"661\" class=\"elementor elementor-661\">\n\t\t\t\t\t\t<section class=\"elementor-section elementor-top-section elementor-element elementor-element-f5260ea elementor-section-boxed elementor-section-height-default elementor-section-height-default\" data-id=\"f5260ea\" data-element_type=\"section\" data-settings=\"{&quot;background_background&quot;:&quot;classic&quot;,&quot;_ha_eqh_enable&quot;:false}\">\n\t\t\t\t\t\t<div class=\"elementor-container elementor-column-gap-default\">\n\t\t\t\t\t<div class=\"elementor-column elementor-col-100 elementor-top-column elementor-element elementor-element-a1cc591\" data-id=\"a1cc591\" data-element_type=\"column\">\n\t\t\t<div class=\"elementor-widget-wrap elementor-element-populated\">\n\t\t\t\t\t\t<div class=\"elementor-element elementor-element-dd3acb0 elementor-widget elementor-widget-heading\" data-id=\"dd3acb0\" data-element_type=\"widget\" data-widget_type=\"heading.default\">\n\t\t\t\t<div class=\"elementor-widget-container\">\n\t\t\t<h2 class=\"elementor-heading-title elementor-size-default\">Sobre a Peguei Empr\u00e9stimos<\/h2>\t\t<\/div>\n\t\t\t\t<\/div>\n\t\t\t\t\t<\/div>\n\t\t<\/div>\n\t\t\t\t\t<\/div>\n\t\t<\/section>\n\t\t\t\t<section class=\"elementor-section elementor-top-section elementor-element elementor-element-ca61a6b elementor-section-boxed elementor-section-height-default elementor-section-height-default\" data-id=\"ca61a6b\" data-element_type=\"section\" data-settings=\"{&quot;_ha_eqh_enable&quot;:false}\">\n\t\t\t\t\t\t<div class=\"elementor-container elementor-column-gap-default\">\n\t\t\t\t\t<div class=\"elementor-column elementor-col-50 elementor-top-column elementor-element elementor-element-9902239\" data-id=\"9902239\" data-element_type=\"column\">\n\t\t\t<div class=\"elementor-widget-wrap elementor-element-populated\">\n\t\t\t\t\t\t<div class=\"elementor-element elementor-element-e3d68e8 elementor-widget elementor-widget-image\" data-id=\"e3d68e8\" data-element_type=\"widget\" data-widget_type=\"image.default\">\n\t\t\t\t<div class=\"elementor-widget-container\">\n\t\t\t\t\t\t\t\t\t\t\t\t\t<img fetchpriority=\"high\" decoding=\"async\" width=\"800\" height=\"1006\" src=\"https:\/\/demonstracao.usinadotemplate.com.br\/emprestimo\/wp-content\/uploads\/2023\/06\/app-peguei.fw1_-814x1024.png\" class=\"attachment-large size-large wp-image-519\" alt=\"\" srcset=\"https:\/\/demonstracao.usinadotemplate.com.br\/emprestimo\/wp-content\/uploads\/2023\/06\/app-peguei.fw1_-814x1024.png 814w, https:\/\/demonstracao.usinadotemplate.com.br\/emprestimo\/wp-content\/uploads\/2023\/06\/app-peguei.fw1_-238x300.png 238w, https:\/\/demonstracao.usinadotemplate.com.br\/emprestimo\/wp-content\/uploads\/2023\/06\/app-peguei.fw1_-768x966.png 768w, https:\/\/demonstracao.usinadotemplate.com.br\/emprestimo\/wp-content\/uploads\/2023\/06\/app-peguei.fw1_.png 1100w\" sizes=\"(max-width: 800px) 100vw, 800px\" \/>\t\t\t\t\t\t\t\t\t\t\t\t\t<\/div>\n\t\t\t\t<\/div>\n\t\t\t\t\t<\/div>\n\t\t<\/div>\n\t\t\t\t<div class=\"elementor-column elementor-col-50 elementor-top-column elementor-element elementor-element-26d4243\" data-id=\"26d4243\" data-element_type=\"column\">\n\t\t\t<div class=\"elementor-widget-wrap elementor-element-populated\">\n\t\t\t\t\t\t<div class=\"elementor-element elementor-element-99d9eaf elementor-widget elementor-widget-text-editor\" data-id=\"99d9eaf\" data-element_type=\"widget\" data-widget_type=\"text-editor.default\">\n\t\t\t\t<div class=\"elementor-widget-container\">\n\t\t\t\t\t\t\t<p>Peguei Empr\u00e9stimos \u00e9 uma empresa que atua no mercado de empr\u00e9stimos com uma proposta inovadora e diferenciada. Com um time de profissionais experientes no setor financeiro, a empresa tem como objetivo proporcionar aos seus clientes as melhores solu\u00e7\u00f5es em empr\u00e9stimos pessoais, com garantia ou consignados.<\/p><p>A empresa tem como foco principal a transpar\u00eancia em seus servi\u00e7os, oferecendo um atendimento personalizado e um processo simplificado e eficiente. Al\u00e9m disso, a Peguei Empr\u00e9stimos oferece taxas de juros competitivas e condi\u00e7\u00f5es de pagamento flex\u00edveis, garantindo que os seus clientes tenham acesso aos recursos que precisam para realizar seus projetos e planos de vida.<\/p><p>A empresa est\u00e1 comprometida em oferecer aos seus clientes um servi\u00e7o de qualidade, com rapidez e seguran\u00e7a, disponibilizando todas as informa\u00e7\u00f5es relevantes para que os clientes possam tomar a melhor decis\u00e3o em rela\u00e7\u00e3o ao seu empr\u00e9stimo. Com uma equipe preparada e dispon\u00edvel para atender \u00e0s necessidades de cada cliente, a Peguei Empr\u00e9stimos \u00e9 a escolha certa para quem precisa de um empr\u00e9stimo de forma \u00e1gil e descomplicada.<\/p><p>Se voc\u00ea precisa de um empr\u00e9stimo, n\u00e3o perca mais tempo e entre em contato com a Peguei Empr\u00e9stimos. Conhe\u00e7a as op\u00e7\u00f5es dispon\u00edveis e encontre uma solu\u00e7\u00e3o que se adeque \u00e0s suas necessidades. A empresa est\u00e1 pronta para ajud\u00e1-lo a realizar os seus sonhos e projetos de vida.<\/p>\t\t\t\t\t\t<\/div>\n\t\t\t\t<\/div>\n\t\t\t\t\t<\/div>\n\t\t<\/div>\n\t\t\t\t\t<\/div>\n\t\t<\/section>\n\t\t\t\t<\/div>\n\t\t","protected":false},"excerpt":{"rendered":"<p>Sobre a Peguei Empr\u00e9stimos Peguei Empr\u00e9stimos \u00e9 uma empresa que atua no mercado de empr\u00e9stimos com uma proposta inovadora e diferenciada. Com um time de profissionais experientes no setor financeiro, a empresa tem como objetivo proporcionar aos seus clientes as melhores solu\u00e7\u00f5es em empr\u00e9stimos pessoais, com garantia ou consignados. A empresa tem como foco principal [&hellip;]<\/p>\n","protected":false},"author":1,"featured_media":0,"parent":0,"menu_order":3,"comment_status":"closed","ping_status":"closed","template":"elementor_header_footer","meta":{"_joinchat":[],"footnotes":""},"class_list":["post-661","page","type-page","status-publish","hentry"],"_links":{"self":[{"href":"https:\/\/demonstracao.usinadotemplate.com.br\/emprestimo\/wp-json\/wp\/v2\/pages\/661","targetHints":{"allow":["GET"]}}],"collection":[{"href":"https:\/\/demonstracao.usinadotemplate.com.br\/emprestimo\/wp-json\/wp\/v2\/pages"}],"about":[{"href":"https:\/\/demonstracao.usinadotemplate.com.br\/emprestimo\/wp-json\/wp\/v2\/types\/page"}],"author":[{"embeddable":true,"href":"https:\/\/demonstracao.usinadotemplate.com.br\/emprestimo\/wp-json\/wp\/v2\/users\/1"}],"replies":[{"embeddable":true,"href":"https:\/\/demonstracao.usinadotemplate.com.br\/emprestimo\/wp-json\/wp\/v2\/comments?post=661"}],"version-history":[{"count":25,"href":"https:\/\/demonstracao.usinadotemplate.com.br\/emprestimo\/wp-json\/wp\/v2\/pages\/661\/revisions"}],"predecessor-version":[{"id":798,"href":"https:\/\/demonstracao.usinadotemplate.com.br\/emprestimo\/wp-json\/wp\/v2\/pages\/661\/revisions\/798"}],"wp:attachment":[{"href":"https:\/\/demonstracao.usinadotemplate.com.br\/emprestimo\/wp-json\/wp\/v2\/media?parent=661"}],"curies":[{"name":"wp","href":"https:\/\/api.w.org\/{rel}","templated":true}]}}