{"id":3,"date":"2024-10-22T09:06:51","date_gmt":"2024-10-22T09:06:51","guid":{"rendered":"https:\/\/descomplicandosite.com\/energyroof\/?page_id=3"},"modified":"2024-10-31T13:05:40","modified_gmt":"2024-10-31T12:05:40","slug":"politica-de-privacidade","status":"publish","type":"page","link":"https:\/\/demonstracao.usinadotemplate.com.br\/energysolar\/politica-de-privacidade\/","title":{"rendered":"Pol\u00edtica de Privacidade da Energy ROOF"},"content":{"rendered":"\t\t<div data-elementor-type=\"wp-page\" data-elementor-id=\"3\" class=\"elementor elementor-3\" data-elementor-post-type=\"page\">\n\t\t\t\t<div class=\"elementor-element elementor-element-77b4a53b e-flex e-con-boxed wpr-particle-no wpr-jarallax-no wpr-parallax-no wpr-sticky-section-no e-con e-parent\" data-id=\"77b4a53b\" data-element_type=\"container\">\n\t\t\t\t\t<div class=\"e-con-inner\">\n\t\t\t\t<div class=\"elementor-element elementor-element-101b36a elementor-widget elementor-widget-wpr-post-title\" data-id=\"101b36a\" data-element_type=\"widget\" data-widget_type=\"wpr-post-title.default\">\n\t\t\t\t\t<h1 class=\"wpr-post-title\">Pol\u00edtica de Privacidade da Energy ROOF<\/h1>\t\t\t\t<\/div>\n\t\t\t\t<div class=\"elementor-element elementor-element-20db1fb7 elementor-widget elementor-widget-text-editor\" data-id=\"20db1fb7\" data-element_type=\"widget\" data-widget_type=\"text-editor.default\">\n\t\t\t\t\t\t\t\t\t\n<p class=\"wp-block-heading\">A Energy ROOF se preocupa com a privacidade dos seus usu\u00e1rios e clientes. Por isso, desenvolvemos esta Pol\u00edtica de Privacidade para explicar como coletamos, utilizamos, armazenamos e protegemos suas informa\u00e7\u00f5es pessoais. Ao acessar nosso site e utilizar nossos servi\u00e7os, voc\u00ea concorda com as pr\u00e1ticas descritas nesta pol\u00edtica.<\/p>\n<hr class=\"wp-block-separator has-alpha-channel-opacity\" \/>\n<h3 class=\"wp-block-heading\"><strong>1. Informa\u00e7\u00f5es Coletadas<\/strong><\/h3>\n\n<p>Podemos coletar informa\u00e7\u00f5es pessoais e n\u00e3o pessoais dos usu\u00e1rios, incluindo:<\/p>\n\n<ul class=\"wp-block-list\">\n<li><strong>Informa\u00e7\u00f5es Pessoais<\/strong>: Nome, e-mail, telefone, endere\u00e7o, e dados necess\u00e1rios para a presta\u00e7\u00e3o de nossos servi\u00e7os.<\/li>\n\n<li><strong>Informa\u00e7\u00f5es de Navega\u00e7\u00e3o<\/strong>: Cookies, endere\u00e7o IP, tipo de navegador, dura\u00e7\u00e3o da visita e p\u00e1ginas visitadas para melhorar sua experi\u00eancia no site.<\/li>\n<\/ul>\n<p>\u00a0<\/p>\n<hr class=\"wp-block-separator has-alpha-channel-opacity\" \/>\n<h3 class=\"wp-block-heading\">\u00a0<\/h3>\n<h3 class=\"wp-block-heading\"><strong>2. Como Utilizamos Suas Informa\u00e7\u00f5es<\/strong><\/h3>\n\n<p>A Energy ROOF utiliza as informa\u00e7\u00f5es coletadas para os seguintes fins:<\/p>\n\n<ul class=\"wp-block-list\">\n<li><strong>Fornecer Servi\u00e7os<\/strong>: Processar pedidos, gerenciar projetos de energia solar e enviar atualiza\u00e7\u00f5es.<\/li>\n\n<li><strong>Melhorar a Experi\u00eancia do Usu\u00e1rio<\/strong>: Analisar como os visitantes interagem com nosso site para otimizar nossos servi\u00e7os.<\/li>\n\n<li><strong>Comunica\u00e7\u00e3o<\/strong>: Entrar em contato sobre novidades, promo\u00e7\u00f5es e informa\u00e7\u00f5es relacionadas aos nossos servi\u00e7os, caso voc\u00ea tenha concordado em receber esses comunicados.<\/li>\n\n<li><strong>Seguran\u00e7a<\/strong>: Garantir a seguran\u00e7a de nossos usu\u00e1rios e prevenir fraudes.<\/li>\n<\/ul>\n<p>\u00a0<\/p>\n<hr class=\"wp-block-separator has-alpha-channel-opacity\" \/>\n<h3 class=\"wp-block-heading\">\u00a0<\/h3>\n<h3 class=\"wp-block-heading\"><strong>3. Compartilhamento de Informa\u00e7\u00f5es<\/strong><\/h3>\n\n<p>A Energy ROOF n\u00e3o vende, aluga ou compartilha suas informa\u00e7\u00f5es pessoais com terceiros, exceto:<\/p>\n\n<ul class=\"wp-block-list\">\n<li><strong>Parceiros e Prestadores de Servi\u00e7os<\/strong>: Para execu\u00e7\u00e3o de projetos e manuten\u00e7\u00e3o de sistemas de energia solar, compartilhamos informa\u00e7\u00f5es necess\u00e1rias com parceiros que mant\u00eam o mesmo compromisso com a privacidade.<\/li>\n\n<li><strong>Obriga\u00e7\u00e3o Legal<\/strong>: Quando necess\u00e1rio, para cumprir obriga\u00e7\u00f5es legais ou proteger nossos direitos.<\/li>\n<\/ul>\n<p>\u00a0<\/p>\n<hr class=\"wp-block-separator has-alpha-channel-opacity\" \/>\n<h3 class=\"wp-block-heading\">\u00a0<\/h3>\n<h3 class=\"wp-block-heading\"><strong>4. Uso de Cookies<\/strong><\/h3>\n\n<p>Utilizamos cookies para:<\/p>\n\n<ul class=\"wp-block-list\">\n<li><strong>Melhorar a Navega\u00e7\u00e3o<\/strong>: Tornar o uso do nosso site mais eficiente e personalizado.<\/li>\n\n<li><strong>Analisar o Tr\u00e1fego<\/strong>: Compreender como os usu\u00e1rios interagem com nosso site para aprimorar nossos servi\u00e7os.<\/li>\n<\/ul>\n\n<p>Voc\u00ea pode gerenciar suas prefer\u00eancias de cookies no seu navegador ou optar por desativ\u00e1-los, embora isso possa afetar a funcionalidade do site.<\/p>\n<p>\u00a0<\/p>\n<hr class=\"wp-block-separator has-alpha-channel-opacity\" \/>\n<h3 class=\"wp-block-heading\">\u00a0<\/h3>\n<h3 class=\"wp-block-heading\"><strong>5. Seguran\u00e7a de Dados<\/strong><\/h3>\n\n<p>Adotamos medidas de seguran\u00e7a t\u00e9cnicas e organizacionais para proteger suas informa\u00e7\u00f5es pessoais contra acesso n\u00e3o autorizado, perda ou altera\u00e7\u00e3o. No entanto, a seguran\u00e7a absoluta na internet n\u00e3o pode ser garantida, e recomendamos que voc\u00ea tome medidas para proteger suas informa\u00e7\u00f5es.<\/p>\n<p>\u00a0<\/p>\n<hr class=\"wp-block-separator has-alpha-channel-opacity\" \/>\n<h3 class=\"wp-block-heading\">\u00a0<\/h3>\n<h3 class=\"wp-block-heading\"><strong>6. Links para Sites de Terceiros<\/strong><\/h3>\n\n<p>Nosso site pode conter links para outros sites. N\u00e3o somos respons\u00e1veis pelas pr\u00e1ticas de privacidade de outros sites e recomendamos que voc\u00ea leia as pol\u00edticas de privacidade desses terceiros.<\/p>\n<p>\u00a0<\/p>\n<hr class=\"wp-block-separator has-alpha-channel-opacity\" \/>\n<h3 class=\"wp-block-heading\">\u00a0<\/h3>\n<h3 class=\"wp-block-heading\"><strong>7. Seus Direitos<\/strong><\/h3>\n\n<p>Voc\u00ea tem o direito de:<\/p>\n\n<ul class=\"wp-block-list\">\n<li>Acessar, corrigir ou excluir suas informa\u00e7\u00f5es pessoais.<\/li>\n\n<li>Solicitar a interrup\u00e7\u00e3o do envio de comunica\u00e7\u00f5es de marketing.<\/li>\n\n<li>Revogar seu consentimento para o uso de dados, quando aplic\u00e1vel.<\/li>\n<\/ul>\n\n<p>Para exercer seus direitos, entre em contato conosco por meio das informa\u00e7\u00f5es fornecidas nesta pol\u00edtica.<\/p>\n<p>\u00a0<\/p>\n<hr class=\"wp-block-separator has-alpha-channel-opacity\" \/>\n<h3 class=\"wp-block-heading\">\u00a0<\/h3>\n<h3 class=\"wp-block-heading\"><strong>8. Altera\u00e7\u00f5es na Pol\u00edtica de Privacidade<\/strong><\/h3>\n\n<p>A Energy ROOF pode atualizar esta Pol\u00edtica de Privacidade periodicamente. Qualquer altera\u00e7\u00e3o ser\u00e1 comunicada no nosso site, e a data da \u00faltima atualiza\u00e7\u00e3o ser\u00e1 destacada no topo da p\u00e1gina.<\/p>\n<p>\u00a0<\/p>\n<hr class=\"wp-block-separator has-alpha-channel-opacity\" \/>\n<h3 class=\"wp-block-heading\">\u00a0<\/h3>\n<h3 class=\"wp-block-heading\"><strong>9. Contato<\/strong><\/h3>\n\n<p>Se voc\u00ea tiver d\u00favidas ou preocupa\u00e7\u00f5es sobre esta Pol\u00edtica de Privacidade ou sobre como lidamos com suas informa\u00e7\u00f5es pessoais, entre em contato conosco:<\/p>\n\n<p><strong>Energy ROOF<\/strong><br \/>E-mail: <a>contato@energyroof.com.br<\/a><br \/>Telefone: (11) 4002-8922<br \/>Endere\u00e7o: Rua das Inova\u00e7\u00f5es, 250 &#8211; Sala 3, Bairro SolarTech, S\u00e3o Paulo &#8211; SP, CEP: 04567-890<\/p>\n\t\t\t\t\t\t\t\t<\/div>\n\t\t\t\t\t<\/div>\n\t\t\t\t<\/div>\n\t\t\t\t<\/div>\n\t\t","protected":false},"excerpt":{"rendered":"<p>Pol\u00edtica de Privacidade da Energy ROOF A Energy ROOF se preocupa com a privacidade dos seus usu\u00e1rios e clientes. Por isso, desenvolvemos esta Pol\u00edtica de Privacidade para explicar como coletamos, utilizamos, armazenamos e protegemos suas informa\u00e7\u00f5es pessoais. Ao acessar nosso site e utilizar nossos servi\u00e7os, voc\u00ea concorda com as pr\u00e1ticas descritas nesta pol\u00edtica. 1. Informa\u00e7\u00f5es Coletadas Podemos coletar informa\u00e7\u00f5es pessoais e n\u00e3o pessoais dos usu\u00e1rios, incluindo: \u00a0 2. Como Utilizamos Suas Informa\u00e7\u00f5es A Energy ROOF utiliza as informa\u00e7\u00f5es coletadas para os seguintes fins: \u00a0 3. Compartilhamento de Informa\u00e7\u00f5es A Energy ROOF n\u00e3o vende, aluga ou compartilha suas informa\u00e7\u00f5es pessoais com terceiros, exceto: \u00a0 4. Uso de Cookies Utilizamos cookies para: Voc\u00ea pode gerenciar suas prefer\u00eancias de cookies no seu navegador ou optar por desativ\u00e1-los, embora isso possa afetar a funcionalidade do site. \u00a0 \u00a0 5. Seguran\u00e7a de Dados Adotamos medidas de seguran\u00e7a t\u00e9cnicas e organizacionais para proteger suas informa\u00e7\u00f5es pessoais contra acesso n\u00e3o autorizado, perda ou altera\u00e7\u00e3o. No entanto, a seguran\u00e7a absoluta na internet n\u00e3o pode ser garantida, e recomendamos que voc\u00ea tome medidas para proteger suas informa\u00e7\u00f5es. \u00a0 \u00a0 6. Links para Sites de Terceiros Nosso site pode conter links para outros sites. N\u00e3o somos respons\u00e1veis pelas pr\u00e1ticas de privacidade de outros sites e recomendamos que voc\u00ea leia as pol\u00edticas de privacidade desses terceiros. \u00a0 \u00a0 7. Seus Direitos Voc\u00ea tem o direito de: Para exercer seus direitos, entre em contato conosco por meio das informa\u00e7\u00f5es fornecidas nesta pol\u00edtica. \u00a0 \u00a0 8. Altera\u00e7\u00f5es na Pol\u00edtica de Privacidade A Energy ROOF pode atualizar esta Pol\u00edtica de Privacidade periodicamente. Qualquer altera\u00e7\u00e3o ser\u00e1 comunicada no nosso site, e a data da \u00faltima atualiza\u00e7\u00e3o ser\u00e1 destacada no topo da p\u00e1gina. \u00a0 \u00a0 9. Contato Se voc\u00ea tiver d\u00favidas ou preocupa\u00e7\u00f5es sobre esta Pol\u00edtica de Privacidade ou sobre como lidamos com suas informa\u00e7\u00f5es pessoais, entre em contato conosco: Energy ROOFE-mail: contato@energyroof.com.brTelefone: (11) 4002-8922Endere\u00e7o: Rua das Inova\u00e7\u00f5es, 250 &#8211; Sala 3, Bairro SolarTech, S\u00e3o Paulo &#8211; SP, CEP: 04567-890<\/p>\n","protected":false},"author":2,"featured_media":0,"parent":0,"menu_order":0,"comment_status":"closed","ping_status":"closed","template":"elementor_header_footer","meta":{"footnotes":""},"class_list":["post-3","page","type-page","status-publish","hentry"],"_links":{"self":[{"href":"https:\/\/demonstracao.usinadotemplate.com.br\/energysolar\/wp-json\/wp\/v2\/pages\/3","targetHints":{"allow":["GET"]}}],"collection":[{"href":"https:\/\/demonstracao.usinadotemplate.com.br\/energysolar\/wp-json\/wp\/v2\/pages"}],"about":[{"href":"https:\/\/demonstracao.usinadotemplate.com.br\/energysolar\/wp-json\/wp\/v2\/types\/page"}],"author":[{"embeddable":true,"href":"https:\/\/demonstracao.usinadotemplate.com.br\/energysolar\/wp-json\/wp\/v2\/users\/2"}],"replies":[{"embeddable":true,"href":"https:\/\/demonstracao.usinadotemplate.com.br\/energysolar\/wp-json\/wp\/v2\/comments?post=3"}],"version-history":[{"count":0,"href":"https:\/\/demonstracao.usinadotemplate.com.br\/energysolar\/wp-json\/wp\/v2\/pages\/3\/revisions"}],"wp:attachment":[{"href":"https:\/\/demonstracao.usinadotemplate.com.br\/energysolar\/wp-json\/wp\/v2\/media?parent=3"}],"curies":[{"name":"wp","href":"https:\/\/api.w.org\/{rel}","templated":true}]}}