{"id":18,"date":"2022-06-02T16:04:12","date_gmt":"2022-06-02T19:04:12","guid":{"rendered":"https:\/\/demonstracao.usinadotemplate.com.br\/hoteisepousadas\/minha-conta\/"},"modified":"2022-06-05T22:27:51","modified_gmt":"2022-06-06T01:27:51","slug":"minha-conta","status":"publish","type":"page","link":"https:\/\/demonstracao.usinadotemplate.com.br\/hoteisepousadas\/minha-conta\/","title":{"rendered":"Minha conta"},"content":{"rendered":"\t\t<div data-elementor-type=\"wp-page\" data-elementor-id=\"18\" class=\"elementor elementor-18\" data-elementor-post-type=\"page\">\n\t\t\t\t<div class=\"elementor-element elementor-element-0799f11 e-flex e-con-boxed e-con e-parent\" data-id=\"0799f11\" data-element_type=\"container\">\n\t\t\t\t\t<div class=\"e-con-inner\">\n\t\t\t\t<div class=\"elementor-element elementor-element-3cf6d36 e-my-account-tabs-vertical elementor-widget elementor-widget-woocommerce-my-account\" data-id=\"3cf6d36\" data-element_type=\"widget\" data-widget_type=\"woocommerce-my-account.default\">\n\t\t\t\t<div class=\"elementor-widget-container\">\n\t\t\t\t\t<div class=\"e-my-account-tab e-my-account-tab__ \">\t\t\t<span class=\"elementor-hidden\">[woocommerce_my_account]<\/span>\n\t\t\t<div class=\"woocommerce\"><\/div>\t\t<\/div>\n\t\t\t\t\t\t<\/div>\n\t\t\t\t<\/div>\n\t\t\t\t\t<\/div>\n\t\t\t\t<\/div>\n\t\t\t\t<\/div>\n\t\t","protected":false},"excerpt":{"rendered":"<p>Bem Vindo Pedidos Acesse seus pedidos Conta Veja sua conta Sair Fazer logout Painel Pedidos Downloads Endere\u00e7o Detalhes da Conta Sair Ol\u00e1, Rafael (n\u00e3o \u00e9 Rafael? Sair) A partir do painel de controle de sua conta, voc\u00ea pode ver suas compras recentes, gerenciar seus endere\u00e7os de entrega e faturamento, e editar sua senha e detalhes [&hellip;]<\/p>\n","protected":false},"author":2,"featured_media":0,"parent":0,"menu_order":0,"comment_status":"closed","ping_status":"closed","template":"elementor_header_footer","meta":{"_joinchat":[],"footnotes":""},"class_list":["post-18","page","type-page","status-publish","hentry"],"_links":{"self":[{"href":"https:\/\/demonstracao.usinadotemplate.com.br\/hoteisepousadas\/wp-json\/wp\/v2\/pages\/18","targetHints":{"allow":["GET"]}}],"collection":[{"href":"https:\/\/demonstracao.usinadotemplate.com.br\/hoteisepousadas\/wp-json\/wp\/v2\/pages"}],"about":[{"href":"https:\/\/demonstracao.usinadotemplate.com.br\/hoteisepousadas\/wp-json\/wp\/v2\/types\/page"}],"author":[{"embeddable":true,"href":"https:\/\/demonstracao.usinadotemplate.com.br\/hoteisepousadas\/wp-json\/wp\/v2\/users\/2"}],"replies":[{"embeddable":true,"href":"https:\/\/demonstracao.usinadotemplate.com.br\/hoteisepousadas\/wp-json\/wp\/v2\/comments?post=18"}],"version-history":[{"count":27,"href":"https:\/\/demonstracao.usinadotemplate.com.br\/hoteisepousadas\/wp-json\/wp\/v2\/pages\/18\/revisions"}],"predecessor-version":[{"id":306,"href":"https:\/\/demonstracao.usinadotemplate.com.br\/hoteisepousadas\/wp-json\/wp\/v2\/pages\/18\/revisions\/306"}],"wp:attachment":[{"href":"https:\/\/demonstracao.usinadotemplate.com.br\/hoteisepousadas\/wp-json\/wp\/v2\/media?parent=18"}],"curies":[{"name":"wp","href":"https:\/\/api.w.org\/{rel}","templated":true}]}}