{"id":449,"date":"2026-02-03T10:22:18","date_gmt":"2026-02-03T14:22:18","guid":{"rendered":"https:\/\/demonstracao.usinadotemplate.com.br\/igreja2026\/?page_id=449"},"modified":"2026-02-03T11:00:12","modified_gmt":"2026-02-03T15:00:12","slug":"contribuicao","status":"publish","type":"page","link":"https:\/\/demonstracao.usinadotemplate.com.br\/igreja2026\/contribuicao\/","title":{"rendered":"Contribui\u00e7\u00e3o"},"content":{"rendered":"\t\t<div data-elementor-type=\"wp-page\" data-elementor-id=\"449\" class=\"elementor elementor-449\" data-elementor-post-type=\"page\">\n\t\t\t\t\t\t<section class=\"elementor-section elementor-top-section elementor-element elementor-element-12cb331 elementor-section-boxed elementor-section-height-default elementor-section-height-default\" data-id=\"12cb331\" data-element_type=\"section\" data-e-type=\"section\" data-settings=\"{&quot;background_background&quot;:&quot;classic&quot;}\">\n\t\t\t\t\t\t<div class=\"elementor-container elementor-column-gap-default\">\n\t\t\t\t\t<div class=\"elementor-column elementor-col-100 elementor-top-column elementor-element elementor-element-79ce284\" data-id=\"79ce284\" data-element_type=\"column\" data-e-type=\"column\">\n\t\t\t<div class=\"elementor-widget-wrap\">\n\t\t\t\t\t\t\t<\/div>\n\t\t<\/div>\n\t\t\t\t\t<\/div>\n\t\t<\/section>\n\t\t\t\t<section class=\"elementor-section elementor-top-section elementor-element elementor-element-0271958 elementor-section-boxed elementor-section-height-default elementor-section-height-default\" data-id=\"0271958\" data-element_type=\"section\" data-e-type=\"section\">\n\t\t\t\t\t\t<div class=\"elementor-container elementor-column-gap-default\">\n\t\t\t\t\t<div class=\"elementor-column elementor-col-100 elementor-top-column elementor-element elementor-element-6b79dec\" data-id=\"6b79dec\" data-element_type=\"column\" data-e-type=\"column\">\n\t\t\t<div class=\"elementor-widget-wrap elementor-element-populated\">\n\t\t\t\t\t\t<div class=\"elementor-element elementor-element-cbb3586 elementor-widget elementor-widget-heading\" data-id=\"cbb3586\" data-element_type=\"widget\" data-e-type=\"widget\" data-widget_type=\"heading.default\">\n\t\t\t\t\t<h2 class=\"elementor-heading-title elementor-size-default\">Contribua<\/h2>\t\t\t\t<\/div>\n\t\t\t\t<div class=\"elementor-element elementor-element-a65bd97 elementor-widget__width-initial elementor-widget elementor-widget-heading\" data-id=\"a65bd97\" data-element_type=\"widget\" data-e-type=\"widget\" data-widget_type=\"heading.default\">\n\t\t\t\t\t<h2 class=\"elementor-heading-title elementor-size-default\">para o avan\u00e7o do\nReino de Deus<\/h2>\t\t\t\t<\/div>\n\t\t\t\t<div class=\"elementor-element elementor-element-c9b972f elementor-widget__width-initial elementor-widget elementor-widget-text-editor\" data-id=\"c9b972f\" data-element_type=\"widget\" data-e-type=\"widget\" data-widget_type=\"text-editor.default\">\n\t\t\t\t\t\t\t\t\t<p>Sua contribui\u00e7\u00e3o \u00e9 um ato volunt\u00e1rio, uma decis\u00e3o de amor pela obra de Deus e pelas vidas que podem ser aben\u00e7oadas por meio de nossas a\u00e7\u00f5es e projetos.<\/p>\t\t\t\t\t\t\t\t<\/div>\n\t\t\t\t<div class=\"elementor-element elementor-element-f0c40d8 elementor-align-center elementor-mobile-align-justify elementor-widget elementor-widget-button\" data-id=\"f0c40d8\" data-element_type=\"widget\" data-e-type=\"widget\" data-widget_type=\"button.default\">\n\t\t\t\t\t\t\t\t\t\t<a class=\"elementor-button elementor-button-link elementor-size-sm\" href=\"#\">\n\t\t\t\t\t\t<span class=\"elementor-button-content-wrapper\">\n\t\t\t\t\t\t\t\t\t<span class=\"elementor-button-text\">QUERO OFERTAR<\/span>\n\t\t\t\t\t<\/span>\n\t\t\t\t\t<\/a>\n\t\t\t\t\t\t\t\t<\/div>\n\t\t\t\t\t<\/div>\n\t\t<\/div>\n\t\t\t\t\t<\/div>\n\t\t<\/section>\n\t\t\t\t<section class=\"elementor-section elementor-top-section elementor-element elementor-element-d02b6ed elementor-section-boxed elementor-section-height-default elementor-section-height-default\" data-id=\"d02b6ed\" data-element_type=\"section\" data-e-type=\"section\" data-settings=\"{&quot;background_background&quot;:&quot;classic&quot;}\">\n\t\t\t\t\t\t<div class=\"elementor-container elementor-column-gap-default\">\n\t\t\t\t\t<div class=\"elementor-column elementor-col-50 elementor-top-column elementor-element elementor-element-7cda97d\" data-id=\"7cda97d\" data-element_type=\"column\" data-e-type=\"column\">\n\t\t\t<div class=\"elementor-widget-wrap elementor-element-populated\">\n\t\t\t\t\t\t<div class=\"elementor-element elementor-element-f5de8a3 elementor-widget__width-initial elementor-widget elementor-widget-heading\" data-id=\"f5de8a3\" data-element_type=\"widget\" data-e-type=\"widget\" data-widget_type=\"heading.default\">\n\t\t\t\t\t<h2 class=\"elementor-heading-title elementor-size-default\">Formas de Contribui\u00e7\u00e3o<\/h2>\t\t\t\t<\/div>\n\t\t\t\t\t<\/div>\n\t\t<\/div>\n\t\t\t\t<div class=\"elementor-column elementor-col-50 elementor-top-column elementor-element elementor-element-4a25d4b\" data-id=\"4a25d4b\" data-element_type=\"column\" data-e-type=\"column\">\n\t\t\t<div class=\"elementor-widget-wrap elementor-element-populated\">\n\t\t\t\t\t\t<div class=\"elementor-element elementor-element-110909e elementor-widget elementor-widget-heading\" data-id=\"110909e\" data-element_type=\"widget\" data-e-type=\"widget\" data-widget_type=\"heading.default\">\n\t\t\t\t\t<h2 class=\"elementor-heading-title elementor-size-default\">Dep\u00f3sito banc\u00e1rio<\/h2>\t\t\t\t<\/div>\n\t\t\t\t<div class=\"elementor-element elementor-element-2d8883c elementor-widget elementor-widget-text-editor\" data-id=\"2d8883c\" data-element_type=\"widget\" data-e-type=\"widget\" data-widget_type=\"text-editor.default\">\n\t\t\t\t\t\t\t\t\t<p>CNPJ: 00.000.000\/0001-00<br \/>Banco:\u00a0 &#8211; AG: 0000 &#8211; c\/c: 00000000-1<br \/><br \/><\/p>\t\t\t\t\t\t\t\t<\/div>\n\t\t\t\t<div class=\"elementor-element elementor-element-8a0555a elementor-widget elementor-widget-heading\" data-id=\"8a0555a\" data-element_type=\"widget\" data-e-type=\"widget\" data-widget_type=\"heading.default\">\n\t\t\t\t\t<h2 class=\"elementor-heading-title elementor-size-default\">Pix QR Code<\/h2>\t\t\t\t<\/div>\n\t\t\t\t<div class=\"elementor-element elementor-element-6f9bb46 elementor-widget elementor-widget-image\" data-id=\"6f9bb46\" data-element_type=\"widget\" data-e-type=\"widget\" data-widget_type=\"image.default\">\n\t\t\t\t\t\t\t\t\t\t\t\t\t\t\t<img decoding=\"async\" width=\"186\" height=\"184\" src=\"https:\/\/demonstracao.usinadotemplate.com.br\/igreja2026\/wp-content\/uploads\/2026\/02\/qrcode.fw_.png\" class=\"attachment-full size-full wp-image-484\" alt=\"\" \/>\t\t\t\t\t\t\t\t\t\t\t\t\t\t\t<\/div>\n\t\t\t\t\t<\/div>\n\t\t<\/div>\n\t\t\t\t\t<\/div>\n\t\t<\/section>\n\t\t\t\t<section class=\"elementor-section elementor-top-section elementor-element elementor-element-a1206e3 elementor-section-boxed elementor-section-height-default elementor-section-height-default\" data-id=\"a1206e3\" data-element_type=\"section\" data-e-type=\"section\" data-settings=\"{&quot;background_background&quot;:&quot;classic&quot;}\">\n\t\t\t\t\t\t\t<div class=\"elementor-background-overlay\"><\/div>\n\t\t\t\t\t\t\t<div class=\"elementor-container elementor-column-gap-default\">\n\t\t\t\t\t<div class=\"elementor-column elementor-col-100 elementor-top-column elementor-element elementor-element-03031e2\" data-id=\"03031e2\" data-element_type=\"column\" data-e-type=\"column\">\n\t\t\t<div class=\"elementor-widget-wrap elementor-element-populated\">\n\t\t\t\t\t\t<div class=\"elementor-element elementor-element-9f92e8c elementor-widget elementor-widget-heading\" data-id=\"9f92e8c\" data-element_type=\"widget\" data-e-type=\"widget\" data-widget_type=\"heading.default\">\n\t\t\t\t\t<h2 class=\"elementor-heading-title elementor-size-default\">Estamos empenhados em muitas frentes sociais.\nHonre o Senhor com generosidade e seja um agente de transforma\u00e7\u00e3o<\/h2>\t\t\t\t<\/div>\n\t\t\t\t<div class=\"elementor-element elementor-element-0652b79 elementor-widget elementor-widget-heading\" data-id=\"0652b79\" data-element_type=\"widget\" data-e-type=\"widget\" data-widget_type=\"heading.default\">\n\t\t\t\t\t<h2 class=\"elementor-heading-title elementor-size-default\">+388.375<\/h2>\t\t\t\t<\/div>\n\t\t\t\t<div class=\"elementor-element elementor-element-5d1495c elementor-widget elementor-widget-heading\" data-id=\"5d1495c\" data-element_type=\"widget\" data-e-type=\"widget\" data-widget_type=\"heading.default\">\n\t\t\t\t\t<h2 class=\"elementor-heading-title elementor-size-default\">Pessoas Transformadas atrav\u00e9s dos nossos projetos<\/h2>\t\t\t\t<\/div>\n\t\t\t\t\t<\/div>\n\t\t<\/div>\n\t\t\t\t\t<\/div>\n\t\t<\/section>\n\t\t\t\t<\/div>\n\t\t","protected":false},"excerpt":{"rendered":"<p>Contribua para o avan\u00e7o do Reino de Deus Sua contribui\u00e7\u00e3o \u00e9 um ato volunt\u00e1rio, uma decis\u00e3o de amor pela obra de Deus e pelas vidas que podem ser aben\u00e7oadas por meio de nossas a\u00e7\u00f5es e projetos. QUERO OFERTAR Formas de Contribui\u00e7\u00e3o Dep\u00f3sito banc\u00e1rio CNPJ: 00.000.000\/0001-00Banco:\u00a0 &#8211; AG: 0000 &#8211; c\/c: 00000000-1 Pix QR Code Estamos [&hellip;]<\/p>\n","protected":false},"author":1,"featured_media":0,"parent":0,"menu_order":0,"comment_status":"closed","ping_status":"closed","template":"elementor_header_footer","meta":{"_joinchat":[],"footnotes":""},"class_list":["post-449","page","type-page","status-publish","hentry"],"_links":{"self":[{"href":"https:\/\/demonstracao.usinadotemplate.com.br\/igreja2026\/wp-json\/wp\/v2\/pages\/449","targetHints":{"allow":["GET"]}}],"collection":[{"href":"https:\/\/demonstracao.usinadotemplate.com.br\/igreja2026\/wp-json\/wp\/v2\/pages"}],"about":[{"href":"https:\/\/demonstracao.usinadotemplate.com.br\/igreja2026\/wp-json\/wp\/v2\/types\/page"}],"author":[{"embeddable":true,"href":"https:\/\/demonstracao.usinadotemplate.com.br\/igreja2026\/wp-json\/wp\/v2\/users\/1"}],"replies":[{"embeddable":true,"href":"https:\/\/demonstracao.usinadotemplate.com.br\/igreja2026\/wp-json\/wp\/v2\/comments?post=449"}],"version-history":[{"count":61,"href":"https:\/\/demonstracao.usinadotemplate.com.br\/igreja2026\/wp-json\/wp\/v2\/pages\/449\/revisions"}],"predecessor-version":[{"id":514,"href":"https:\/\/demonstracao.usinadotemplate.com.br\/igreja2026\/wp-json\/wp\/v2\/pages\/449\/revisions\/514"}],"wp:attachment":[{"href":"https:\/\/demonstracao.usinadotemplate.com.br\/igreja2026\/wp-json\/wp\/v2\/media?parent=449"}],"curies":[{"name":"wp","href":"https:\/\/api.w.org\/{rel}","templated":true}]}}