{"id":553,"date":"2026-02-03T14:52:39","date_gmt":"2026-02-03T18:52:39","guid":{"rendered":"https:\/\/demonstracao.usinadotemplate.com.br\/igreja2026\/?page_id=553"},"modified":"2026-02-03T14:58:14","modified_gmt":"2026-02-03T18:58:14","slug":"ministerios","status":"publish","type":"page","link":"https:\/\/demonstracao.usinadotemplate.com.br\/igreja2026\/ministerios\/","title":{"rendered":"Minist\u00e9rios"},"content":{"rendered":"\t\t<div data-elementor-type=\"wp-page\" data-elementor-id=\"553\" class=\"elementor elementor-553\" data-elementor-post-type=\"page\">\n\t\t\t\t\t\t<section class=\"elementor-section elementor-top-section elementor-element elementor-element-57ce6d4 elementor-section-boxed elementor-section-height-default elementor-section-height-default\" data-id=\"57ce6d4\" data-element_type=\"section\" data-e-type=\"section\" data-settings=\"{&quot;background_background&quot;:&quot;classic&quot;}\">\n\t\t\t\t\t\t<div class=\"elementor-container elementor-column-gap-default\">\n\t\t\t\t\t<div class=\"elementor-column elementor-col-100 elementor-top-column elementor-element elementor-element-46ce525\" data-id=\"46ce525\" data-element_type=\"column\" data-e-type=\"column\">\n\t\t\t<div class=\"elementor-widget-wrap\">\n\t\t\t\t\t\t\t<\/div>\n\t\t<\/div>\n\t\t\t\t\t<\/div>\n\t\t<\/section>\n\t\t\t\t<section class=\"elementor-section elementor-top-section elementor-element elementor-element-4f1a0b1 elementor-section-boxed elementor-section-height-default elementor-section-height-default\" data-id=\"4f1a0b1\" data-element_type=\"section\" data-e-type=\"section\">\n\t\t\t\t\t\t<div class=\"elementor-container elementor-column-gap-default\">\n\t\t\t\t\t<div class=\"elementor-column elementor-col-50 elementor-top-column elementor-element elementor-element-1396c1c\" data-id=\"1396c1c\" data-element_type=\"column\" data-e-type=\"column\">\n\t\t\t<div class=\"elementor-widget-wrap elementor-element-populated\">\n\t\t\t\t\t\t<div class=\"elementor-element elementor-element-627f654 elementor-widget elementor-widget-heading\" data-id=\"627f654\" data-element_type=\"widget\" data-e-type=\"widget\" data-widget_type=\"heading.default\">\n\t\t\t\t\t<h2 class=\"elementor-heading-title elementor-size-default\">Servindo com Prop\u00f3sito<\/h2>\t\t\t\t<\/div>\n\t\t\t\t<div class=\"elementor-element elementor-element-ec27bd5 elementor-widget__width-initial elementor-widget elementor-widget-heading\" data-id=\"ec27bd5\" data-element_type=\"widget\" data-e-type=\"widget\" data-widget_type=\"heading.default\">\n\t\t\t\t\t<h2 class=\"elementor-heading-title elementor-size-default\">Servir \u00e9 um reflexo do cora\u00e7\u00e3o de Cristo<\/h2>\t\t\t\t<\/div>\n\t\t\t\t<div class=\"elementor-element elementor-element-bfe7cc7 elementor-widget__width-initial elementor-widget elementor-widget-text-editor\" data-id=\"bfe7cc7\" data-element_type=\"widget\" data-e-type=\"widget\" data-widget_type=\"text-editor.default\">\n\t\t\t\t\t\t\t\t\t<p>&#8220;Portanto, meus amados irm\u00e3os, sede firmes e constantes, sempre abundantes na obra do Senhor, sabendo que o vosso trabalho n\u00e3o \u00e9 v\u00e3o no Senhor.&#8221; \u2013 1 Cor\u00edntios 15:58<\/p>\t\t\t\t\t\t\t\t<\/div>\n\t\t\t\t\t<\/div>\n\t\t<\/div>\n\t\t\t\t<div class=\"elementor-column elementor-col-50 elementor-top-column elementor-element elementor-element-ce298f0\" data-id=\"ce298f0\" data-element_type=\"column\" data-e-type=\"column\">\n\t\t\t<div class=\"elementor-widget-wrap elementor-element-populated\">\n\t\t\t\t\t\t<div class=\"elementor-element elementor-element-93f6e2f elementor-widget elementor-widget-image\" data-id=\"93f6e2f\" data-element_type=\"widget\" data-e-type=\"widget\" data-widget_type=\"image.default\">\n\t\t\t\t\t\t\t\t\t\t\t\t\t\t\t<img fetchpriority=\"high\" decoding=\"async\" width=\"812\" height=\"552\" src=\"https:\/\/demonstracao.usinadotemplate.com.br\/igreja2026\/wp-content\/uploads\/2026\/02\/ministerios.fw_.png\" class=\"attachment-full size-full wp-image-564\" alt=\"\" srcset=\"https:\/\/demonstracao.usinadotemplate.com.br\/igreja2026\/wp-content\/uploads\/2026\/02\/ministerios.fw_.png 812w, https:\/\/demonstracao.usinadotemplate.com.br\/igreja2026\/wp-content\/uploads\/2026\/02\/ministerios.fw_-300x204.png 300w, https:\/\/demonstracao.usinadotemplate.com.br\/igreja2026\/wp-content\/uploads\/2026\/02\/ministerios.fw_-768x522.png 768w\" sizes=\"(max-width: 812px) 100vw, 812px\" \/>\t\t\t\t\t\t\t\t\t\t\t\t\t\t\t<\/div>\n\t\t\t\t\t<\/div>\n\t\t<\/div>\n\t\t\t\t\t<\/div>\n\t\t<\/section>\n\t\t\t\t<section class=\"elementor-section elementor-top-section elementor-element elementor-element-6dcd400 elementor-section-boxed elementor-section-height-default elementor-section-height-default\" data-id=\"6dcd400\" data-element_type=\"section\" data-e-type=\"section\" data-settings=\"{&quot;background_background&quot;:&quot;classic&quot;}\">\n\t\t\t\t\t\t<div class=\"elementor-container elementor-column-gap-default\">\n\t\t\t\t\t<div class=\"elementor-column elementor-col-50 elementor-top-column elementor-element elementor-element-662dab0\" data-id=\"662dab0\" data-element_type=\"column\" data-e-type=\"column\">\n\t\t\t<div class=\"elementor-widget-wrap elementor-element-populated\">\n\t\t\t\t\t\t<div class=\"elementor-element elementor-element-479f196 elementor-widget__width-initial elementor-widget-mobile__width-initial elementor-widget elementor-widget-heading\" data-id=\"479f196\" data-element_type=\"widget\" data-e-type=\"widget\" data-widget_type=\"heading.default\">\n\t\t\t\t\t<h2 class=\"elementor-heading-title elementor-size-default\">Quer servir em um minist\u00e9rio?<\/h2>\t\t\t\t<\/div>\n\t\t\t\t<div class=\"elementor-element elementor-element-b0ad2b6 elementor-widget__width-initial elementor-widget elementor-widget-text-editor\" data-id=\"b0ad2b6\" data-element_type=\"widget\" data-e-type=\"widget\" data-widget_type=\"text-editor.default\">\n\t\t\t\t\t\t\t\t\t<p>Minist\u00e9rios s\u00e3o oportunidades de servir a Deus e \u00e0 comunidade, usando seus dons e talentos para fazer a diferen\u00e7a. Venha fazer parte!<\/p>\t\t\t\t\t\t\t\t<\/div>\n\t\t\t\t<div class=\"elementor-element elementor-element-f19558f elementor-align-left elementor-mobile-align-justify elementor-widget elementor-widget-button\" data-id=\"f19558f\" data-element_type=\"widget\" data-e-type=\"widget\" data-widget_type=\"button.default\">\n\t\t\t\t\t\t\t\t\t\t<a class=\"elementor-button elementor-button-link elementor-size-sm\" href=\"#\">\n\t\t\t\t\t\t<span class=\"elementor-button-content-wrapper\">\n\t\t\t\t\t\t\t\t\t<span class=\"elementor-button-text\">QUERO SERVIR<\/span>\n\t\t\t\t\t<\/span>\n\t\t\t\t\t<\/a>\n\t\t\t\t\t\t\t\t<\/div>\n\t\t\t\t\t<\/div>\n\t\t<\/div>\n\t\t\t\t<div class=\"elementor-column elementor-col-50 elementor-top-column elementor-element elementor-element-b44cd8d\" data-id=\"b44cd8d\" data-element_type=\"column\" data-e-type=\"column\">\n\t\t\t<div class=\"elementor-widget-wrap elementor-element-populated\">\n\t\t\t\t\t\t<div class=\"elementor-element elementor-element-09e1158 elementor-widget elementor-widget-image\" data-id=\"09e1158\" data-element_type=\"widget\" data-e-type=\"widget\" data-widget_type=\"image.default\">\n\t\t\t\t\t\t\t\t\t\t\t\t\t\t\t<img decoding=\"async\" width=\"800\" height=\"534\" src=\"https:\/\/demonstracao.usinadotemplate.com.br\/igreja2026\/wp-content\/uploads\/2026\/02\/ilustracao-1024x683.png\" class=\"attachment-large size-large wp-image-254\" alt=\"\" srcset=\"https:\/\/demonstracao.usinadotemplate.com.br\/igreja2026\/wp-content\/uploads\/2026\/02\/ilustracao-1024x683.png 1024w, https:\/\/demonstracao.usinadotemplate.com.br\/igreja2026\/wp-content\/uploads\/2026\/02\/ilustracao-300x200.png 300w, https:\/\/demonstracao.usinadotemplate.com.br\/igreja2026\/wp-content\/uploads\/2026\/02\/ilustracao-768x512.png 768w, https:\/\/demonstracao.usinadotemplate.com.br\/igreja2026\/wp-content\/uploads\/2026\/02\/ilustracao.png 1536w\" sizes=\"(max-width: 800px) 100vw, 800px\" \/>\t\t\t\t\t\t\t\t\t\t\t\t\t\t\t<\/div>\n\t\t\t\t\t<\/div>\n\t\t<\/div>\n\t\t\t\t\t<\/div>\n\t\t<\/section>\n\t\t\t\t<\/div>\n\t\t","protected":false},"excerpt":{"rendered":"<p>Servindo com Prop\u00f3sito Servir \u00e9 um reflexo do cora\u00e7\u00e3o de Cristo &#8220;Portanto, meus amados irm\u00e3os, sede firmes e constantes, sempre abundantes na obra do Senhor, sabendo que o vosso trabalho n\u00e3o \u00e9 v\u00e3o no Senhor.&#8221; \u2013 1 Cor\u00edntios 15:58 Quer servir em um minist\u00e9rio? Minist\u00e9rios s\u00e3o oportunidades de servir a Deus e \u00e0 comunidade, usando [&hellip;]<\/p>\n","protected":false},"author":1,"featured_media":0,"parent":0,"menu_order":0,"comment_status":"closed","ping_status":"closed","template":"elementor_header_footer","meta":{"_joinchat":[],"footnotes":""},"class_list":["post-553","page","type-page","status-publish","hentry"],"_links":{"self":[{"href":"https:\/\/demonstracao.usinadotemplate.com.br\/igreja2026\/wp-json\/wp\/v2\/pages\/553","targetHints":{"allow":["GET"]}}],"collection":[{"href":"https:\/\/demonstracao.usinadotemplate.com.br\/igreja2026\/wp-json\/wp\/v2\/pages"}],"about":[{"href":"https:\/\/demonstracao.usinadotemplate.com.br\/igreja2026\/wp-json\/wp\/v2\/types\/page"}],"author":[{"embeddable":true,"href":"https:\/\/demonstracao.usinadotemplate.com.br\/igreja2026\/wp-json\/wp\/v2\/users\/1"}],"replies":[{"embeddable":true,"href":"https:\/\/demonstracao.usinadotemplate.com.br\/igreja2026\/wp-json\/wp\/v2\/comments?post=553"}],"version-history":[{"count":25,"href":"https:\/\/demonstracao.usinadotemplate.com.br\/igreja2026\/wp-json\/wp\/v2\/pages\/553\/revisions"}],"predecessor-version":[{"id":585,"href":"https:\/\/demonstracao.usinadotemplate.com.br\/igreja2026\/wp-json\/wp\/v2\/pages\/553\/revisions\/585"}],"wp:attachment":[{"href":"https:\/\/demonstracao.usinadotemplate.com.br\/igreja2026\/wp-json\/wp\/v2\/media?parent=553"}],"curies":[{"name":"wp","href":"https:\/\/api.w.org\/{rel}","templated":true}]}}