{"id":188,"date":"2025-12-08T23:29:26","date_gmt":"2025-12-09T00:29:26","guid":{"rendered":"https:\/\/demonstracao.usinadotemplate.com.br\/lojadigital\/?post_type=product&#038;p=188"},"modified":"2025-12-08T23:30:48","modified_gmt":"2025-12-09T00:30:48","slug":"album-meu-primeiro-ano-produto-digital","status":"publish","type":"product","link":"https:\/\/demonstracao.usinadotemplate.com.br\/lojadigital\/produto\/album-meu-primeiro-ano-produto-digital\/","title":{"rendered":"\u00c1lbum MEU PRIMEIRO ANO &#8211; PRODUTO DIGITAL"},"content":{"rendered":"<p>MEU PRIMEIRO ANO &#8211; PRODUTO DIGITAL<\/p>\n<p>A chegada de um beb\u00ea muda toda nossa vida. Mas acredite: o primeiro ano passado muito r\u00e1pido. Por isso \u00e9 importante registrar todos os momentos deste primeiro ano. Pensando nisso criamos o \u00e1lbum MEU PRIMEIRO ANO, com espa\u00e7os para registrar v\u00e1rios destes momentos..PRODUTO DIGITAL. N\u00e3o enviamos PRODUTO F\u00cdSICO neste item. N\u00e3o acompanha arte da capa<\/p>\n<p>&#8211; Tamanho A4 HORIZONTAL (29,7x21cm)<br \/>\n&#8211; Quantidade de p\u00e1ginas: 44<\/p>\n<p>Descritivo:<\/p>\n<p>&#8211; Dados do nascimento<br \/>\n&#8211; lembrancinha de maternidade<br \/>\n&#8211; \u00c1rvore geneal\u00f3gica<br \/>\n&#8211; Primeiro banho<br \/>\n&#8211; Ida para casa<br \/>\n&#8211; Fotos dos pais, av\u00f3s, pediatra, amigos&#8230;<br \/>\n&#8211; Fotos de dias especiais, como Dia das M\u00e3es, Pais, Pascoa&#8230;<br \/>\n&#8211; Fotos m\u00eas a m\u00eas<\/p>\n","protected":false},"excerpt":{"rendered":"<p>A chegada de um beb\u00ea muda toda nossa vida. Mas acredite: o primeiro ano passado muito r\u00e1pido.<\/p>\n","protected":false},"featured_media":191,"comment_status":"open","ping_status":"closed","template":"","meta":{"_joinchat":[]},"product_brand":[],"product_cat":[15],"product_tag":[],"class_list":{"0":"post-188","1":"product","2":"type-product","3":"status-publish","4":"has-post-thumbnail","6":"product_cat-album-do-bebe","8":"first","9":"instock","10":"downloadable","11":"virtual","12":"purchasable","13":"product-type-simple"},"_links":{"self":[{"href":"https:\/\/demonstracao.usinadotemplate.com.br\/lojadigital\/wp-json\/wp\/v2\/product\/188","targetHints":{"allow":["GET"]}}],"collection":[{"href":"https:\/\/demonstracao.usinadotemplate.com.br\/lojadigital\/wp-json\/wp\/v2\/product"}],"about":[{"href":"https:\/\/demonstracao.usinadotemplate.com.br\/lojadigital\/wp-json\/wp\/v2\/types\/product"}],"replies":[{"embeddable":true,"href":"https:\/\/demonstracao.usinadotemplate.com.br\/lojadigital\/wp-json\/wp\/v2\/comments?post=188"}],"wp:featuredmedia":[{"embeddable":true,"href":"https:\/\/demonstracao.usinadotemplate.com.br\/lojadigital\/wp-json\/wp\/v2\/media\/191"}],"wp:attachment":[{"href":"https:\/\/demonstracao.usinadotemplate.com.br\/lojadigital\/wp-json\/wp\/v2\/media?parent=188"}],"wp:term":[{"taxonomy":"product_brand","embeddable":true,"href":"https:\/\/demonstracao.usinadotemplate.com.br\/lojadigital\/wp-json\/wp\/v2\/product_brand?post=188"},{"taxonomy":"product_cat","embeddable":true,"href":"https:\/\/demonstracao.usinadotemplate.com.br\/lojadigital\/wp-json\/wp\/v2\/product_cat?post=188"},{"taxonomy":"product_tag","embeddable":true,"href":"https:\/\/demonstracao.usinadotemplate.com.br\/lojadigital\/wp-json\/wp\/v2\/product_tag?post=188"}],"curies":[{"name":"wp","href":"https:\/\/api.w.org\/{rel}","templated":true}]}}