{"id":192,"date":"2025-12-08T23:32:58","date_gmt":"2025-12-09T00:32:58","guid":{"rendered":"https:\/\/demonstracao.usinadotemplate.com.br\/lojadigital\/?post_type=product&#038;p=192"},"modified":"2025-12-08T23:33:22","modified_gmt":"2025-12-09T00:33:22","slug":"convite-digital-turma-do-folclore","status":"publish","type":"product","link":"https:\/\/demonstracao.usinadotemplate.com.br\/lojadigital\/produto\/convite-digital-turma-do-folclore\/","title":{"rendered":"Convite Digital Turma do Folclore"},"content":{"rendered":"<p>Convite Digital e imprin\u00edvel Turma do Folclore<\/p>\n<p>Este produto \u00e9 DIGITAL!<\/p>\n<p>Voc\u00ea receber\u00e1 2 arquivos:<br \/>\n1 modelo de convite tam. 9,5&#215;13,5 cm personalizado no formato JPEG em A4<br \/>\ncom 4 convites prontinho para impress\u00e3o em casa\/gr\u00e1fica + JPG em alta resolu\u00e7\u00e3o para para enviar via WhatsApp, redes sociais, etc.<\/p>\n<p>Prazo de cria\u00e7\u00e3o: at\u00e9 72 horas \u00fateis ap\u00f3s a confirma\u00e7\u00e3o do pagamento<\/p>\n<p>IMPORTANTE<br \/>\nTroca de cores, fontes e layout<\/p>\n<p>O valor refere-se ao produto do jeitinho que est\u00e1 na imagem, com a altera\u00e7\u00e3o APENAS, do nome, idade, data e endere\u00e7o:<br \/>\nCaso queira altera\u00e7\u00e3o de cores, fontes e layout, entre em contato ANTES DE EFETUAR A COMPRA, explicando certinho quais as mudan\u00e7as desejadas para saber se \u00e9 poss\u00edvel, e qual ser\u00e1 o ajuste no valor.<br \/>\nEstamos dispon\u00edveis para qualquer d\u00favida!<\/p>\n<p>1 compra = 1 modelo de convite. Se quiser 2 modelos com pequenas altera\u00e7\u00f5es no texto, como datas diferentes, hor\u00e1rios diferentes, etc., h\u00e1 uma taxa de 50% por arte adicional&#8230;<\/p>\n<p>O que voc\u00ea precisa saber&#8230;<\/p>\n<p>1- Compre este item \ud83d\ude42<br \/>\n2- Use o bot\u00e3o &#8220;Adicionar Observa\u00e7\u00e3o&#8221; e n\u00e3o esque\u00e7a de colocar nome, idade, data e endere\u00e7o, s\u00f3 come\u00e7amos a confec\u00e7\u00e3o ap\u00f3s esses dados forem enviados para n\u00f3s<br \/>\n4- Em at\u00e9 72h (\u00fateis), enviaremos uma prova do convite para seu email de cadastro aqui no Elo7.<br \/>\n\u00c9 bom dar olhadinha se seu email est\u00e1 correto, se demorar para receber a prova, d\u00ea uma verificada na sua caixa de SPAM que, com certeza, est\u00e1 l\u00e1!<br \/>\nMas se n\u00e3o estiver, entre em contato conosco que enviaremos novamente, t\u00e1?<br \/>\n5- Assim que for aprovado lhe enviaremos os arquivos prontinhos para impress\u00e3o em at\u00e9 24 horas<br \/>\n6- Imprima seu convite em casa mesmo ou gr\u00e1fica<\/p>\n<p>Este produto \u00e9 100% digital , ou seja, n\u00e3o enviaremos material algum pelos correios!<br \/>\nA entrega \u00e9 feita via download, voc\u00ea receber\u00e1 convite via e-mail em at\u00e9 24h (\u00fateis) ap\u00f3s a aprova\u00e7\u00e3o da arte.<\/p>\n<p>Nosso Hor\u00e1rio de Atendimento:<\/p>\n<p>Seg-Sex das 9h00 \u00e0s 18h00<br \/>\nS\u00e1b, Dom e feriados &#8211; FECHADO<br \/>\nMandou mensagem fora do nosso hor\u00e1rio de funcionamento e n\u00e3o teve um breve retorno? N\u00e3o fique triste, assim que retornarmos estaremos tirando todas as<br \/>\nsuas d\u00favidas e lhe dando total aten\u00e7\u00e3o!<\/p>\n","protected":false},"excerpt":{"rendered":"<p>1 modelo de convite tam. 9,5&#215;13,5 cm personalizado no formato JPEG em A4<\/p>\n","protected":false},"featured_media":193,"comment_status":"open","ping_status":"closed","template":"","meta":{"_joinchat":[]},"product_brand":[],"product_cat":[16],"product_tag":[],"class_list":{"0":"post-192","1":"product","2":"type-product","3":"status-publish","4":"has-post-thumbnail","6":"product_cat-convites","8":"first","9":"instock","10":"downloadable","11":"virtual","12":"purchasable","13":"product-type-simple"},"_links":{"self":[{"href":"https:\/\/demonstracao.usinadotemplate.com.br\/lojadigital\/wp-json\/wp\/v2\/product\/192","targetHints":{"allow":["GET"]}}],"collection":[{"href":"https:\/\/demonstracao.usinadotemplate.com.br\/lojadigital\/wp-json\/wp\/v2\/product"}],"about":[{"href":"https:\/\/demonstracao.usinadotemplate.com.br\/lojadigital\/wp-json\/wp\/v2\/types\/product"}],"replies":[{"embeddable":true,"href":"https:\/\/demonstracao.usinadotemplate.com.br\/lojadigital\/wp-json\/wp\/v2\/comments?post=192"}],"wp:featuredmedia":[{"embeddable":true,"href":"https:\/\/demonstracao.usinadotemplate.com.br\/lojadigital\/wp-json\/wp\/v2\/media\/193"}],"wp:attachment":[{"href":"https:\/\/demonstracao.usinadotemplate.com.br\/lojadigital\/wp-json\/wp\/v2\/media?parent=192"}],"wp:term":[{"taxonomy":"product_brand","embeddable":true,"href":"https:\/\/demonstracao.usinadotemplate.com.br\/lojadigital\/wp-json\/wp\/v2\/product_brand?post=192"},{"taxonomy":"product_cat","embeddable":true,"href":"https:\/\/demonstracao.usinadotemplate.com.br\/lojadigital\/wp-json\/wp\/v2\/product_cat?post=192"},{"taxonomy":"product_tag","embeddable":true,"href":"https:\/\/demonstracao.usinadotemplate.com.br\/lojadigital\/wp-json\/wp\/v2\/product_tag?post=192"}],"curies":[{"name":"wp","href":"https:\/\/api.w.org\/{rel}","templated":true}]}}