{"id":339,"date":"2023-06-14T01:39:15","date_gmt":"2023-06-14T01:39:15","guid":{"rendered":"https:\/\/demonstracao.usinadotemplate.com.br\/serralheria\/?page_id=339"},"modified":"2023-06-14T21:14:48","modified_gmt":"2023-06-14T21:14:48","slug":"sobre","status":"publish","type":"page","link":"https:\/\/demonstracao.usinadotemplate.com.br\/serralheria\/sobre\/","title":{"rendered":"Sobre"},"content":{"rendered":"\t\t<div data-elementor-type=\"wp-page\" data-elementor-id=\"339\" class=\"elementor elementor-339\">\n\t\t\t\t\t\t<section class=\"elementor-section elementor-top-section elementor-element elementor-element-c9ffaa1 elementor-section-boxed elementor-section-height-default elementor-section-height-default\" data-id=\"c9ffaa1\" data-element_type=\"section\" data-settings=\"{&quot;background_background&quot;:&quot;classic&quot;}\">\n\t\t\t\t\t\t<div class=\"elementor-container elementor-column-gap-default\">\n\t\t\t\t\t<div class=\"elementor-column elementor-col-100 elementor-top-column elementor-element elementor-element-17ef0fe\" data-id=\"17ef0fe\" data-element_type=\"column\">\n\t\t\t<div class=\"elementor-widget-wrap elementor-element-populated\">\n\t\t\t\t\t\t<div class=\"elementor-element elementor-element-b22eb3d elementor-widget elementor-widget-heading\" data-id=\"b22eb3d\" data-element_type=\"widget\" data-widget_type=\"heading.default\">\n\t\t\t\t<div class=\"elementor-widget-container\">\n\t\t\t<style>\/*! elementor - v3.21.0 - 08-05-2024 *\/\n.elementor-heading-title{padding:0;margin:0;line-height:1}.elementor-widget-heading .elementor-heading-title[class*=elementor-size-]>a{color:inherit;font-size:inherit;line-height:inherit}.elementor-widget-heading .elementor-heading-title.elementor-size-small{font-size:15px}.elementor-widget-heading .elementor-heading-title.elementor-size-medium{font-size:19px}.elementor-widget-heading .elementor-heading-title.elementor-size-large{font-size:29px}.elementor-widget-heading .elementor-heading-title.elementor-size-xl{font-size:39px}.elementor-widget-heading .elementor-heading-title.elementor-size-xxl{font-size:59px}<\/style><h2 class=\"elementor-heading-title elementor-size-default\">Sobre N\u00f3s<\/h2>\t\t<\/div>\n\t\t\t\t<\/div>\n\t\t\t\t\t<\/div>\n\t\t<\/div>\n\t\t\t\t\t<\/div>\n\t\t<\/section>\n\t\t\t\t<section class=\"elementor-section elementor-top-section elementor-element elementor-element-fdf4920 elementor-section-boxed elementor-section-height-default elementor-section-height-default\" data-id=\"fdf4920\" data-element_type=\"section\">\n\t\t\t\t\t\t<div class=\"elementor-container elementor-column-gap-default\">\n\t\t\t\t\t<div class=\"elementor-column elementor-col-50 elementor-top-column elementor-element elementor-element-ddf7d69\" data-id=\"ddf7d69\" data-element_type=\"column\">\n\t\t\t<div class=\"elementor-widget-wrap elementor-element-populated\">\n\t\t\t\t\t\t<div class=\"elementor-element elementor-element-c38982b elementor-widget elementor-widget-text-editor\" data-id=\"c38982b\" data-element_type=\"widget\" data-widget_type=\"text-editor.default\">\n\t\t\t\t<div class=\"elementor-widget-container\">\n\t\t\t<style>\/*! elementor - v3.21.0 - 08-05-2024 *\/\n.elementor-widget-text-editor.elementor-drop-cap-view-stacked .elementor-drop-cap{background-color:#69727d;color:#fff}.elementor-widget-text-editor.elementor-drop-cap-view-framed .elementor-drop-cap{color:#69727d;border:3px solid;background-color:transparent}.elementor-widget-text-editor:not(.elementor-drop-cap-view-default) .elementor-drop-cap{margin-top:8px}.elementor-widget-text-editor:not(.elementor-drop-cap-view-default) .elementor-drop-cap-letter{width:1em;height:1em}.elementor-widget-text-editor .elementor-drop-cap{float:left;text-align:center;line-height:1;font-size:50px}.elementor-widget-text-editor .elementor-drop-cap-letter{display:inline-block}<\/style>\t\t\t\t<p>Com o conhecimento passado de gera\u00e7\u00e3o a gera\u00e7\u00e3o, nossas pe\u00e7as s\u00e3o criadas por uma\u00a0<b>equipe experiente<\/b>\u00a0que preza pela m\u00e1xima qualidade em\u00a0<b>serralheria<\/b>.<\/p>\n<p>Do atendimento diferenciado de nossos consultores, \u00e0s m\u00e3os firmes dos serralheiros, a Serralheria trabalha para <b>lapidar a sua ideia em arte<\/b>.<\/p>\n<p><strong>Miss\u00e3o<\/p>\n<p>Oferecer a\u00a0<b>melhor solu\u00e7\u00e3o<\/b>\u00a0aos nossos clientes, com m\u00e1xima qualidade e dedica\u00e7\u00e3o em toda a jornada.<\/strong><\/p>\n\t\t\t\t\t\t<\/div>\n\t\t\t\t<\/div>\n\t\t\t\t\t<\/div>\n\t\t<\/div>\n\t\t\t\t<div class=\"elementor-column elementor-col-50 elementor-top-column elementor-element elementor-element-0802476\" data-id=\"0802476\" data-element_type=\"column\">\n\t\t\t<div class=\"elementor-widget-wrap elementor-element-populated\">\n\t\t\t\t\t\t<div class=\"elementor-element elementor-element-33c92b8 elementor-widget elementor-widget-image\" data-id=\"33c92b8\" data-element_type=\"widget\" data-widget_type=\"image.default\">\n\t\t\t\t<div class=\"elementor-widget-container\">\n\t\t\t<style>\/*! elementor - v3.21.0 - 08-05-2024 *\/\n.elementor-widget-image{text-align:center}.elementor-widget-image a{display:inline-block}.elementor-widget-image a img[src$=\".svg\"]{width:48px}.elementor-widget-image img{vertical-align:middle;display:inline-block}<\/style>\t\t\t\t\t\t\t\t\t\t<img fetchpriority=\"high\" decoding=\"async\" width=\"800\" height=\"600\" src=\"https:\/\/demonstracao.usinadotemplate.com.br\/serralheria\/wp-content\/uploads\/2023\/06\/serralheiro-1024x768.webp\" class=\"attachment-large size-large wp-image-947\" alt=\"\" srcset=\"https:\/\/demonstracao.usinadotemplate.com.br\/serralheria\/wp-content\/uploads\/2023\/06\/serralheiro-1024x768.webp 1024w, https:\/\/demonstracao.usinadotemplate.com.br\/serralheria\/wp-content\/uploads\/2023\/06\/serralheiro-300x225.webp 300w, https:\/\/demonstracao.usinadotemplate.com.br\/serralheria\/wp-content\/uploads\/2023\/06\/serralheiro-768x576.webp 768w, https:\/\/demonstracao.usinadotemplate.com.br\/serralheria\/wp-content\/uploads\/2023\/06\/serralheiro.webp 1440w\" sizes=\"(max-width: 800px) 100vw, 800px\" \/>\t\t\t\t\t\t\t\t\t\t\t\t\t<\/div>\n\t\t\t\t<\/div>\n\t\t\t\t\t<\/div>\n\t\t<\/div>\n\t\t\t\t\t<\/div>\n\t\t<\/section>\n\t\t\t\t<section class=\"elementor-section elementor-inner-section elementor-element elementor-element-497fe131 elementor-section-boxed elementor-section-height-default elementor-section-height-default\" data-id=\"497fe131\" data-element_type=\"section\">\n\t\t\t\t\t\t<div class=\"elementor-container elementor-column-gap-default\">\n\t\t\t\t\t<div class=\"elementor-column elementor-col-100 elementor-inner-column elementor-element elementor-element-23739225\" data-id=\"23739225\" data-element_type=\"column\">\n\t\t\t<div class=\"elementor-widget-wrap elementor-element-populated\">\n\t\t\t\t\t\t<div class=\"elementor-element elementor-element-3c67a43 elementor-widget elementor-widget-heading\" data-id=\"3c67a43\" data-element_type=\"widget\" data-widget_type=\"heading.default\">\n\t\t\t\t<div class=\"elementor-widget-container\">\n\t\t\t<h2 class=\"elementor-heading-title elementor-size-default\">Minhas Especialidades<\/h2>\t\t<\/div>\n\t\t\t\t<\/div>\n\t\t\t\t<div class=\"elementor-element elementor-element-1db7615f elementor-posts__hover-none elementor-grid-3 elementor-grid-tablet-2 elementor-grid-mobile-1 elementor-posts--thumbnail-top elementor-card-shadow-yes load-more-align-center elementor-widget elementor-widget-posts\" data-id=\"1db7615f\" data-element_type=\"widget\" data-settings=\"{&quot;cards_row_gap&quot;:{&quot;unit&quot;:&quot;px&quot;,&quot;size&quot;:17,&quot;sizes&quot;:[]},&quot;pagination_type&quot;:&quot;load_more_on_click&quot;,&quot;cards_columns&quot;:&quot;3&quot;,&quot;cards_columns_tablet&quot;:&quot;2&quot;,&quot;cards_columns_mobile&quot;:&quot;1&quot;,&quot;cards_row_gap_tablet&quot;:{&quot;unit&quot;:&quot;px&quot;,&quot;size&quot;:&quot;&quot;,&quot;sizes&quot;:[]},&quot;cards_row_gap_mobile&quot;:{&quot;unit&quot;:&quot;px&quot;,&quot;size&quot;:&quot;&quot;,&quot;sizes&quot;:[]},&quot;load_more_spinner&quot;:{&quot;value&quot;:&quot;fas fa-spinner&quot;,&quot;library&quot;:&quot;fa-solid&quot;}}\" data-widget_type=\"posts.cards\">\n\t\t\t\t<div class=\"elementor-widget-container\">\n\t\t\t<link rel=\"stylesheet\" href=\"https:\/\/demonstracao.usinadotemplate.com.br\/serralheria\/wp-content\/plugins\/elementor-pro\/assets\/css\/widget-posts.min.css\">\t\t<div class=\"elementor-posts-container elementor-posts elementor-posts--skin-cards elementor-grid\">\n\t\t\t\t<article class=\"elementor-post elementor-grid-item post-602 post type-post status-publish format-standard has-post-thumbnail hentry category-area-de-atuacao\">\n\t\t\t<div class=\"elementor-post__card\">\n\t\t\t\t<a class=\"elementor-post__thumbnail__link\" href=\"https:\/\/demonstracao.usinadotemplate.com.br\/serralheria\/nutricao-simples-e-descomplicada\/\" ><div class=\"elementor-post__thumbnail\"><img decoding=\"async\" width=\"600\" height=\"480\" src=\"https:\/\/demonstracao.usinadotemplate.com.br\/serralheria\/wp-content\/uploads\/2023\/06\/thumbnail-3.jpeg\" class=\"elementor-animation-pop attachment-full size-full wp-image-603\" alt=\"\" srcset=\"https:\/\/demonstracao.usinadotemplate.com.br\/serralheria\/wp-content\/uploads\/2023\/06\/thumbnail-3.jpeg 600w, https:\/\/demonstracao.usinadotemplate.com.br\/serralheria\/wp-content\/uploads\/2023\/06\/thumbnail-3-300x240.jpeg 300w\" sizes=\"(max-width: 600px) 100vw, 600px\" \/><\/div><\/a>\n\t\t\t\t<div class=\"elementor-post__text\">\n\t\t\t\t<h3 class=\"elementor-post__title\">\n\t\t\t<a href=\"https:\/\/demonstracao.usinadotemplate.com.br\/serralheria\/nutricao-simples-e-descomplicada\/\" >\n\t\t\t\tNutri\u00e7\u00e3o simples e descomplicada\t\t\t<\/a>\n\t\t<\/h3>\n\t\t\t\t<\/div>\n\t\t\t\t\t<\/div>\n\t\t<\/article>\n\t\t\t\t<article class=\"elementor-post elementor-grid-item post-596 post type-post status-publish format-standard has-post-thumbnail hentry category-area-de-atuacao\">\n\t\t\t<div class=\"elementor-post__card\">\n\t\t\t\t<a class=\"elementor-post__thumbnail__link\" href=\"https:\/\/demonstracao.usinadotemplate.com.br\/serralheria\/orientacao-nutricional\/\" ><div class=\"elementor-post__thumbnail\"><img decoding=\"async\" width=\"600\" height=\"480\" src=\"https:\/\/demonstracao.usinadotemplate.com.br\/serralheria\/wp-content\/uploads\/2023\/06\/thumbnail-2.jpeg\" class=\"elementor-animation-pop attachment-full size-full wp-image-597\" alt=\"\" srcset=\"https:\/\/demonstracao.usinadotemplate.com.br\/serralheria\/wp-content\/uploads\/2023\/06\/thumbnail-2.jpeg 600w, https:\/\/demonstracao.usinadotemplate.com.br\/serralheria\/wp-content\/uploads\/2023\/06\/thumbnail-2-300x240.jpeg 300w\" sizes=\"(max-width: 600px) 100vw, 600px\" \/><\/div><\/a>\n\t\t\t\t<div class=\"elementor-post__text\">\n\t\t\t\t<h3 class=\"elementor-post__title\">\n\t\t\t<a href=\"https:\/\/demonstracao.usinadotemplate.com.br\/serralheria\/orientacao-nutricional\/\" >\n\t\t\t\tOrienta\u00e7\u00e3o Nutricional\t\t\t<\/a>\n\t\t<\/h3>\n\t\t\t\t<\/div>\n\t\t\t\t\t<\/div>\n\t\t<\/article>\n\t\t\t\t<article class=\"elementor-post elementor-grid-item post-592 post type-post status-publish format-standard has-post-thumbnail hentry category-area-de-atuacao\">\n\t\t\t<div class=\"elementor-post__card\">\n\t\t\t\t<a class=\"elementor-post__thumbnail__link\" href=\"https:\/\/demonstracao.usinadotemplate.com.br\/serralheria\/plano-alimentar-personalizado\/\" ><div class=\"elementor-post__thumbnail\"><img loading=\"lazy\" decoding=\"async\" width=\"800\" height=\"600\" src=\"https:\/\/demonstracao.usinadotemplate.com.br\/serralheria\/wp-content\/uploads\/2023\/06\/thumbnail-1-1.jpeg\" class=\"elementor-animation-pop attachment-full size-full wp-image-595\" alt=\"\" srcset=\"https:\/\/demonstracao.usinadotemplate.com.br\/serralheria\/wp-content\/uploads\/2023\/06\/thumbnail-1-1.jpeg 800w, https:\/\/demonstracao.usinadotemplate.com.br\/serralheria\/wp-content\/uploads\/2023\/06\/thumbnail-1-1-300x225.jpeg 300w, https:\/\/demonstracao.usinadotemplate.com.br\/serralheria\/wp-content\/uploads\/2023\/06\/thumbnail-1-1-768x576.jpeg 768w\" sizes=\"(max-width: 800px) 100vw, 800px\" \/><\/div><\/a>\n\t\t\t\t<div class=\"elementor-post__text\">\n\t\t\t\t<h3 class=\"elementor-post__title\">\n\t\t\t<a href=\"https:\/\/demonstracao.usinadotemplate.com.br\/serralheria\/plano-alimentar-personalizado\/\" >\n\t\t\t\tPlano Alimentar personalizado\t\t\t<\/a>\n\t\t<\/h3>\n\t\t\t\t<\/div>\n\t\t\t\t\t<\/div>\n\t\t<\/article>\n\t\t\t\t<\/div>\n\n\n\t\t\t\t\t<span class=\"e-load-more-spinner\">\n\t\t\t\t<i aria-hidden=\"true\" class=\"fas fa-spinner\"><\/i>\t\t\t<\/span>\n\t\t\n\t\t\t\t<div class=\"e-load-more-anchor\" data-page=\"1\" data-max-page=\"2\" data-next-page=\"https:\/\/demonstracao.usinadotemplate.com.br\/serralheria\/wp-json\/wp\/v2\/pages\/339\/page\/2\/\"><\/div>\n\t\t\t\t<div class=\"elementor-button-wrapper\">\n\t\t\t<a href=\"#\" class=\"elementor-button-link elementor-button elementor-animation-pop\" role=\"button\">\n\t\t\t\t\t\t<span class=\"elementor-button-content-wrapper\">\n\t\t\t\t\t\t\t<span class=\"elementor-button-icon elementor-align-icon-right\">\n\t\t\t\t<i aria-hidden=\"true\" class=\"fas fa-chevron-right\"><\/i>\t\t\t<\/span>\n\t\t\t\t\t\t<span class=\"elementor-button-text\">VER MAIS<\/span>\n\t\t<\/span>\n\t\t\t\t\t<\/a>\n\t\t<\/div>\n\t\t\t\t<div class=\"e-load-more-message\">N\u00e3o h\u00e1 mais servi\u00e7os para mostrar<\/div>\n\t\t\t\t<\/div>\n\t\t\t\t<\/div>\n\t\t\t\t\t<\/div>\n\t\t<\/div>\n\t\t\t\t\t<\/div>\n\t\t<\/section>\n\t\t\t\t<\/div>\n\t\t","protected":false},"excerpt":{"rendered":"<p>Minhas Especialidades<\/p>\n","protected":false},"author":1,"featured_media":0,"parent":0,"menu_order":5,"comment_status":"closed","ping_status":"closed","template":"elementor_header_footer","meta":{"footnotes":""},"class_list":["post-339","page","type-page","status-publish","hentry"],"_links":{"self":[{"href":"https:\/\/demonstracao.usinadotemplate.com.br\/serralheria\/wp-json\/wp\/v2\/pages\/339","targetHints":{"allow":["GET"]}}],"collection":[{"href":"https:\/\/demonstracao.usinadotemplate.com.br\/serralheria\/wp-json\/wp\/v2\/pages"}],"about":[{"href":"https:\/\/demonstracao.usinadotemplate.com.br\/serralheria\/wp-json\/wp\/v2\/types\/page"}],"author":[{"embeddable":true,"href":"https:\/\/demonstracao.usinadotemplate.com.br\/serralheria\/wp-json\/wp\/v2\/users\/1"}],"replies":[{"embeddable":true,"href":"https:\/\/demonstracao.usinadotemplate.com.br\/serralheria\/wp-json\/wp\/v2\/comments?post=339"}],"version-history":[{"count":49,"href":"https:\/\/demonstracao.usinadotemplate.com.br\/serralheria\/wp-json\/wp\/v2\/pages\/339\/revisions"}],"predecessor-version":[{"id":844,"href":"https:\/\/demonstracao.usinadotemplate.com.br\/serralheria\/wp-json\/wp\/v2\/pages\/339\/revisions\/844"}],"wp:attachment":[{"href":"https:\/\/demonstracao.usinadotemplate.com.br\/serralheria\/wp-json\/wp\/v2\/media?parent=339"}],"curies":[{"name":"wp","href":"https:\/\/api.w.org\/{rel}","templated":true}]}}