{"id":1004,"date":"2023-02-06T15:57:27","date_gmt":"2023-02-06T15:57:27","guid":{"rendered":"https:\/\/demonstracao.usinadotemplate.com.br\/sexstore\/?post_type=product&#038;p=1004"},"modified":"2025-04-29T12:23:05","modified_gmt":"2025-04-29T12:23:05","slug":"chicote","status":"publish","type":"product","link":"https:\/\/demonstracao.usinadotemplate.com.br\/sexstore\/produto\/chicote\/","title":{"rendered":"Chicote"},"content":{"rendered":"<p>Chicote refor\u00e7ado em couro sint\u00e9tico, confeccionado com as melhores mat\u00e9rias primas do mercado. Tenha o melhor da linha sado com os produtos Brasil Fetiche!<\/p>\n<p>Algumas das embalagens podem sofrer altera\u00e7\u00f5es pelo fornecedor, sem haver tempo h\u00e1bil para ser atualizado em nosso site, por\u00e9m, garantimos que as caracter\u00edsticas do produto (quantidade, peso, mat\u00e9ria prima e fun\u00e7\u00f5es) n\u00e3o ser\u00e3o alteradas.<\/p>\n","protected":false},"excerpt":{"rendered":"<p>Chicote refor\u00e7ado em couro sint\u00e9tico, confeccionado com as melhores mat\u00e9rias primas do mercado. Tenha o melhor da linha sado com os produtos Brasil Fetiche! Algumas das embalagens podem sofrer altera\u00e7\u00f5es pelo fornecedor, sem haver tempo h\u00e1bil para ser atualizado em nosso site, por\u00e9m, garantimos que as caracter\u00edsticas do produto (quantidade, peso, mat\u00e9ria prima e fun\u00e7\u00f5es) [&hellip;]<\/p>\n","protected":false},"featured_media":1005,"comment_status":"open","ping_status":"closed","template":"","meta":{"_joinchat":[]},"pwb-brand":[],"product_brand":[],"product_cat":[21,48],"product_tag":[],"class_list":{"0":"post-1004","1":"product","2":"type-product","3":"status-publish","4":"has-post-thumbnail","6":"product_cat-acessorios","7":"product_cat-sado","9":"first","10":"instock","11":"sale","12":"shipping-taxable","13":"purchasable","14":"product-type-simple"},"brands":[],"_links":{"self":[{"href":"https:\/\/demonstracao.usinadotemplate.com.br\/sexstore\/wp-json\/wp\/v2\/product\/1004","targetHints":{"allow":["GET"]}}],"collection":[{"href":"https:\/\/demonstracao.usinadotemplate.com.br\/sexstore\/wp-json\/wp\/v2\/product"}],"about":[{"href":"https:\/\/demonstracao.usinadotemplate.com.br\/sexstore\/wp-json\/wp\/v2\/types\/product"}],"replies":[{"embeddable":true,"href":"https:\/\/demonstracao.usinadotemplate.com.br\/sexstore\/wp-json\/wp\/v2\/comments?post=1004"}],"wp:featuredmedia":[{"embeddable":true,"href":"https:\/\/demonstracao.usinadotemplate.com.br\/sexstore\/wp-json\/wp\/v2\/media\/1005"}],"wp:attachment":[{"href":"https:\/\/demonstracao.usinadotemplate.com.br\/sexstore\/wp-json\/wp\/v2\/media?parent=1004"}],"wp:term":[{"taxonomy":"pwb-brand","embeddable":true,"href":"https:\/\/demonstracao.usinadotemplate.com.br\/sexstore\/wp-json\/wp\/v2\/pwb-brand?post=1004"},{"taxonomy":"product_brand","embeddable":true,"href":"https:\/\/demonstracao.usinadotemplate.com.br\/sexstore\/wp-json\/wp\/v2\/product_brand?post=1004"},{"taxonomy":"product_cat","embeddable":true,"href":"https:\/\/demonstracao.usinadotemplate.com.br\/sexstore\/wp-json\/wp\/v2\/product_cat?post=1004"},{"taxonomy":"product_tag","embeddable":true,"href":"https:\/\/demonstracao.usinadotemplate.com.br\/sexstore\/wp-json\/wp\/v2\/product_tag?post=1004"}],"curies":[{"name":"wp","href":"https:\/\/api.w.org\/{rel}","templated":true}]}}