{"id":1356,"date":"2023-02-11T23:59:37","date_gmt":"2023-02-11T23:59:37","guid":{"rendered":"https:\/\/demonstracao.usinadotemplate.com.br\/sexstore\/?post_type=product&#038;p=1356"},"modified":"2023-02-11T23:59:37","modified_gmt":"2023-02-11T23:59:37","slug":"coletor-menstrual-feminist-modelo-a-28-ml","status":"publish","type":"product","link":"https:\/\/demonstracao.usinadotemplate.com.br\/sexstore\/produto\/coletor-menstrual-feminist-modelo-a-28-ml\/","title":{"rendered":"Coletor Menstrual Feminist Modelo A &#8211; 28 ml"},"content":{"rendered":"<p>O coletor menstrual Feminist \u00e9 um copinho de silicone medicinal. O silicone \u00e9 100% at\u00f3xico e seguro para sua sa\u00fade, al\u00e9m de ser dur\u00e1vel e reutiliz\u00e1vel. Coletor Feminist \u00e9 o mais inteligente conceito de higiene feminina, adequa-se perfeitamente \u00e0s curvas do corpo feminino. <\/p>\n<p>Muito mais conforto e confian\u00e7a durante os seus ciclos menstruais. Confeccionado em silicone medicinal hipoalerg\u00eanico, cuida da sua sa\u00fade \u00edntima, pois ao contr\u00e1rio dos absorventes comuns, n\u00e3o deixa que o sangue menstrual entre em contato com a sua pele, evitando assim a ocorr\u00eancia de alergias e a prolifera\u00e7\u00e3o de bact\u00e9rias causadoras de infec\u00e7\u00f5es.<\/p>\n<p>A capacidade do coletor \u00e9 de 28 ml e possui 45 mm de di\u00e2metro com 65 mm de comprimento. Recomendado para mulheres com mais de 30 anos ou que j\u00e1 tenham filhos. Acompanha saquinho de cetim para o armazenamento correto e seguro quando n\u00e3o estiver sendo utilizado. D\u00favidas  de como usar? Fique tranquila, o coletor A S\u00f3s acompanha manual de instru\u00e7\u00f5es ilustrado com todas as informa\u00e7\u00f5es necess\u00e1rias sobre o uso correto do produto.<br \/>\nSaiba quais as vantagens de ter um Coletor Menstrual Feminist:<br \/>\nSem alergias<br \/>\nD\u00ea adeus \u00e0s alergias causadas pelo uso dos absorventes. O coletor menstrual Feminist n\u00e3o causa alergias, pois \u00e9 desenvolvido em silicone hipoalerg\u00eanico.<br \/>\nProduto Eco-Friendly<br \/>\nO coletor menstrual Feminist \u00e9 reutiliz\u00e1vel, dura cerca de 10 anos e n\u00e3o gera res\u00edduos poluentes.<br \/>\nVida mais ativa<br \/>\nCom o coletor menstrual Feminist voc\u00ea pode correr, dan\u00e7ar, nadar, dentre muitas outras atividades.<br \/>\nPH equilibrado<br \/>\nEle n\u00e3o propicia a propaga\u00e7\u00e3o de bact\u00e9rias na regi\u00e3o \u00edntima. Com isso, h\u00e1 um menor risco de infec\u00e7\u00f5es ou qualquer tipo de altera\u00e7\u00e3o no PH vaginal.<\/p>\n","protected":false},"excerpt":{"rendered":"<p>O coletor menstrual Feminist \u00e9 um copinho de silicone medicinal. O silicone \u00e9 100% at\u00f3xico e seguro para sua sa\u00fade, al\u00e9m de ser dur\u00e1vel e reutiliz\u00e1vel. Coletor Feminist \u00e9 o mais inteligente conceito de higiene feminina, adequa-se perfeitamente \u00e0s curvas do corpo feminino. Muito mais conforto e confian\u00e7a durante os seus ciclos menstruais. Confeccionado em [&hellip;]<\/p>\n","protected":false},"featured_media":1354,"comment_status":"open","ping_status":"closed","template":"","meta":{"_joinchat":[]},"pwb-brand":[],"product_brand":[],"product_cat":[56],"product_tag":[103],"class_list":{"0":"post-1356","1":"product","2":"type-product","3":"status-publish","4":"has-post-thumbnail","6":"product_cat-body","7":"product_tag-coletor","9":"first","10":"instock","11":"shipping-taxable","12":"purchasable","13":"product-type-simple"},"brands":[],"_links":{"self":[{"href":"https:\/\/demonstracao.usinadotemplate.com.br\/sexstore\/wp-json\/wp\/v2\/product\/1356","targetHints":{"allow":["GET"]}}],"collection":[{"href":"https:\/\/demonstracao.usinadotemplate.com.br\/sexstore\/wp-json\/wp\/v2\/product"}],"about":[{"href":"https:\/\/demonstracao.usinadotemplate.com.br\/sexstore\/wp-json\/wp\/v2\/types\/product"}],"replies":[{"embeddable":true,"href":"https:\/\/demonstracao.usinadotemplate.com.br\/sexstore\/wp-json\/wp\/v2\/comments?post=1356"}],"wp:featuredmedia":[{"embeddable":true,"href":"https:\/\/demonstracao.usinadotemplate.com.br\/sexstore\/wp-json\/wp\/v2\/media\/1354"}],"wp:attachment":[{"href":"https:\/\/demonstracao.usinadotemplate.com.br\/sexstore\/wp-json\/wp\/v2\/media?parent=1356"}],"wp:term":[{"taxonomy":"pwb-brand","embeddable":true,"href":"https:\/\/demonstracao.usinadotemplate.com.br\/sexstore\/wp-json\/wp\/v2\/pwb-brand?post=1356"},{"taxonomy":"product_brand","embeddable":true,"href":"https:\/\/demonstracao.usinadotemplate.com.br\/sexstore\/wp-json\/wp\/v2\/product_brand?post=1356"},{"taxonomy":"product_cat","embeddable":true,"href":"https:\/\/demonstracao.usinadotemplate.com.br\/sexstore\/wp-json\/wp\/v2\/product_cat?post=1356"},{"taxonomy":"product_tag","embeddable":true,"href":"https:\/\/demonstracao.usinadotemplate.com.br\/sexstore\/wp-json\/wp\/v2\/product_tag?post=1356"}],"curies":[{"name":"wp","href":"https:\/\/api.w.org\/{rel}","templated":true}]}}