{"id":1361,"date":"2023-02-12T00:11:10","date_gmt":"2023-02-12T00:11:10","guid":{"rendered":"https:\/\/demonstracao.usinadotemplate.com.br\/sexstore\/?post_type=product&#038;p=1361"},"modified":"2023-02-12T00:11:10","modified_gmt":"2023-02-12T00:11:10","slug":"oleo-para-massagem-sensual-my-secret","status":"publish","type":"product","link":"https:\/\/demonstracao.usinadotemplate.com.br\/sexstore\/produto\/oleo-para-massagem-sensual-my-secret\/","title":{"rendered":"\u00d3leo para Massagem Sensual My Secret"},"content":{"rendered":"<p>\u00d3leo para massagem sensual My Secret para um carinho cheio de inten\u00e7\u00f5es e vontades, com textura suave que envolve enquanto a massagem \u00e9 realizada. Perfeito para algo mais \u00edntimo e provocante de quem espera algo em troca do carinho recebido.  Al\u00e9m do relaxamento, os benef\u00edcios das massagens s\u00e3o muitos e diversos. <\/p>\n<p>Demonstra\u00e7\u00e3o de carinho pelo outro, a massagem sensual estimula zonas er\u00f3genas e pode trazer mais prazer ao sexo. \u00c9 uma forma de transmitir a paix\u00e3o atrav\u00e9s do tato, estimulando zonas er\u00f3genas que d\u00e3o muito prazer.  A massagem sensual envolve todos os sentidos (tato, olfato, audi\u00e7\u00e3o, paladar e vis\u00e3o).<\/p>\n<p>Esta \u00e9 uma excelente maneira dos dois falarem sobre suas prefer\u00eancias e mostrarem, por meio dos toques, da linguagem corporal e verbal, como gostam de ser tocados. A massagem ajuda a superar tabus, aumenta a afinidade e melhora a qualidade da vida sexual.  A fragr\u00e2ncia de My Secret re\u00fane frescor, conforto, sensualidade e intimismo. Floral oriental sensual, profunda e ardente.<\/p>\n","protected":false},"excerpt":{"rendered":"<p>\u00d3leo para massagem sensual My Secret para um carinho cheio de inten\u00e7\u00f5es e vontades, com textura suave que envolve enquanto a massagem \u00e9 realizada. Perfeito para algo mais \u00edntimo e provocante de quem espera algo em troca do carinho recebido. Al\u00e9m do relaxamento, os benef\u00edcios das massagens s\u00e3o muitos e diversos. Demonstra\u00e7\u00e3o de carinho pelo [&hellip;]<\/p>\n","protected":false},"featured_media":1360,"comment_status":"open","ping_status":"closed","template":"","meta":{"_joinchat":[]},"pwb-brand":[],"product_brand":[],"product_cat":[89],"product_tag":[104],"class_list":{"0":"post-1361","1":"product","2":"type-product","3":"status-publish","4":"has-post-thumbnail","6":"product_cat-oleo-para-massagem-sensual","7":"product_tag-oleo","9":"first","10":"instock","11":"shipping-taxable","12":"purchasable","13":"product-type-simple"},"brands":[],"_links":{"self":[{"href":"https:\/\/demonstracao.usinadotemplate.com.br\/sexstore\/wp-json\/wp\/v2\/product\/1361","targetHints":{"allow":["GET"]}}],"collection":[{"href":"https:\/\/demonstracao.usinadotemplate.com.br\/sexstore\/wp-json\/wp\/v2\/product"}],"about":[{"href":"https:\/\/demonstracao.usinadotemplate.com.br\/sexstore\/wp-json\/wp\/v2\/types\/product"}],"replies":[{"embeddable":true,"href":"https:\/\/demonstracao.usinadotemplate.com.br\/sexstore\/wp-json\/wp\/v2\/comments?post=1361"}],"wp:featuredmedia":[{"embeddable":true,"href":"https:\/\/demonstracao.usinadotemplate.com.br\/sexstore\/wp-json\/wp\/v2\/media\/1360"}],"wp:attachment":[{"href":"https:\/\/demonstracao.usinadotemplate.com.br\/sexstore\/wp-json\/wp\/v2\/media?parent=1361"}],"wp:term":[{"taxonomy":"pwb-brand","embeddable":true,"href":"https:\/\/demonstracao.usinadotemplate.com.br\/sexstore\/wp-json\/wp\/v2\/pwb-brand?post=1361"},{"taxonomy":"product_brand","embeddable":true,"href":"https:\/\/demonstracao.usinadotemplate.com.br\/sexstore\/wp-json\/wp\/v2\/product_brand?post=1361"},{"taxonomy":"product_cat","embeddable":true,"href":"https:\/\/demonstracao.usinadotemplate.com.br\/sexstore\/wp-json\/wp\/v2\/product_cat?post=1361"},{"taxonomy":"product_tag","embeddable":true,"href":"https:\/\/demonstracao.usinadotemplate.com.br\/sexstore\/wp-json\/wp\/v2\/product_tag?post=1361"}],"curies":[{"name":"wp","href":"https:\/\/api.w.org\/{rel}","templated":true}]}}