{"id":1370,"date":"2023-02-12T18:37:24","date_gmt":"2023-02-12T18:37:24","guid":{"rendered":"https:\/\/demonstracao.usinadotemplate.com.br\/sexstore\/?post_type=product&#038;p=1370"},"modified":"2023-02-14T15:22:51","modified_gmt":"2023-02-14T15:22:51","slug":"gel-excitante-beijavel-muchacha-caliente-morango-8g","status":"publish","type":"product","link":"https:\/\/demonstracao.usinadotemplate.com.br\/sexstore\/produto\/gel-excitante-beijavel-muchacha-caliente-morango-8g\/","title":{"rendered":"Gel Excitante Beij\u00e1vel Muchacha Caliente Morango &#8211; 8g"},"content":{"rendered":"<p>Voc\u00ea est\u00e1 preparado para algo realmente excitante e extremamente quente? Sinta-se desafiado(a) a conhecer Muchacha Caliente e descubra o prazer verdadeiramente hot. Muchacha Caliente \u00e9 a combina\u00e7\u00e3o de princ\u00edpios excitantes que se juntaram ao poder hot resultando em uma explos\u00e3o de novas sensa\u00e7\u00f5es.<\/p>\n<p>Formula\u00e7\u00e3o \u00fanica capaz propiciar aumento do desejo e do prazer. O aroma suave de morango deixa o excitante ainda mais provocante. Sua r\u00e1pida a\u00e7\u00e3o o torna mais eficiente e agressivo quando o quesito \u00e9 prazer. Aceite o desafio de Muchacha Caliente e descubra o prazer hot da vida. <\/p>\n<p>Muchacha Caliente tem dupla fun\u00e7\u00e3o: excita e aquece, o que confere ao produto alto ind\u00edce de efic\u00e1cia e prazer garantido. Seu alto poder estimulante vai superar suas expectativas e vai te levar a experimentar novas sensa\u00e7\u00f5es.<\/p>\n","protected":false},"excerpt":{"rendered":"<p>Voc\u00ea est\u00e1 preparado para algo realmente excitante e extremamente quente? Sinta-se desafiado(a) a conhecer Muchacha Caliente e descubra o prazer verdadeiramente hot. Muchacha Caliente \u00e9 a combina\u00e7\u00e3o de princ\u00edpios excitantes que se juntaram ao poder hot resultando em uma explos\u00e3o de novas sensa\u00e7\u00f5es. Formula\u00e7\u00e3o \u00fanica capaz propiciar aumento do desejo e do prazer. O aroma [&hellip;]<\/p>\n","protected":false},"featured_media":1367,"comment_status":"open","ping_status":"closed","template":"","meta":{"_joinchat":[]},"pwb-brand":[],"product_brand":[],"product_cat":[17,141,142,90],"product_tag":[105],"class_list":{"0":"post-1370","1":"product","2":"type-product","3":"status-publish","4":"has-post-thumbnail","6":"product_cat-cosmeticos","7":"product_cat-excitante-feminimo","8":"product_cat-gel-comestiveis-e-beijaveis","9":"product_cat-gel-funcional","10":"product_tag-caliente","12":"first","13":"instock","14":"shipping-taxable","15":"purchasable","16":"product-type-simple"},"brands":[],"_links":{"self":[{"href":"https:\/\/demonstracao.usinadotemplate.com.br\/sexstore\/wp-json\/wp\/v2\/product\/1370","targetHints":{"allow":["GET"]}}],"collection":[{"href":"https:\/\/demonstracao.usinadotemplate.com.br\/sexstore\/wp-json\/wp\/v2\/product"}],"about":[{"href":"https:\/\/demonstracao.usinadotemplate.com.br\/sexstore\/wp-json\/wp\/v2\/types\/product"}],"replies":[{"embeddable":true,"href":"https:\/\/demonstracao.usinadotemplate.com.br\/sexstore\/wp-json\/wp\/v2\/comments?post=1370"}],"wp:featuredmedia":[{"embeddable":true,"href":"https:\/\/demonstracao.usinadotemplate.com.br\/sexstore\/wp-json\/wp\/v2\/media\/1367"}],"wp:attachment":[{"href":"https:\/\/demonstracao.usinadotemplate.com.br\/sexstore\/wp-json\/wp\/v2\/media?parent=1370"}],"wp:term":[{"taxonomy":"pwb-brand","embeddable":true,"href":"https:\/\/demonstracao.usinadotemplate.com.br\/sexstore\/wp-json\/wp\/v2\/pwb-brand?post=1370"},{"taxonomy":"product_brand","embeddable":true,"href":"https:\/\/demonstracao.usinadotemplate.com.br\/sexstore\/wp-json\/wp\/v2\/product_brand?post=1370"},{"taxonomy":"product_cat","embeddable":true,"href":"https:\/\/demonstracao.usinadotemplate.com.br\/sexstore\/wp-json\/wp\/v2\/product_cat?post=1370"},{"taxonomy":"product_tag","embeddable":true,"href":"https:\/\/demonstracao.usinadotemplate.com.br\/sexstore\/wp-json\/wp\/v2\/product_tag?post=1370"}],"curies":[{"name":"wp","href":"https:\/\/api.w.org\/{rel}","templated":true}]}}