{"id":1373,"date":"2023-02-12T18:56:37","date_gmt":"2023-02-12T18:56:37","guid":{"rendered":"https:\/\/demonstracao.usinadotemplate.com.br\/sexstore\/?post_type=product&#038;p=1373"},"modified":"2023-02-14T15:28:34","modified_gmt":"2023-02-14T15:28:34","slug":"coletor-menstrual-feminist-modelo-b-25-ml","status":"publish","type":"product","link":"https:\/\/demonstracao.usinadotemplate.com.br\/sexstore\/produto\/coletor-menstrual-feminist-modelo-b-25-ml\/","title":{"rendered":"Coletor Menstrual Feminist Modelo B &#8211; 25 ml"},"content":{"rendered":"<p>O coletor menstrual Feminist \u00e9 um copinho de silicone medicinal, que coleta o sangue menstrual precisando ser trocado somente a cada 12 horas. O silicone \u00e9 100% at\u00f3xico e seguro para sua sa\u00fade, al\u00e9m de ser dur\u00e1vel e reutiliz\u00e1vel. Coletor Feminist \u00e9 o mais inteligente conceito de higiene feminina, adequa-se perfeitamente \u00e0s curvas do corpo feminino. <\/p>\n<p>Muito mais conforto e confian\u00e7a durante os seus ciclos menstruais. Confeccionado em silicone medicinal hipoalerg\u00eanico, cuida da sua sa\u00fade \u00edntima, pois ao contr\u00e1rio dos absorventes comuns, n\u00e3o deixa que o sangue menstrual entre em contato com a sua pele, evitando assim a ocorr\u00eancia de alergias e a prolifera\u00e7\u00e3o de bact\u00e9rias causadoras de infec\u00e7\u00f5es.<\/p>\n<p>A capacidade do coletor \u00e9 de 25 ml e possui 40 mm de di\u00e2metro com 65 mm de comprimento. Recomendado para mulheres com menos de 30 anos e que n\u00e3o tenham filhos. Acompanha saquinho de cetim para o armazenamento correto e seguro quando n\u00e3o estiver sendo utilizado. D\u00favidas  de como usar? Fique tranquila, o coletor A S\u00f3s acompanha manual de instru\u00e7\u00f5es ilustrado com todas as informa\u00e7\u00f5es necess\u00e1rias sobre o uso correto do produto.<\/p>\n","protected":false},"excerpt":{"rendered":"<p>O coletor menstrual Feminist \u00e9 um copinho de silicone medicinal, que coleta o sangue menstrual precisando ser trocado somente a cada 12 horas. O silicone \u00e9 100% at\u00f3xico e seguro para sua sa\u00fade, al\u00e9m de ser dur\u00e1vel e reutiliz\u00e1vel. Coletor Feminist \u00e9 o mais inteligente conceito de higiene feminina, adequa-se perfeitamente \u00e0s curvas do corpo [&hellip;]<\/p>\n","protected":false},"featured_media":1351,"comment_status":"open","ping_status":"closed","template":"","meta":{"_joinchat":[]},"pwb-brand":[],"product_brand":[],"product_cat":[140,95,96],"product_tag":[103],"class_list":{"0":"post-1373","1":"product","2":"type-product","3":"status-publish","4":"has-post-thumbnail","6":"product_cat-coletor-menstrual","7":"product_cat-higiene-intima","8":"product_cat-saude-intima","9":"product_tag-coletor","11":"first","12":"instock","13":"shipping-taxable","14":"purchasable","15":"product-type-simple"},"brands":[],"_links":{"self":[{"href":"https:\/\/demonstracao.usinadotemplate.com.br\/sexstore\/wp-json\/wp\/v2\/product\/1373","targetHints":{"allow":["GET"]}}],"collection":[{"href":"https:\/\/demonstracao.usinadotemplate.com.br\/sexstore\/wp-json\/wp\/v2\/product"}],"about":[{"href":"https:\/\/demonstracao.usinadotemplate.com.br\/sexstore\/wp-json\/wp\/v2\/types\/product"}],"replies":[{"embeddable":true,"href":"https:\/\/demonstracao.usinadotemplate.com.br\/sexstore\/wp-json\/wp\/v2\/comments?post=1373"}],"wp:featuredmedia":[{"embeddable":true,"href":"https:\/\/demonstracao.usinadotemplate.com.br\/sexstore\/wp-json\/wp\/v2\/media\/1351"}],"wp:attachment":[{"href":"https:\/\/demonstracao.usinadotemplate.com.br\/sexstore\/wp-json\/wp\/v2\/media?parent=1373"}],"wp:term":[{"taxonomy":"pwb-brand","embeddable":true,"href":"https:\/\/demonstracao.usinadotemplate.com.br\/sexstore\/wp-json\/wp\/v2\/pwb-brand?post=1373"},{"taxonomy":"product_brand","embeddable":true,"href":"https:\/\/demonstracao.usinadotemplate.com.br\/sexstore\/wp-json\/wp\/v2\/product_brand?post=1373"},{"taxonomy":"product_cat","embeddable":true,"href":"https:\/\/demonstracao.usinadotemplate.com.br\/sexstore\/wp-json\/wp\/v2\/product_cat?post=1373"},{"taxonomy":"product_tag","embeddable":true,"href":"https:\/\/demonstracao.usinadotemplate.com.br\/sexstore\/wp-json\/wp\/v2\/product_tag?post=1373"}],"curies":[{"name":"wp","href":"https:\/\/api.w.org\/{rel}","templated":true}]}}