{"id":1381,"date":"2023-02-12T19:08:25","date_gmt":"2023-02-12T19:08:25","guid":{"rendered":"https:\/\/demonstracao.usinadotemplate.com.br\/sexstore\/?post_type=product&#038;p=1381"},"modified":"2023-02-14T15:27:22","modified_gmt":"2023-02-14T15:27:22","slug":"vibrador-e-estimulador-bullet-multivelocidade-go-vibe-we","status":"publish","type":"product","link":"https:\/\/demonstracao.usinadotemplate.com.br\/sexstore\/produto\/vibrador-e-estimulador-bullet-multivelocidade-go-vibe-we\/","title":{"rendered":"Vibrador e Estimulador Bullet Multivelocidade Go Vibe We"},"content":{"rendered":"<p>Go Vibe We \u00e9 perfeito para uma deliciosa brincadeira a dois ou para explorar novas \u00e1reas er\u00f3genas do pr\u00f3prio corpo. Vibrante e estimulante possui 10 est\u00e1gios de estimula\u00e7\u00e3o variando entre vibra\u00e7\u00e3o e pulsa\u00e7\u00e3o. Um Bullet revolucion\u00e1rio com controle sem fio conferindo ao produto praticidade e usabilidade. Confeccionado em silicone de grau m\u00e9dico 100% at\u00f3xico totalmente seguro ao corpo, sua sa\u00fade garantida. <\/p>\n<p>Design sofisticado com toque aveludado faz deste produto um excelente companheiro para o prazer. O Bullet \u00e9 amigo da natureza e utiliza energia renov\u00e1vel sendo recarreg\u00e1vel com carga de longa dura\u00e7\u00e3o. Resistente \u00e0 \u00e1gua permitindo uma higieniza\u00e7\u00e3o simples e descomplicada. A al\u00e7a do bullet auxilia na pegada e tamb\u00e9m no manuseio. Pode ser utilizada tamb\u00e9m para prender-se a outro vibrador intensificando o est\u00edmulo. <\/p>\n<p>O controle se encaixa perfeitamente na palma da m\u00e3o oferecendo pegada firme e agrad\u00e1vel. A altern\u00e2ncia de vibra\u00e7\u00e3o \u00e9 feita com um simples toque onde \u00e9 poss\u00edvel variar do menos intenso at\u00e9 o mais intenso. Go Vibe We permite criar novas fantasias e desejos por permitir que a brincadeira envolvendo casais possa manter os envolvidos separados. A ideia do seu parceiro(a) estar com o controle cria novas situa\u00e7\u00f5es altamente estimulantes e excitantes. Go vibe We, nunca foi t\u00e3o divertido!<br \/>\nBullet sem fio com design sofisticado.<br \/>\nConfeccionado em silicone 100% at\u00f3xico, totalmente seguro.<br \/>\nBullet recarreg\u00e1vel, dispensa o uso de pilhas.<br \/>\nMultivelocidade com controle de intensidade de vibra\u00e7\u00e3o.<br \/>\nMaterial macio ao toque oferecendo conforto incontest\u00e1vel.<br \/>\nVibrante e estimulante possui 10 est\u00e1gios de estimula\u00e7\u00e3o.<\/p>\n","protected":false},"excerpt":{"rendered":"<p>Go Vibe We \u00e9 perfeito para uma deliciosa brincadeira a dois ou para explorar novas \u00e1reas er\u00f3genas do pr\u00f3prio corpo. Vibrante e estimulante possui 10 est\u00e1gios de estimula\u00e7\u00e3o variando entre vibra\u00e7\u00e3o e pulsa\u00e7\u00e3o. Um Bullet revolucion\u00e1rio com controle sem fio conferindo ao produto praticidade e usabilidade. Confeccionado em silicone de grau m\u00e9dico 100% at\u00f3xico totalmente [&hellip;]<\/p>\n","protected":false},"featured_media":1374,"comment_status":"open","ping_status":"closed","template":"","meta":{"_joinchat":[]},"pwb-brand":[],"product_brand":[],"product_cat":[99,16],"product_tag":[106],"class_list":{"0":"post-1381","1":"product","2":"type-product","3":"status-publish","4":"has-post-thumbnail","6":"product_cat-vibrador-de-controle","7":"product_cat-vibradores","8":"product_tag-controle-sem-fio","10":"first","11":"instock","12":"shipping-taxable","13":"purchasable","14":"product-type-simple"},"brands":[],"_links":{"self":[{"href":"https:\/\/demonstracao.usinadotemplate.com.br\/sexstore\/wp-json\/wp\/v2\/product\/1381","targetHints":{"allow":["GET"]}}],"collection":[{"href":"https:\/\/demonstracao.usinadotemplate.com.br\/sexstore\/wp-json\/wp\/v2\/product"}],"about":[{"href":"https:\/\/demonstracao.usinadotemplate.com.br\/sexstore\/wp-json\/wp\/v2\/types\/product"}],"replies":[{"embeddable":true,"href":"https:\/\/demonstracao.usinadotemplate.com.br\/sexstore\/wp-json\/wp\/v2\/comments?post=1381"}],"wp:featuredmedia":[{"embeddable":true,"href":"https:\/\/demonstracao.usinadotemplate.com.br\/sexstore\/wp-json\/wp\/v2\/media\/1374"}],"wp:attachment":[{"href":"https:\/\/demonstracao.usinadotemplate.com.br\/sexstore\/wp-json\/wp\/v2\/media?parent=1381"}],"wp:term":[{"taxonomy":"pwb-brand","embeddable":true,"href":"https:\/\/demonstracao.usinadotemplate.com.br\/sexstore\/wp-json\/wp\/v2\/pwb-brand?post=1381"},{"taxonomy":"product_brand","embeddable":true,"href":"https:\/\/demonstracao.usinadotemplate.com.br\/sexstore\/wp-json\/wp\/v2\/product_brand?post=1381"},{"taxonomy":"product_cat","embeddable":true,"href":"https:\/\/demonstracao.usinadotemplate.com.br\/sexstore\/wp-json\/wp\/v2\/product_cat?post=1381"},{"taxonomy":"product_tag","embeddable":true,"href":"https:\/\/demonstracao.usinadotemplate.com.br\/sexstore\/wp-json\/wp\/v2\/product_tag?post=1381"}],"curies":[{"name":"wp","href":"https:\/\/api.w.org\/{rel}","templated":true}]}}