{"id":1384,"date":"2023-02-12T19:17:33","date_gmt":"2023-02-12T19:17:33","guid":{"rendered":"https:\/\/demonstracao.usinadotemplate.com.br\/sexstore\/?post_type=product&#038;p=1384"},"modified":"2023-02-12T19:17:33","modified_gmt":"2023-02-12T19:17:33","slug":"gel-lubrificante-lubrisex-60g","status":"publish","type":"product","link":"https:\/\/demonstracao.usinadotemplate.com.br\/sexstore\/produto\/gel-lubrificante-lubrisex-60g\/","title":{"rendered":"Gel Lubrificante Lubrisex &#8211; 60g"},"content":{"rendered":"<p>Momentos inesquec\u00edveis n\u00e3o tem hora ou data marcada para acontecer. Para que estes momentos sejam ainda mais marcantes apresentamos Lubrisex, um gel lubrificante composto \u00e0 base de \u00e1gua, n\u00e3o gorduroso, transparente, sem cheiro e sol\u00favel em \u00e1gua. <\/p>\n<p>Pode ser usado com ou sem preservativo, assegurando maior conforto nas rela\u00e7\u00f5es sexuais. \u00c0 base de \u00e1gua, n\u00e3o \u00e9 gorduroso, n\u00e3o agride o preservativo e altamente lubrificante. Reduz o atrito natural possibilitando maior conforto e suavidade.<\/p>\n<p>Pode ser aplicado diretamente sobre a pele, no \u00f3rg\u00e3o genital masculino ou feminino e tamb\u00e9m sobre os preservativos. Tamb\u00e9m indicado para ser aplicado em vibradores e pr\u00f3teses e ou brinquedos sexuais. Devido ao seu alto poder deslizante \u00e9 tamb\u00e9m indicado para uma massagem corporal relaxante e revigorante.<br \/>\nESPECIFICA\u00c7\u00c3O DO PRODUTO<\/p>\n<p>N\u00e3o gorduroso.<br \/>\nN\u00e3o agride o preservativo.<br \/>\nAltamente lubrificante.<br \/>\npH Neutro.<br \/>\nIncolor e Inodoro.<br \/>\nHipoalerg\u00eanico.<br \/>\nSol\u00favel em \u00e1gua, sendo facilmente remov\u00edvel ap\u00f3s o uso.<br \/>\nFacilmente absorv\u00edvel por guardanapos de papel, algod\u00e3o ou qualquer outro tecido.<\/p>\n","protected":false},"excerpt":{"rendered":"<p>Momentos inesquec\u00edveis n\u00e3o tem hora ou data marcada para acontecer. Para que estes momentos sejam ainda mais marcantes apresentamos Lubrisex, um gel lubrificante composto \u00e0 base de \u00e1gua, n\u00e3o gorduroso, transparente, sem cheiro e sol\u00favel em \u00e1gua. Pode ser usado com ou sem preservativo, assegurando maior conforto nas rela\u00e7\u00f5es sexuais. \u00c0 base de \u00e1gua, n\u00e3o [&hellip;]<\/p>\n","protected":false},"featured_media":1375,"comment_status":"open","ping_status":"closed","template":"","meta":{"_joinchat":[]},"pwb-brand":[],"product_brand":[],"product_cat":[55],"product_tag":[107],"class_list":{"0":"post-1384","1":"product","2":"type-product","3":"status-publish","4":"has-post-thumbnail","6":"product_cat-lubrificantes","7":"product_tag-lubrificante","9":"first","10":"instock","11":"shipping-taxable","12":"purchasable","13":"product-type-simple"},"brands":[],"_links":{"self":[{"href":"https:\/\/demonstracao.usinadotemplate.com.br\/sexstore\/wp-json\/wp\/v2\/product\/1384","targetHints":{"allow":["GET"]}}],"collection":[{"href":"https:\/\/demonstracao.usinadotemplate.com.br\/sexstore\/wp-json\/wp\/v2\/product"}],"about":[{"href":"https:\/\/demonstracao.usinadotemplate.com.br\/sexstore\/wp-json\/wp\/v2\/types\/product"}],"replies":[{"embeddable":true,"href":"https:\/\/demonstracao.usinadotemplate.com.br\/sexstore\/wp-json\/wp\/v2\/comments?post=1384"}],"wp:featuredmedia":[{"embeddable":true,"href":"https:\/\/demonstracao.usinadotemplate.com.br\/sexstore\/wp-json\/wp\/v2\/media\/1375"}],"wp:attachment":[{"href":"https:\/\/demonstracao.usinadotemplate.com.br\/sexstore\/wp-json\/wp\/v2\/media?parent=1384"}],"wp:term":[{"taxonomy":"pwb-brand","embeddable":true,"href":"https:\/\/demonstracao.usinadotemplate.com.br\/sexstore\/wp-json\/wp\/v2\/pwb-brand?post=1384"},{"taxonomy":"product_brand","embeddable":true,"href":"https:\/\/demonstracao.usinadotemplate.com.br\/sexstore\/wp-json\/wp\/v2\/product_brand?post=1384"},{"taxonomy":"product_cat","embeddable":true,"href":"https:\/\/demonstracao.usinadotemplate.com.br\/sexstore\/wp-json\/wp\/v2\/product_cat?post=1384"},{"taxonomy":"product_tag","embeddable":true,"href":"https:\/\/demonstracao.usinadotemplate.com.br\/sexstore\/wp-json\/wp\/v2\/product_tag?post=1384"}],"curies":[{"name":"wp","href":"https:\/\/api.w.org\/{rel}","templated":true}]}}