{"id":1394,"date":"2023-02-12T19:50:43","date_gmt":"2023-02-12T19:50:43","guid":{"rendered":"https:\/\/demonstracao.usinadotemplate.com.br\/sexstore\/?post_type=product&#038;p=1394"},"modified":"2023-02-12T19:50:43","modified_gmt":"2023-02-12T19:50:43","slug":"gel-excitante-loveshock-extreme-beijavel-chiclete-nova-versao-12-g","status":"publish","type":"product","link":"https:\/\/demonstracao.usinadotemplate.com.br\/sexstore\/produto\/gel-excitante-loveshock-extreme-beijavel-chiclete-nova-versao-12-g\/","title":{"rendered":"Gel Excitante Loveshock Extreme Beij\u00e1vel Chiclete &#8211; Nova Vers\u00e3o 12 g"},"content":{"rendered":"<p>Loveshock Extreme Unissex \u00e9 perfeito para quem procura intensificar a sexualidade ou est\u00e1 em busca de prazer com mais qualidade e aumento de excita\u00e7\u00e3o. Um vibrador l\u00edquido que gra\u00e7as ao aprimoramento de sua f\u00f3rmula garante maior efici\u00eancia j\u00e1 comprovada por vers\u00f5es anteriores. Loveshock Extreme possui princ\u00edpios ativos que foram concentrados na medida certa para te entregar o m\u00e1ximo de satisfa\u00e7\u00e3o com toda seguran\u00e7a que voc\u00ea procura e precisa. Seu principal princ\u00edpio ativo \u00e9 o Jambu, um composto natural que potencializa seus sentidos e desejos.<\/p>\n<p>Loveshock Extreme \u00e9 um verdadeiro mix de sensa\u00e7\u00f5es sentidas por vibra\u00e7\u00f5es, pulsa\u00e7\u00f5es e aquecimentos para um orgasmo mais intenso. O est\u00edmulo causado \u00e9 altamente vibrante e excitante intensificando o prazer durante a rela\u00e7\u00e3o sexual ou mesmo durante a masturba\u00e7\u00e3o. Um gel funcional que proporciona aumento de sensibilidade em forma de ondas de vibra\u00e7\u00e3o. As ondas de vibra\u00e7\u00e3o s\u00e3o sentidas como um pequeno formigamento que ap\u00f3s alguns instantes transformam-se em pequenos choques altamente excitantes e estimulantes.<\/p>\n<p>A fun\u00e7\u00e3o beij\u00e1vel de Loveshock Extreme aproximam casais que buscam explorar os sentidos e sensa\u00e7\u00f5es com muito mais sabor. A cumplicidade e o envolvimento ser\u00e3o agu\u00e7ados por se tratar de um excitante unissex beij\u00e1vel que permite ao casal explorar o sexo oral sem preconceito ou culpa. Moderna embalagem Airless entrega ao usabilidade e praticidade durante a aplica\u00e7\u00e3o. Loveshock Extreme para prazer extremamente prazeroso!<\/p>\n","protected":false},"excerpt":{"rendered":"<p>Loveshock Extreme Unissex \u00e9 perfeito para quem procura intensificar a sexualidade ou est\u00e1 em busca de prazer com mais qualidade e aumento de excita\u00e7\u00e3o. Um vibrador l\u00edquido que gra\u00e7as ao aprimoramento de sua f\u00f3rmula garante maior efici\u00eancia j\u00e1 comprovada por vers\u00f5es anteriores. Loveshock Extreme possui princ\u00edpios ativos que foram concentrados na medida certa para te [&hellip;]<\/p>\n","protected":false},"featured_media":1395,"comment_status":"open","ping_status":"closed","template":"","meta":{"_joinchat":[]},"pwb-brand":[],"product_brand":[],"product_cat":[90,63],"product_tag":[110],"class_list":{"0":"post-1394","1":"product","2":"type-product","3":"status-publish","4":"has-post-thumbnail","6":"product_cat-gel-funcional","7":"product_cat-vibradores-liquidos","8":"product_tag-vibrador-liquido","10":"first","11":"instock","12":"shipping-taxable","13":"purchasable","14":"product-type-simple"},"brands":[],"_links":{"self":[{"href":"https:\/\/demonstracao.usinadotemplate.com.br\/sexstore\/wp-json\/wp\/v2\/product\/1394","targetHints":{"allow":["GET"]}}],"collection":[{"href":"https:\/\/demonstracao.usinadotemplate.com.br\/sexstore\/wp-json\/wp\/v2\/product"}],"about":[{"href":"https:\/\/demonstracao.usinadotemplate.com.br\/sexstore\/wp-json\/wp\/v2\/types\/product"}],"replies":[{"embeddable":true,"href":"https:\/\/demonstracao.usinadotemplate.com.br\/sexstore\/wp-json\/wp\/v2\/comments?post=1394"}],"wp:featuredmedia":[{"embeddable":true,"href":"https:\/\/demonstracao.usinadotemplate.com.br\/sexstore\/wp-json\/wp\/v2\/media\/1395"}],"wp:attachment":[{"href":"https:\/\/demonstracao.usinadotemplate.com.br\/sexstore\/wp-json\/wp\/v2\/media?parent=1394"}],"wp:term":[{"taxonomy":"pwb-brand","embeddable":true,"href":"https:\/\/demonstracao.usinadotemplate.com.br\/sexstore\/wp-json\/wp\/v2\/pwb-brand?post=1394"},{"taxonomy":"product_brand","embeddable":true,"href":"https:\/\/demonstracao.usinadotemplate.com.br\/sexstore\/wp-json\/wp\/v2\/product_brand?post=1394"},{"taxonomy":"product_cat","embeddable":true,"href":"https:\/\/demonstracao.usinadotemplate.com.br\/sexstore\/wp-json\/wp\/v2\/product_cat?post=1394"},{"taxonomy":"product_tag","embeddable":true,"href":"https:\/\/demonstracao.usinadotemplate.com.br\/sexstore\/wp-json\/wp\/v2\/product_tag?post=1394"}],"curies":[{"name":"wp","href":"https:\/\/api.w.org\/{rel}","templated":true}]}}