{"id":1413,"date":"2023-02-12T19:54:31","date_gmt":"2023-02-12T19:54:31","guid":{"rendered":"https:\/\/demonstracao.usinadotemplate.com.br\/sexstore\/?post_type=product&#038;p=1413"},"modified":"2023-02-14T15:25:25","modified_gmt":"2023-02-14T15:25:25","slug":"gel-lubrificante-beijavel-black-mentol-extra-forte-60g","status":"publish","type":"product","link":"https:\/\/demonstracao.usinadotemplate.com.br\/sexstore\/produto\/gel-lubrificante-beijavel-black-mentol-extra-forte-60g\/","title":{"rendered":"Gel Lubrificante Beij\u00e1vel Black Mentol Extra Forte &#8211; 60g"},"content":{"rendered":"<p>Black Mentol \u00e9 um lubrificante intimo indicado para momentos de intimidade e relaxamento para uma rela\u00e7\u00e3o repleta de intimidade. Proporciona conforto e seguran\u00e7a na hora da rela\u00e7\u00e3o sem a perda de sensibilidade. Black Mentol \u00e9 para curtir ao m\u00e1ximo momentos espont\u00e2neos e \u00fanicos sem privar de seus prazeres e desejos.<\/p>\n<p>Black Mentol \u00e9 beij\u00e1vel, criado com exclusividade para atender o paladar dos mais exigentes e superar a expectativa dos bons apreciadores de momentos \u00fanicos e repletos de muita intimidade. A menta que est\u00e1 em sua composi\u00e7\u00e3o causa o efeito gelado e tem alto poder de frescor proporcionando uma sensa\u00e7\u00e3o \u00fanica durante o ato sexual. A fun\u00e7\u00e3o beij\u00e1vel de Black Mentol oferece total liberdade durante a rela\u00e7\u00e3o com o aumento de possibilidades.<\/p>\n<p>Por ser semelhante \u00e0 lubrifica\u00e7\u00e3o natural, \u00e9 discreto e seguro, n\u00e3o causa irrita\u00e7\u00e3o e possui f\u00e1cil remo\u00e7\u00e3o. Pode ser usado com ou sem preservativo, assegurando maior conforto nas rela\u00e7\u00f5es sexuais. N\u00e3o \u00e9 gorduroso, n\u00e3o agride o preservativo e \u00e9 altamente lubrificante. Reduz o atrito natural possibilitando maior conforto e suavidade.<\/p>\n<p>Black Mentol prolonga o ato sexual por diminuir o atrito proporcionando uma rela\u00e7\u00e3o com muito mais qualidade e afinidade. A conex\u00e3o corporal \u00e9 aumentada substancialmente durante uma rela\u00e7\u00e3o sexual sem dor.<\/p>\n","protected":false},"excerpt":{"rendered":"<p>Black Mentol \u00e9 um lubrificante intimo indicado para momentos de intimidade e relaxamento para uma rela\u00e7\u00e3o repleta de intimidade. Proporciona conforto e seguran\u00e7a na hora da rela\u00e7\u00e3o sem a perda de sensibilidade. Black Mentol \u00e9 para curtir ao m\u00e1ximo momentos espont\u00e2neos e \u00fanicos sem privar de seus prazeres e desejos. Black Mentol \u00e9 beij\u00e1vel, criado [&hellip;]<\/p>\n","protected":false},"featured_media":1398,"comment_status":"open","ping_status":"closed","template":"","meta":{"_joinchat":[]},"pwb-brand":[],"product_brand":[],"product_cat":[142,55],"product_tag":[111],"class_list":{"0":"post-1413","1":"product","2":"type-product","3":"status-publish","4":"has-post-thumbnail","6":"product_cat-gel-comestiveis-e-beijaveis","7":"product_cat-lubrificantes","8":"product_tag-lubrificante-menta","10":"first","11":"instock","12":"shipping-taxable","13":"purchasable","14":"product-type-simple"},"brands":[],"_links":{"self":[{"href":"https:\/\/demonstracao.usinadotemplate.com.br\/sexstore\/wp-json\/wp\/v2\/product\/1413","targetHints":{"allow":["GET"]}}],"collection":[{"href":"https:\/\/demonstracao.usinadotemplate.com.br\/sexstore\/wp-json\/wp\/v2\/product"}],"about":[{"href":"https:\/\/demonstracao.usinadotemplate.com.br\/sexstore\/wp-json\/wp\/v2\/types\/product"}],"replies":[{"embeddable":true,"href":"https:\/\/demonstracao.usinadotemplate.com.br\/sexstore\/wp-json\/wp\/v2\/comments?post=1413"}],"wp:featuredmedia":[{"embeddable":true,"href":"https:\/\/demonstracao.usinadotemplate.com.br\/sexstore\/wp-json\/wp\/v2\/media\/1398"}],"wp:attachment":[{"href":"https:\/\/demonstracao.usinadotemplate.com.br\/sexstore\/wp-json\/wp\/v2\/media?parent=1413"}],"wp:term":[{"taxonomy":"pwb-brand","embeddable":true,"href":"https:\/\/demonstracao.usinadotemplate.com.br\/sexstore\/wp-json\/wp\/v2\/pwb-brand?post=1413"},{"taxonomy":"product_brand","embeddable":true,"href":"https:\/\/demonstracao.usinadotemplate.com.br\/sexstore\/wp-json\/wp\/v2\/product_brand?post=1413"},{"taxonomy":"product_cat","embeddable":true,"href":"https:\/\/demonstracao.usinadotemplate.com.br\/sexstore\/wp-json\/wp\/v2\/product_cat?post=1413"},{"taxonomy":"product_tag","embeddable":true,"href":"https:\/\/demonstracao.usinadotemplate.com.br\/sexstore\/wp-json\/wp\/v2\/product_tag?post=1413"}],"curies":[{"name":"wp","href":"https:\/\/api.w.org\/{rel}","templated":true}]}}