{"id":1414,"date":"2023-02-12T20:00:15","date_gmt":"2023-02-12T20:00:15","guid":{"rendered":"https:\/\/demonstracao.usinadotemplate.com.br\/sexstore\/?post_type=product&#038;p=1414"},"modified":"2023-02-14T15:24:40","modified_gmt":"2023-02-14T15:24:40","slug":"vela-para-massagem-sensual-tantra-ylang-ylang-80g","status":"publish","type":"product","link":"https:\/\/demonstracao.usinadotemplate.com.br\/sexstore\/produto\/vela-para-massagem-sensual-tantra-ylang-ylang-80g\/","title":{"rendered":"Vela Para Massagem Sensual Tantra Ylang Ylang &#8211; 80g"},"content":{"rendered":"<p>Vela sensual Tantra Ylang Ylang \u00e9 ideal para uma massagem afrodis\u00edaca, relaxante e energizante. \u00c9 um convite tentador para momentos de puro relaxamento e de cumplicidade. O efeito afrodis\u00edaco de Ylang Ylang estimula a libido \u00e9 indicado para aquecer a rela\u00e7\u00e3o a dois. Invista em uma massagem mais demorada em ambiente calmo e o resultado ser\u00e1 de calmaria para tratar os efeitos de p\u00e2nico, agita\u00e7\u00e3o, ira e medo. <\/p>\n<p>A fragr\u00e2ncia de Ylang Ylang \u00e9 sensual, sedutora e atrativa deixando o ambiente muito mais prazeroso. Ap\u00f3s acesa por alguns instantes se transforma em um \u00f3leo hidratante e perfumado ideal para uma massagem a dois. Sua combust\u00e3o \u00e9 baixa e a temperatura atingida \u00e9 similar \u00e0 temperatura do nosso corpo. Descubra uma sensa\u00e7\u00e3o \u00fanica aplicando o \u00f3leo da vela diretamente na pele sem o risco de queima ou dano. <\/p>\n<p>As pr\u00e1ticas t\u00e2ntricas permitem ampliar a capacidade de libera\u00e7\u00e3o e de expans\u00e3o da energia, agregando, com a experi\u00eancia, um novo estado de percep\u00e7\u00e3o e consci\u00eancia. O tapa olho especial que acompanha a vela Tantra Ylang Ylang inspira o segredo, o duvidoso e o desconhecido. A ideia de ter a vis\u00e3o bloqueada para muitos \u00e9 a mais deliciosa sensa\u00e7\u00e3o de intimidade e prazer.<\/p>\n<p>Acompanha tamb\u00e9m manual que vai te ensinar desde a prepara\u00e7\u00e3o do ambiente at\u00e9 como fazer sua massagem sensual com sua vela Tantra Ylang Ylang. Use a vela sensual de Ylang Ylang regularmente para poder desfrutar de uma deliciosa sensa\u00e7\u00e3o de bem-estar, deixando sua pele hidratada e levemente perfumada de uma forma muito mais criativa, sensual e gostosa.<br \/>\nESPECIFICA\u00c7\u00c3O DO PRODUTO<\/p>\n<p>Conhe\u00e7a o Ylang Ylang:<br \/>\nO ylang ylang, cujo nome bot\u00e2nico \u00e9 Cananga odorata, \u00e9 uma \u00e1rvore de porte m\u00e9dio, origin\u00e1ria da \u00c1sia e cuja ess\u00eancia arom\u00e1tica, o \u00f3leo essencial das suas flores \u00e9 amplamente usado em aromaterapia e perfumaria. Seu nome, ylang ylang, deriva do idioma malaio e quer dizer \u201cflor das flores\u201d.<\/p>\n<p>Principais Propriedades:<br \/>\nEfeito afrodis\u00edaco<br \/>\nA\u00e7\u00e3o de est\u00edmulo da libido, ideal para esquentar a rela\u00e7\u00e3o a dois.<br \/>\nA\u00e7\u00e3o relaxante<br \/>\nFunciona tamb\u00e9m como relaxante aliviando o estado de p\u00e2nico, agita\u00e7\u00e3o e medo.<br \/>\nSa\u00fade da pele<br \/>\nContribui com o tratamento de problemas como acne, oleosidade da pele e secura da pele<br \/>\nA\u00e7\u00e3o antiss\u00e9ptica<br \/>\nAge como um antiss\u00e9ptico, ou seja, tem o efeito de combater a infec\u00e7\u00e3o e colabora com o processo de cicatriza\u00e7\u00e3o.<br \/>\nMelhora do humor<br \/>\nAo ser inalada tem efeito positivo na melhora do humor, isso porque ela possui uma habilidade de atuar diretamente no sistema olfat\u00f3rio do c\u00e9rebro.<br \/>\nEnergizador<br \/>\nNa aromaterapia o Ylang Ylang \u00e9 usado para combater o cansa\u00e7o, frustra\u00e7\u00e3o e o esgotamento.<br \/>\nRedu\u00e7\u00e3o dos efeitos da TPM<br \/>\nMassagear o corpo com a vela Tantra Ylang Ylang pode ajudar a diminuir os efeitos da TPM como c\u00f3licas, tens\u00e3o e estresse.<\/p>\n","protected":false},"excerpt":{"rendered":"<p>Vela sensual Tantra Ylang Ylang \u00e9 ideal para uma massagem afrodis\u00edaca, relaxante e energizante. \u00c9 um convite tentador para momentos de puro relaxamento e de cumplicidade. O efeito afrodis\u00edaco de Ylang Ylang estimula a libido \u00e9 indicado para aquecer a rela\u00e7\u00e3o a dois. Invista em uma massagem mais demorada em ambiente calmo e o resultado [&hellip;]<\/p>\n","protected":false},"featured_media":1406,"comment_status":"open","ping_status":"closed","template":"","meta":{"_joinchat":[]},"pwb-brand":[],"product_brand":[],"product_cat":[89,64],"product_tag":[101],"class_list":{"0":"post-1414","1":"product","2":"type-product","3":"status-publish","4":"has-post-thumbnail","6":"product_cat-oleo-para-massagem-sensual","7":"product_cat-velas","8":"product_tag-vela","10":"first","11":"instock","12":"shipping-taxable","13":"purchasable","14":"product-type-simple"},"brands":[],"_links":{"self":[{"href":"https:\/\/demonstracao.usinadotemplate.com.br\/sexstore\/wp-json\/wp\/v2\/product\/1414","targetHints":{"allow":["GET"]}}],"collection":[{"href":"https:\/\/demonstracao.usinadotemplate.com.br\/sexstore\/wp-json\/wp\/v2\/product"}],"about":[{"href":"https:\/\/demonstracao.usinadotemplate.com.br\/sexstore\/wp-json\/wp\/v2\/types\/product"}],"replies":[{"embeddable":true,"href":"https:\/\/demonstracao.usinadotemplate.com.br\/sexstore\/wp-json\/wp\/v2\/comments?post=1414"}],"wp:featuredmedia":[{"embeddable":true,"href":"https:\/\/demonstracao.usinadotemplate.com.br\/sexstore\/wp-json\/wp\/v2\/media\/1406"}],"wp:attachment":[{"href":"https:\/\/demonstracao.usinadotemplate.com.br\/sexstore\/wp-json\/wp\/v2\/media?parent=1414"}],"wp:term":[{"taxonomy":"pwb-brand","embeddable":true,"href":"https:\/\/demonstracao.usinadotemplate.com.br\/sexstore\/wp-json\/wp\/v2\/pwb-brand?post=1414"},{"taxonomy":"product_brand","embeddable":true,"href":"https:\/\/demonstracao.usinadotemplate.com.br\/sexstore\/wp-json\/wp\/v2\/product_brand?post=1414"},{"taxonomy":"product_cat","embeddable":true,"href":"https:\/\/demonstracao.usinadotemplate.com.br\/sexstore\/wp-json\/wp\/v2\/product_cat?post=1414"},{"taxonomy":"product_tag","embeddable":true,"href":"https:\/\/demonstracao.usinadotemplate.com.br\/sexstore\/wp-json\/wp\/v2\/product_tag?post=1414"}],"curies":[{"name":"wp","href":"https:\/\/api.w.org\/{rel}","templated":true}]}}