{"id":1417,"date":"2023-02-12T20:14:08","date_gmt":"2023-02-12T20:14:08","guid":{"rendered":"https:\/\/demonstracao.usinadotemplate.com.br\/sexstore\/?post_type=product&#038;p=1417"},"modified":"2023-02-14T15:14:22","modified_gmt":"2023-02-14T15:14:22","slug":"vela-hidratante-beijavel-sex-gourmet-morango-70g","status":"publish","type":"product","link":"https:\/\/demonstracao.usinadotemplate.com.br\/sexstore\/produto\/vela-hidratante-beijavel-sex-gourmet-morango-70g\/","title":{"rendered":"Vela Hidratante Beij\u00e1vel Sex Gourmet Morango &#8211; 70g"},"content":{"rendered":"<p>Permita-se usufruir de momentos de muito relaxamento e prazer. A vela Sex Gourmet Morango \u00e9 um convite irrecus\u00e1vel a momentos de muita intimidade. Criada para uma massagem sensual e relaxante, prepara o ambiente com sua fragr\u00e2ncia, tornando-o mais rom\u00e2ntico, relaxante e instigante. Sua composi\u00e7\u00e3o \u00e9 livre de parafina e rica em \u00f3leo hidratante beij\u00e1vel com aroma de morango, permitindo experimentar uma agrad\u00e1vel massagem com um leve calor e muito sabor.<\/p>\n<p>Por se tratar de um produto beij\u00e1vel \u00e9 capaz de criar um clima prop\u00edcio a muita cumplicidade e tamb\u00e9m de intimidade. O uso da Vela Sex Gourmet Morango n\u00e3o causa nenhum tipo de dano ao nosso corpo.<\/p>\n<p>Vela Sex Gourmet Morango \u00e9 capaz de deixar o ambiente mais rom\u00e2ntico, relaxante e agrad\u00e1vel. A chama baixa exala uma fragr\u00e2ncia suave criando uma leve penumbra agrad\u00e1vel deixando o clima mais harmonioso e instigante.<br \/>\nESPECIFICA\u00c7\u00c3O DO PRODUTO<\/p>\n<p>Vela Sex Gourmet Morango \u00e9 beij\u00e1vel.<br \/>\nLivre de parafina.<br \/>\nComposta por ingredientes de muita qualidade.<br \/>\nN\u00e3o agride a pele e n\u00e3o causa nenhum dano.<br \/>\nPerfeita para uma massagem sensual e relaxante.<br \/>\nEmbalagem presente\u00e1vel e atraente.<br \/>\nDiscreta e no tamanho ideal para levar na bolsa.<br \/>\nAcompanha pavio extra.<br \/>\nUso unissex.<\/p>\n","protected":false},"excerpt":{"rendered":"<p>Permita-se usufruir de momentos de muito relaxamento e prazer. A vela Sex Gourmet Morango \u00e9 um convite irrecus\u00e1vel a momentos de muita intimidade. Criada para uma massagem sensual e relaxante, prepara o ambiente com sua fragr\u00e2ncia, tornando-o mais rom\u00e2ntico, relaxante e instigante. Sua composi\u00e7\u00e3o \u00e9 livre de parafina e rica em \u00f3leo hidratante beij\u00e1vel com [&hellip;]<\/p>\n","protected":false},"featured_media":1403,"comment_status":"open","ping_status":"closed","template":"","meta":{"_joinchat":[]},"pwb-brand":[],"product_brand":[],"product_cat":[17,142,64],"product_tag":[101],"class_list":{"0":"post-1417","1":"product","2":"type-product","3":"status-publish","4":"has-post-thumbnail","6":"product_cat-cosmeticos","7":"product_cat-gel-comestiveis-e-beijaveis","8":"product_cat-velas","9":"product_tag-vela","11":"first","12":"instock","13":"shipping-taxable","14":"purchasable","15":"product-type-simple"},"brands":[],"_links":{"self":[{"href":"https:\/\/demonstracao.usinadotemplate.com.br\/sexstore\/wp-json\/wp\/v2\/product\/1417","targetHints":{"allow":["GET"]}}],"collection":[{"href":"https:\/\/demonstracao.usinadotemplate.com.br\/sexstore\/wp-json\/wp\/v2\/product"}],"about":[{"href":"https:\/\/demonstracao.usinadotemplate.com.br\/sexstore\/wp-json\/wp\/v2\/types\/product"}],"replies":[{"embeddable":true,"href":"https:\/\/demonstracao.usinadotemplate.com.br\/sexstore\/wp-json\/wp\/v2\/comments?post=1417"}],"wp:featuredmedia":[{"embeddable":true,"href":"https:\/\/demonstracao.usinadotemplate.com.br\/sexstore\/wp-json\/wp\/v2\/media\/1403"}],"wp:attachment":[{"href":"https:\/\/demonstracao.usinadotemplate.com.br\/sexstore\/wp-json\/wp\/v2\/media?parent=1417"}],"wp:term":[{"taxonomy":"pwb-brand","embeddable":true,"href":"https:\/\/demonstracao.usinadotemplate.com.br\/sexstore\/wp-json\/wp\/v2\/pwb-brand?post=1417"},{"taxonomy":"product_brand","embeddable":true,"href":"https:\/\/demonstracao.usinadotemplate.com.br\/sexstore\/wp-json\/wp\/v2\/product_brand?post=1417"},{"taxonomy":"product_cat","embeddable":true,"href":"https:\/\/demonstracao.usinadotemplate.com.br\/sexstore\/wp-json\/wp\/v2\/product_cat?post=1417"},{"taxonomy":"product_tag","embeddable":true,"href":"https:\/\/demonstracao.usinadotemplate.com.br\/sexstore\/wp-json\/wp\/v2\/product_tag?post=1417"}],"curies":[{"name":"wp","href":"https:\/\/api.w.org\/{rel}","templated":true}]}}