{"id":1418,"date":"2023-02-12T20:19:23","date_gmt":"2023-02-12T20:19:23","guid":{"rendered":"https:\/\/demonstracao.usinadotemplate.com.br\/sexstore\/?post_type=product&#038;p=1418"},"modified":"2025-04-29T12:24:51","modified_gmt":"2025-04-29T12:24:51","slug":"copo-esterilizador-em-silicone-para-coletor-menstrual-feminist","status":"publish","type":"product","link":"https:\/\/demonstracao.usinadotemplate.com.br\/sexstore\/produto\/copo-esterilizador-em-silicone-para-coletor-menstrual-feminist\/","title":{"rendered":"Copo Esterilizador em Silicone para Coletor Menstrual Feminist"},"content":{"rendered":"<p>copo esterilizador \u00e9 a forma mais simples e pr\u00e1tica de esterilizar seu coletor menstrual. Em apenas 03 minutinhos no micro-ondas seu coletor menstrual estar\u00e1 totalmente esterilizado e prontinho para ser usado novamente. O copo esterilizador tamb\u00e9m pode ser utilizado como porta coletor mantendo seguro o seu coletor quando n\u00e3o estiver sendo utilizado durante o ciclo menstrual.<\/p>\n<p>Pr\u00e1tico e higi\u00eanico, em instantes voc\u00ea ter\u00e1 seu coletor menstrual pronto para uso e\/ou armazenamento, deixando o coletor livre de qualquer bact\u00e9ria ou germes que possam prejudicar a sua sa\u00fade. Confeccionado em silicone medicinal 100% at\u00f3xico, inodoro, hipoalerg\u00eanico, flex\u00edvel, reutiliz\u00e1vel e port\u00e1til. Amigo da natureza, reutiliz\u00e1vel por at\u00e9 10 anos.<\/p>\n<p>O copo esterilizador \u00e9 pequeno, leve, port\u00e1til, apropriado para o transporte em viagens, acampamentos e aventuras ao ar livre. O copo possui tampa para que o coletor possa ser transportado em seguran\u00e7a livre de germes que possa prejudicar a sua sa\u00fade. O copo esterilizador foi desenvolvido com material 100% Polipropileno, especial para micro-ondas, livre de BPA.<\/p>\n<p>Acompanha manual de utiliza\u00e7\u00e3o. Muito importante seguir todas as orienta\u00e7\u00f5es para a perfeita seguran\u00e7a do seu coletor e tamb\u00e9m da sua seguran\u00e7a durante o manuseio.<br \/>\nESPECIFICA\u00c7\u00c3O DO PRODUTO<\/p>\n<p>Confeccionado em silicone medicinal 100% at\u00f3xico e hipoalerg\u00eanico.<br \/>\nAmigo da natureza, reutiliz\u00e1vel por at\u00e9 10 anos.<br \/>\nPode ser utilizado para armazenar seu coletor menstrual com seguran\u00e7a e discri\u00e7\u00e3o.<br \/>\nTamanho pequeno, ideal para transporte em viagens.<br \/>\nO copo pode ser dobrado devido sua grande flexibilidade.<br \/>\nDesenvolvido com material 100% Polipropileno, especial para micro-ondas.<br \/>\nLivre de BPA.<\/p>\n","protected":false},"excerpt":{"rendered":"<p>copo esterilizador \u00e9 a forma mais simples e pr\u00e1tica de esterilizar seu coletor menstrual. Em apenas 03 minutinhos no micro-ondas seu coletor menstrual estar\u00e1 totalmente esterilizado e prontinho para ser usado novamente. O copo esterilizador tamb\u00e9m pode ser utilizado como porta coletor mantendo seguro o seu coletor quando n\u00e3o estiver sendo utilizado durante o ciclo [&hellip;]<\/p>\n","protected":false},"featured_media":1388,"comment_status":"open","ping_status":"closed","template":"","meta":{"_joinchat":[]},"pwb-brand":[],"product_brand":[],"product_cat":[15,95],"product_tag":[113],"class_list":{"0":"post-1418","1":"product","2":"type-product","3":"status-publish","4":"has-post-thumbnail","6":"product_cat-mais-procurados","7":"product_cat-higiene-intima","8":"product_tag-copo","10":"first","11":"instock","12":"shipping-taxable","13":"purchasable","14":"product-type-simple"},"brands":[],"_links":{"self":[{"href":"https:\/\/demonstracao.usinadotemplate.com.br\/sexstore\/wp-json\/wp\/v2\/product\/1418","targetHints":{"allow":["GET"]}}],"collection":[{"href":"https:\/\/demonstracao.usinadotemplate.com.br\/sexstore\/wp-json\/wp\/v2\/product"}],"about":[{"href":"https:\/\/demonstracao.usinadotemplate.com.br\/sexstore\/wp-json\/wp\/v2\/types\/product"}],"replies":[{"embeddable":true,"href":"https:\/\/demonstracao.usinadotemplate.com.br\/sexstore\/wp-json\/wp\/v2\/comments?post=1418"}],"wp:featuredmedia":[{"embeddable":true,"href":"https:\/\/demonstracao.usinadotemplate.com.br\/sexstore\/wp-json\/wp\/v2\/media\/1388"}],"wp:attachment":[{"href":"https:\/\/demonstracao.usinadotemplate.com.br\/sexstore\/wp-json\/wp\/v2\/media?parent=1418"}],"wp:term":[{"taxonomy":"pwb-brand","embeddable":true,"href":"https:\/\/demonstracao.usinadotemplate.com.br\/sexstore\/wp-json\/wp\/v2\/pwb-brand?post=1418"},{"taxonomy":"product_brand","embeddable":true,"href":"https:\/\/demonstracao.usinadotemplate.com.br\/sexstore\/wp-json\/wp\/v2\/product_brand?post=1418"},{"taxonomy":"product_cat","embeddable":true,"href":"https:\/\/demonstracao.usinadotemplate.com.br\/sexstore\/wp-json\/wp\/v2\/product_cat?post=1418"},{"taxonomy":"product_tag","embeddable":true,"href":"https:\/\/demonstracao.usinadotemplate.com.br\/sexstore\/wp-json\/wp\/v2\/product_tag?post=1418"}],"curies":[{"name":"wp","href":"https:\/\/api.w.org\/{rel}","templated":true}]}}