{"id":1420,"date":"2023-02-12T20:35:23","date_gmt":"2023-02-12T20:35:23","guid":{"rendered":"https:\/\/demonstracao.usinadotemplate.com.br\/sexstore\/?post_type=product&#038;p=1420"},"modified":"2025-04-29T12:23:59","modified_gmt":"2025-04-29T12:23:59","slug":"veludao-striper-lubrificante-siliconado-12ml-intt","status":"publish","type":"product","link":"https:\/\/demonstracao.usinadotemplate.com.br\/sexstore\/produto\/veludao-striper-lubrificante-siliconado-12ml-intt\/","title":{"rendered":"Velud\u00e3o Striper Lubrificante Siliconado 12Ml Intt"},"content":{"rendered":"<p>Velud\u00e3o \u00e9 um gel siliconado que n\u00e3o pode faltar na sua vida. Ele \u00e9 ideal para momentos de lubrifica\u00e7\u00e3o e masturba\u00e7\u00e3o. Por conta da sua composi\u00e7\u00e3o ele desliza facilmente proporcionando mais prazer e conforto. Com uma fragr\u00e2ncia \u00fanica que agrada at\u00e9 mesmo os mais exigentes.<\/p>\n<p>Informa\u00e7\u00f5es e Ativos:<br \/>\nPor ser siliconado possui um textura aveludada e altamente hidratante e deslizante, trazendo um impacto \u00fanico para o momento de prazer<\/p>\n<p>Modo de uso:<br \/>\nAbra o produto e aplique algumas gotas no local desejado, espalhando suavemente<\/p>\n","protected":false},"excerpt":{"rendered":"<p>Velud\u00e3o \u00e9 um gel siliconado que n\u00e3o pode faltar na sua vida. Ele \u00e9 ideal para momentos de lubrifica\u00e7\u00e3o e masturba\u00e7\u00e3o. Por conta da sua composi\u00e7\u00e3o ele desliza facilmente proporcionando mais prazer e conforto. Com uma fragr\u00e2ncia \u00fanica que agrada at\u00e9 mesmo os mais exigentes. Informa\u00e7\u00f5es e Ativos: Por ser siliconado possui um textura aveludada [&hellip;]<\/p>\n","protected":false},"featured_media":1422,"comment_status":"open","ping_status":"closed","template":"","meta":{"_joinchat":[]},"pwb-brand":[],"product_brand":[],"product_cat":[15,55],"product_tag":[114],"class_list":{"0":"post-1420","1":"product","2":"type-product","3":"status-publish","4":"has-post-thumbnail","6":"product_cat-mais-procurados","7":"product_cat-lubrificantes","8":"product_tag-siliconado","10":"first","11":"instock","12":"shipping-taxable","13":"purchasable","14":"product-type-simple"},"brands":[],"_links":{"self":[{"href":"https:\/\/demonstracao.usinadotemplate.com.br\/sexstore\/wp-json\/wp\/v2\/product\/1420","targetHints":{"allow":["GET"]}}],"collection":[{"href":"https:\/\/demonstracao.usinadotemplate.com.br\/sexstore\/wp-json\/wp\/v2\/product"}],"about":[{"href":"https:\/\/demonstracao.usinadotemplate.com.br\/sexstore\/wp-json\/wp\/v2\/types\/product"}],"replies":[{"embeddable":true,"href":"https:\/\/demonstracao.usinadotemplate.com.br\/sexstore\/wp-json\/wp\/v2\/comments?post=1420"}],"wp:featuredmedia":[{"embeddable":true,"href":"https:\/\/demonstracao.usinadotemplate.com.br\/sexstore\/wp-json\/wp\/v2\/media\/1422"}],"wp:attachment":[{"href":"https:\/\/demonstracao.usinadotemplate.com.br\/sexstore\/wp-json\/wp\/v2\/media?parent=1420"}],"wp:term":[{"taxonomy":"pwb-brand","embeddable":true,"href":"https:\/\/demonstracao.usinadotemplate.com.br\/sexstore\/wp-json\/wp\/v2\/pwb-brand?post=1420"},{"taxonomy":"product_brand","embeddable":true,"href":"https:\/\/demonstracao.usinadotemplate.com.br\/sexstore\/wp-json\/wp\/v2\/product_brand?post=1420"},{"taxonomy":"product_cat","embeddable":true,"href":"https:\/\/demonstracao.usinadotemplate.com.br\/sexstore\/wp-json\/wp\/v2\/product_cat?post=1420"},{"taxonomy":"product_tag","embeddable":true,"href":"https:\/\/demonstracao.usinadotemplate.com.br\/sexstore\/wp-json\/wp\/v2\/product_tag?post=1420"}],"curies":[{"name":"wp","href":"https:\/\/api.w.org\/{rel}","templated":true}]}}