{"id":1429,"date":"2023-02-12T20:39:11","date_gmt":"2023-02-12T20:39:11","guid":{"rendered":"https:\/\/demonstracao.usinadotemplate.com.br\/sexstore\/?post_type=product&#038;p=1429"},"modified":"2023-02-14T15:04:43","modified_gmt":"2023-02-14T15:04:43","slug":"xana-loka-gel-excitante-vibracoes-15g-hot-flowers","status":"publish","type":"product","link":"https:\/\/demonstracao.usinadotemplate.com.br\/sexstore\/produto\/xana-loka-gel-excitante-vibracoes-15g-hot-flowers\/","title":{"rendered":"Xana Loka Gel Excitante Vibra\u00e7\u00f5es 15G Hot Flowers"},"content":{"rendered":"<p>ana Loka Gel Excitante Vibra\u00e7\u00f5es 15g Hot Flowers \u00e9 um gel criado principalmente para fazer com que seus momentos de prazer sejam repletos de novas sensa\u00e7\u00f5es, proporciona os sentimentos de esfriar, aquecer e vibrar. <\/p>\n<p>O que \u00e9? Gel excitante<br \/>\nPara que serve? Tornar sua experi\u00eancia sexual \u00fanica<br \/>\nPorque \u00e9 especial? Proporciona sensa\u00e7\u00f5es de aquecimento, refresc\u00e2ncia e vibra\u00e7\u00e3o<br \/>\nComo usar? Voc\u00ea s\u00f3 tem de passar na regi\u00e3o \u00edntima momentos antes de iniciar a rela\u00e7\u00e3o sexual<br \/>\nO que evitar? N\u00e3o coloque nos olhos<br \/>\nQuantidade: 1<br \/>\nVolume: 15g<br \/>\nFabricante: Hot Flowers<\/p>\n","protected":false},"excerpt":{"rendered":"<p>ana Loka Gel Excitante Vibra\u00e7\u00f5es 15g Hot Flowers \u00e9 um gel criado principalmente para fazer com que seus momentos de prazer sejam repletos de novas sensa\u00e7\u00f5es, proporciona os sentimentos de esfriar, aquecer e vibrar. O que \u00e9? Gel excitante Para que serve? Tornar sua experi\u00eancia sexual \u00fanica Porque \u00e9 especial? Proporciona sensa\u00e7\u00f5es de aquecimento, refresc\u00e2ncia [&hellip;]<\/p>\n","protected":false},"featured_media":1427,"comment_status":"open","ping_status":"closed","template":"","meta":{"_joinchat":[]},"pwb-brand":[],"product_brand":[],"product_cat":[17,141,90,63],"product_tag":[116,115],"class_list":{"0":"post-1429","1":"product","2":"type-product","3":"status-publish","4":"has-post-thumbnail","6":"product_cat-cosmeticos","7":"product_cat-excitante-feminimo","8":"product_cat-gel-funcional","9":"product_cat-vibradores-liquidos","10":"product_tag-feminino","11":"product_tag-xana","13":"first","14":"instock","15":"shipping-taxable","16":"purchasable","17":"product-type-simple"},"brands":[],"_links":{"self":[{"href":"https:\/\/demonstracao.usinadotemplate.com.br\/sexstore\/wp-json\/wp\/v2\/product\/1429","targetHints":{"allow":["GET"]}}],"collection":[{"href":"https:\/\/demonstracao.usinadotemplate.com.br\/sexstore\/wp-json\/wp\/v2\/product"}],"about":[{"href":"https:\/\/demonstracao.usinadotemplate.com.br\/sexstore\/wp-json\/wp\/v2\/types\/product"}],"replies":[{"embeddable":true,"href":"https:\/\/demonstracao.usinadotemplate.com.br\/sexstore\/wp-json\/wp\/v2\/comments?post=1429"}],"wp:featuredmedia":[{"embeddable":true,"href":"https:\/\/demonstracao.usinadotemplate.com.br\/sexstore\/wp-json\/wp\/v2\/media\/1427"}],"wp:attachment":[{"href":"https:\/\/demonstracao.usinadotemplate.com.br\/sexstore\/wp-json\/wp\/v2\/media?parent=1429"}],"wp:term":[{"taxonomy":"pwb-brand","embeddable":true,"href":"https:\/\/demonstracao.usinadotemplate.com.br\/sexstore\/wp-json\/wp\/v2\/pwb-brand?post=1429"},{"taxonomy":"product_brand","embeddable":true,"href":"https:\/\/demonstracao.usinadotemplate.com.br\/sexstore\/wp-json\/wp\/v2\/product_brand?post=1429"},{"taxonomy":"product_cat","embeddable":true,"href":"https:\/\/demonstracao.usinadotemplate.com.br\/sexstore\/wp-json\/wp\/v2\/product_cat?post=1429"},{"taxonomy":"product_tag","embeddable":true,"href":"https:\/\/demonstracao.usinadotemplate.com.br\/sexstore\/wp-json\/wp\/v2\/product_tag?post=1429"}],"curies":[{"name":"wp","href":"https:\/\/api.w.org\/{rel}","templated":true}]}}