{"id":1430,"date":"2023-02-12T20:43:14","date_gmt":"2023-02-12T20:43:14","guid":{"rendered":"https:\/\/demonstracao.usinadotemplate.com.br\/sexstore\/?post_type=product&#038;p=1430"},"modified":"2023-02-14T15:03:05","modified_gmt":"2023-02-14T15:03:05","slug":"gel-comestivel-sensacoes-hot-e-ice-sabor-hortela-15g","status":"publish","type":"product","link":"https:\/\/demonstracao.usinadotemplate.com.br\/sexstore\/produto\/gel-comestivel-sensacoes-hot-e-ice-sabor-hortela-15g\/","title":{"rendered":"Gel Comest\u00edvel Sensa\u00e7\u00f5es Hot e Ice Sabor Hortel\u00e3 &#8211; 15g"},"content":{"rendered":"<p>Sensa\u00e7\u00f5es hortel\u00e3 foi criado para atender o paladar dos mais exigentes. Seu sabor inconfund\u00edvel \u00e9 capaz de propiciar uma deliciosa sensa\u00e7\u00e3o de prazer. Muito mais que um gel comest\u00edvel, atende as expectativas dos bons apreciadores de momentos \u00fanicos e repletos de muita intimidade. <\/p>\n<p>Acondiconado em uma linda e moderna embalagem Pump Control, desenvolvida para um avan\u00e7ado sistema de v\u00e1lvulas que impede a entrada de ar na embalagem, protege seu Sensa\u00e7\u00f5es da oxida\u00e7\u00e3o permitindo maior estabilidade da formula\u00e7\u00e3o. Sua fun\u00e7\u00e3o hot e ice propicia aquecimento e frescor simultaneamente intensificando ainda mais o prazer e deixando a rela\u00e7\u00e3o mais intensa e quente.<\/p>\n<p>O sabor de hortel\u00e3 \u00e9 sedutor e provocante. Use sua imagina\u00e7\u00e3o para criar novas sensa\u00e7\u00f5es, agu\u00e7ando seu lado sensorial ao extremo. D\u00ea mais vida ao seu relacionamento e converta o sexo oral a dois em um momento realmente m\u00e1gico. <\/p>\n<p>ESPECIFICA\u00c7\u00c3O DO PRODUTO<\/p>\n<p>Gel comest\u00edvel sabor hortel\u00e3.<br \/>\nPropriedade Hot &#038; Ice, ou seja, esquenta e esfria.<br \/>\nFormula\u00e7\u00e3o com ingredientes de alta qualidade oferecendo sabor \u00fanico.<br \/>\nComest\u00edvel, beij\u00e1vel, provocante e excitante.<br \/>\nModerna embalagem Pump Control.<br \/>\nUso unissex.<\/p>\n","protected":false},"excerpt":{"rendered":"<p>Sensa\u00e7\u00f5es hortel\u00e3 foi criado para atender o paladar dos mais exigentes. Seu sabor inconfund\u00edvel \u00e9 capaz de propiciar uma deliciosa sensa\u00e7\u00e3o de prazer. Muito mais que um gel comest\u00edvel, atende as expectativas dos bons apreciadores de momentos \u00fanicos e repletos de muita intimidade. Acondiconado em uma linda e moderna embalagem Pump Control, desenvolvida para um [&hellip;]<\/p>\n","protected":false},"featured_media":1424,"comment_status":"open","ping_status":"closed","template":"","meta":{"_joinchat":[]},"pwb-brand":[],"product_brand":[],"product_cat":[17,142,90,55],"product_tag":[109],"class_list":{"0":"post-1430","1":"product","2":"type-product","3":"status-publish","4":"has-post-thumbnail","6":"product_cat-cosmeticos","7":"product_cat-gel-comestiveis-e-beijaveis","8":"product_cat-gel-funcional","9":"product_cat-lubrificantes","10":"product_tag-beijavel","12":"first","13":"instock","14":"shipping-taxable","15":"purchasable","16":"product-type-simple"},"brands":[],"_links":{"self":[{"href":"https:\/\/demonstracao.usinadotemplate.com.br\/sexstore\/wp-json\/wp\/v2\/product\/1430","targetHints":{"allow":["GET"]}}],"collection":[{"href":"https:\/\/demonstracao.usinadotemplate.com.br\/sexstore\/wp-json\/wp\/v2\/product"}],"about":[{"href":"https:\/\/demonstracao.usinadotemplate.com.br\/sexstore\/wp-json\/wp\/v2\/types\/product"}],"replies":[{"embeddable":true,"href":"https:\/\/demonstracao.usinadotemplate.com.br\/sexstore\/wp-json\/wp\/v2\/comments?post=1430"}],"wp:featuredmedia":[{"embeddable":true,"href":"https:\/\/demonstracao.usinadotemplate.com.br\/sexstore\/wp-json\/wp\/v2\/media\/1424"}],"wp:attachment":[{"href":"https:\/\/demonstracao.usinadotemplate.com.br\/sexstore\/wp-json\/wp\/v2\/media?parent=1430"}],"wp:term":[{"taxonomy":"pwb-brand","embeddable":true,"href":"https:\/\/demonstracao.usinadotemplate.com.br\/sexstore\/wp-json\/wp\/v2\/pwb-brand?post=1430"},{"taxonomy":"product_brand","embeddable":true,"href":"https:\/\/demonstracao.usinadotemplate.com.br\/sexstore\/wp-json\/wp\/v2\/product_brand?post=1430"},{"taxonomy":"product_cat","embeddable":true,"href":"https:\/\/demonstracao.usinadotemplate.com.br\/sexstore\/wp-json\/wp\/v2\/product_cat?post=1430"},{"taxonomy":"product_tag","embeddable":true,"href":"https:\/\/demonstracao.usinadotemplate.com.br\/sexstore\/wp-json\/wp\/v2\/product_tag?post=1430"}],"curies":[{"name":"wp","href":"https:\/\/api.w.org\/{rel}","templated":true}]}}