{"id":1438,"date":"2023-02-12T20:58:45","date_gmt":"2023-02-12T20:58:45","guid":{"rendered":"https:\/\/demonstracao.usinadotemplate.com.br\/sexstore\/?post_type=product&#038;p=1438"},"modified":"2023-02-12T20:58:45","modified_gmt":"2023-02-12T20:58:45","slug":"gel-lubrificante-natural-pra-regiao-pelvica-biosex-220-ml","status":"publish","type":"product","link":"https:\/\/demonstracao.usinadotemplate.com.br\/sexstore\/produto\/gel-lubrificante-natural-pra-regiao-pelvica-biosex-220-ml\/","title":{"rendered":"Gel Lubrificante Natural pra Regi\u00e3o P\u00e9lvica Biosex &#8211; 220 ml"},"content":{"rendered":"<p>Biosex, uma linha de produtos org\u00e2nicos e veganos com conceito inovador de cuidados para sua sa\u00fade \u00edntima apresenta o gel lubrificante com hidrata\u00e7\u00e3o natural. Na rela\u00e7\u00e3o sexual a lubrifica\u00e7\u00e3o \u00edntima \u00e9 essencial para uma vida sexual saud\u00e1vel e prazerosa. O gel lubrificante Biosex promove uma lubrifica\u00e7\u00e3o altamente deslizante, al\u00e9m de uma hidrata\u00e7\u00e3o natural gra\u00e7as \u00e0 sua formula\u00e7\u00e3o com ingredientes org\u00e2nicos como algas marinhas, extrato de aroeira e extrato de hera. <\/p>\n<p>A lubrifica\u00e7\u00e3o \u00edntima \u00e9 muito importante por ser uma barreira contra qualquer vaginose, fungo ou bact\u00e9ria na vagina. Al\u00e9m de promover lubrifica\u00e7\u00e3o, o gel Biosex cuida e hidrata da sua regi\u00e3o p\u00e9lvica gra\u00e7as aos seus componentes que possuem a\u00e7\u00f5es reparadoras como anti-inflamat\u00f3rio, cicatrizante, anti-fungo e adstringente. O gel lubrificante Biosex possui extrato de aroeira com uma incr\u00edvel capacidade anti-inflamat\u00f3ria e cicatrizante. A aroeira tamb\u00e9m possui propriedades antiss\u00e9ptica e bactericida. Hera \u00e9 outra extrato que comp\u00f5e o gel Biosex com sua propriedade antimicrobiano, adstringente, cicatrizante, calmante e hidratante. O extrato de algas marinhas vem para agregar uma melhor lubrifica\u00e7\u00e3o, antioxidante, promove firmeza e hidrata\u00e7\u00e3o.<\/p>\n<p>N\u00e3o \u00e9 segredo que o sexo oferece in\u00fameros benef\u00edcios \u00e0 sa\u00fade do homem e da mulher, al\u00e9m de ser fator importante para fortalecer a uni\u00e3o entre o casal. O sexo melhora a autoestima, reduz a tens\u00e3o, alivia o estresse, melhora a circula\u00e7\u00e3o sangu\u00ednea, faz bem para o cora\u00e7\u00e3o, Melhora o relacionamento a dois, fortalece os m\u00fasculos da regi\u00e3o p\u00e9lvica, ajuda a fortalecer o sistema imunol\u00f3gico contra gripes e resfriados, ajuda a queimar calorias, faz bem para a pele, melhora a circula\u00e7\u00e3o sangu\u00ednea, libera sensa\u00e7\u00f5es prazerosas e relaxantes.<\/p>\n<p>Al\u00e9m de todos estes benef\u00edcios, o sexo \u00e9 um analg\u00e9sico natural no al\u00edvio da dor de cabe\u00e7a, ou seja, sexo s\u00f3 traz benef\u00edcios. Mas para voc\u00ea poder usufruir de todos os benef\u00edcios que o sexo pode trazer para sua vida \u00e9 important\u00edssimo o cuidado com sua regi\u00e3o p\u00e9lvica e o gel lubrificante Biosex \u00e9 o cuidado que voc\u00ea precisa. Um produto 100% org\u00e2nico e vegano demonstra cuidado e respeito por voc\u00ea e pela sua sa\u00fade \u00edntima.<\/p>\n<p>Com efic\u00e1cia comprovada, o gel Biosex \u00e9 testado e aprovado dermatologicamente e ginecoligamente. Livre de parabenos, sulfato, petrolato e PPG. N\u00e3o cont\u00e9m \u00e1lcool. Por ser semelhante \u00e0 lubrifica\u00e7\u00e3o natural, \u00e9 discreto e seguro, n\u00e3o causa irrita\u00e7\u00e3o e possui f\u00e1cil remo\u00e7\u00e3o. Sua textura \u00e9 g\u00e9lica, sem cheiro, sem fragr\u00e2ncia, sem aroma. Reduz o atrito natural possibilitando maior conforto e suavidade. Gel lubrificante Biosex, porque sua sa\u00fade \u00edntima precisa e voc\u00ea merece este cuidado.<\/p>\n<p>ESPECIFICA\u00c7\u00c3O DO PRODUTO<\/p>\n<p>Um produto 100% org\u00e2nico.<br \/>\nGel Biosex \u00e9 vegano.<br \/>\nAlto poder deslizante.<br \/>\nHidratante natural para sua regi\u00e3o p\u00e9lvica.<br \/>\nSem cheiro, sem fragr\u00e2ncia e sem aroma.<br \/>\nLivre de parabenos, sulfato, petrolato e PPG.<br \/>\nTestado e aprovado dermatologicamente e ginecologicamente.<\/p>\n","protected":false},"excerpt":{"rendered":"<p>Biosex, uma linha de produtos org\u00e2nicos e veganos com conceito inovador de cuidados para sua sa\u00fade \u00edntima apresenta o gel lubrificante com hidrata\u00e7\u00e3o natural. Na rela\u00e7\u00e3o sexual a lubrifica\u00e7\u00e3o \u00edntima \u00e9 essencial para uma vida sexual saud\u00e1vel e prazerosa. O gel lubrificante Biosex promove uma lubrifica\u00e7\u00e3o altamente deslizante, al\u00e9m de uma hidrata\u00e7\u00e3o natural gra\u00e7as \u00e0 [&hellip;]<\/p>\n","protected":false},"featured_media":1433,"comment_status":"open","ping_status":"closed","template":"","meta":{"_joinchat":[]},"pwb-brand":[],"product_brand":[],"product_cat":[55],"product_tag":[107],"class_list":{"0":"post-1438","1":"product","2":"type-product","3":"status-publish","4":"has-post-thumbnail","6":"product_cat-lubrificantes","7":"product_tag-lubrificante","9":"first","10":"instock","11":"shipping-taxable","12":"purchasable","13":"product-type-simple"},"brands":[],"_links":{"self":[{"href":"https:\/\/demonstracao.usinadotemplate.com.br\/sexstore\/wp-json\/wp\/v2\/product\/1438","targetHints":{"allow":["GET"]}}],"collection":[{"href":"https:\/\/demonstracao.usinadotemplate.com.br\/sexstore\/wp-json\/wp\/v2\/product"}],"about":[{"href":"https:\/\/demonstracao.usinadotemplate.com.br\/sexstore\/wp-json\/wp\/v2\/types\/product"}],"replies":[{"embeddable":true,"href":"https:\/\/demonstracao.usinadotemplate.com.br\/sexstore\/wp-json\/wp\/v2\/comments?post=1438"}],"wp:featuredmedia":[{"embeddable":true,"href":"https:\/\/demonstracao.usinadotemplate.com.br\/sexstore\/wp-json\/wp\/v2\/media\/1433"}],"wp:attachment":[{"href":"https:\/\/demonstracao.usinadotemplate.com.br\/sexstore\/wp-json\/wp\/v2\/media?parent=1438"}],"wp:term":[{"taxonomy":"pwb-brand","embeddable":true,"href":"https:\/\/demonstracao.usinadotemplate.com.br\/sexstore\/wp-json\/wp\/v2\/pwb-brand?post=1438"},{"taxonomy":"product_brand","embeddable":true,"href":"https:\/\/demonstracao.usinadotemplate.com.br\/sexstore\/wp-json\/wp\/v2\/product_brand?post=1438"},{"taxonomy":"product_cat","embeddable":true,"href":"https:\/\/demonstracao.usinadotemplate.com.br\/sexstore\/wp-json\/wp\/v2\/product_cat?post=1438"},{"taxonomy":"product_tag","embeddable":true,"href":"https:\/\/demonstracao.usinadotemplate.com.br\/sexstore\/wp-json\/wp\/v2\/product_tag?post=1438"}],"curies":[{"name":"wp","href":"https:\/\/api.w.org\/{rel}","templated":true}]}}