{"id":1439,"date":"2023-02-12T21:03:17","date_gmt":"2023-02-12T21:03:17","guid":{"rendered":"https:\/\/demonstracao.usinadotemplate.com.br\/sexstore\/?post_type=product&#038;p=1439"},"modified":"2025-04-29T12:23:22","modified_gmt":"2025-04-29T12:23:22","slug":"gel-para-massagem-sensual-sensation-gel-220ml","status":"publish","type":"product","link":"https:\/\/demonstracao.usinadotemplate.com.br\/sexstore\/produto\/gel-para-massagem-sensual-sensation-gel-220ml\/","title":{"rendered":"Gel para Massagem Sensual Sensation Gel &#8211; 220ml"},"content":{"rendered":"<p>Gel Sensation foi desenvolvido especificamente para realizar uma massagem corpo a corpo extremamente \u00edntima e sensual. Esta massagem \u00e9 conhecida como Nuru, \u00e9 de origem Japonesa e a palavra Nuru traduzida significa escorregadio. A massagem Nuru \u00e9 peculiar e \u00fanica onde \u00e9 feita com o corpo completamente nu, deixando o clima quente e muito sensual que nos leva ao limite. Assim como toda massagem n\u00e3o h\u00e1 regras para a imagina\u00e7\u00e3o e para a criatividade.<\/p>\n<p>A massagem pode ser realizada por massagista que atrav\u00e9s de movimentos deslizantes, percorre todo o nosso corpo, provocando sensa\u00e7\u00f5es inacredit\u00e1veis, n\u00e3o s\u00f3 pelo contato do corpo como pelas propriedades e qualidades do gel Sensation. Casais devem realizar a massagem Nuru valorizando o contato corporal onde o corpo \u00e9 o principal instrumento para a massagem se tornar algo altamente prazeroso com muita cumplicidade.<\/p>\n<p>Outra particularidade desta massagem \u00e9 poder usar o Gel Sensation em temperatura natural ou aquecido em banho Maria (Imergir o frasco em \u00e1gua quente) minutos antes de iniciar a massagem. Gel Sensation apresenta aspecto transparente, sem sabor, n\u00e3o oleoso e deliciosamente escorregadio. Esta terapia \u00e9 realmente uma experi\u00eancia de massagem corporal \u00fanica, que gra\u00e7as ao gel Sensation, eleva os n\u00edveis de erotismo e sensualidade exponencialmente.<\/p>\n<p>ESPECIFICA\u00c7\u00c3O DO PRODUTO<\/p>\n<p>Gel Sensation apresenta aspecto transparente, sem sabor, n\u00e3o oleoso e deliciosamente escorregadio.<br \/>\nTextura brilhante que permite uma massagem mais sedutora, \u00edntima e prazerosa.<br \/>\nEstimula o toque corporal aproximando casais.<br \/>\nProporciona cuidado corporal completo.<br \/>\nHidratante faz seu corpo revigorar deixando-o brilhante com aspecto sensual e provocante.<br \/>\nBase aquosa que permite uma f\u00e1cil e r\u00e1pida remo\u00e7\u00e3o ap\u00f3s a massagem.<br \/>\nProduto n\u00e3o oleoso.<br \/>\nUso unissex.<\/p>\n","protected":false},"excerpt":{"rendered":"<p>Gel Sensation foi desenvolvido especificamente para realizar uma massagem corpo a corpo extremamente \u00edntima e sensual. Esta massagem \u00e9 conhecida como Nuru, \u00e9 de origem Japonesa e a palavra Nuru traduzida significa escorregadio. A massagem Nuru \u00e9 peculiar e \u00fanica onde \u00e9 feita com o corpo completamente nu, deixando o clima quente e muito sensual [&hellip;]<\/p>\n","protected":false},"featured_media":1440,"comment_status":"open","ping_status":"closed","template":"","meta":{"_joinchat":[]},"pwb-brand":[],"product_brand":[],"product_cat":[15,55,89],"product_tag":[118],"class_list":{"0":"post-1439","1":"product","2":"type-product","3":"status-publish","4":"has-post-thumbnail","6":"product_cat-mais-procurados","7":"product_cat-lubrificantes","8":"product_cat-oleo-para-massagem-sensual","9":"product_tag-masagem","11":"first","12":"instock","13":"shipping-taxable","14":"purchasable","15":"product-type-simple"},"brands":[],"_links":{"self":[{"href":"https:\/\/demonstracao.usinadotemplate.com.br\/sexstore\/wp-json\/wp\/v2\/product\/1439","targetHints":{"allow":["GET"]}}],"collection":[{"href":"https:\/\/demonstracao.usinadotemplate.com.br\/sexstore\/wp-json\/wp\/v2\/product"}],"about":[{"href":"https:\/\/demonstracao.usinadotemplate.com.br\/sexstore\/wp-json\/wp\/v2\/types\/product"}],"replies":[{"embeddable":true,"href":"https:\/\/demonstracao.usinadotemplate.com.br\/sexstore\/wp-json\/wp\/v2\/comments?post=1439"}],"wp:featuredmedia":[{"embeddable":true,"href":"https:\/\/demonstracao.usinadotemplate.com.br\/sexstore\/wp-json\/wp\/v2\/media\/1440"}],"wp:attachment":[{"href":"https:\/\/demonstracao.usinadotemplate.com.br\/sexstore\/wp-json\/wp\/v2\/media?parent=1439"}],"wp:term":[{"taxonomy":"pwb-brand","embeddable":true,"href":"https:\/\/demonstracao.usinadotemplate.com.br\/sexstore\/wp-json\/wp\/v2\/pwb-brand?post=1439"},{"taxonomy":"product_brand","embeddable":true,"href":"https:\/\/demonstracao.usinadotemplate.com.br\/sexstore\/wp-json\/wp\/v2\/product_brand?post=1439"},{"taxonomy":"product_cat","embeddable":true,"href":"https:\/\/demonstracao.usinadotemplate.com.br\/sexstore\/wp-json\/wp\/v2\/product_cat?post=1439"},{"taxonomy":"product_tag","embeddable":true,"href":"https:\/\/demonstracao.usinadotemplate.com.br\/sexstore\/wp-json\/wp\/v2\/product_tag?post=1439"}],"curies":[{"name":"wp","href":"https:\/\/api.w.org\/{rel}","templated":true}]}}