{"id":1441,"date":"2023-02-12T21:09:29","date_gmt":"2023-02-12T21:09:29","guid":{"rendered":"https:\/\/demonstracao.usinadotemplate.com.br\/sexstore\/?post_type=product&#038;p=1441"},"modified":"2023-02-12T21:09:29","modified_gmt":"2023-02-12T21:09:29","slug":"gel-dessensibilizante-tabu-15g","status":"publish","type":"product","link":"https:\/\/demonstracao.usinadotemplate.com.br\/sexstore\/produto\/gel-dessensibilizante-tabu-15g\/","title":{"rendered":"Gel Dessensibilizante Tabu &#8211; 15g"},"content":{"rendered":"<p>Gel Tabu \u00e9 um poderoso dessensibilizante proporcionando muito mais conforto para ele ou para ela. Descubra novos prazeres, quebre os tabus sobre a rela\u00e7\u00e3o sexual e experimente novas sensa\u00e7\u00f5es.<br \/>\nSeguran\u00e7a e conforto que voc\u00ea merece em momentos em que voc\u00ea mais precisa. Deixe sua rela\u00e7\u00e3o a dois muito mais agrad\u00e1vel e sensual. Para casais modernos que est\u00e3o em busca de muita emo\u00e7\u00e3o.<br \/>\nESPECIFICA\u00c7\u00c3O DO PRODUTO<\/p>\n<p>Sua formula\u00e7\u00e3o \u00e9 capaz de proporcionar maior conforto para momentos mais \u00edntimos.<br \/>\nPoderoso dessensibilizante de uso unissex.<br \/>\nSeguran\u00e7a e conforto que voc\u00ea merece e procura para momentos em que voc\u00ea mais precisa.<br \/>\nEspecialmente desenvolvido para casais que procuram prazer e muito conforto.<\/p>\n","protected":false},"excerpt":{"rendered":"<p>Gel Tabu \u00e9 um poderoso dessensibilizante proporcionando muito mais conforto para ele ou para ela. Descubra novos prazeres, quebre os tabus sobre a rela\u00e7\u00e3o sexual e experimente novas sensa\u00e7\u00f5es. Seguran\u00e7a e conforto que voc\u00ea merece em momentos em que voc\u00ea mais precisa. Deixe sua rela\u00e7\u00e3o a dois muito mais agrad\u00e1vel e sensual. Para casais modernos [&hellip;]<\/p>\n","protected":false},"featured_media":1445,"comment_status":"open","ping_status":"closed","template":"","meta":{"_joinchat":[]},"pwb-brand":[],"product_brand":[],"product_cat":[61],"product_tag":[119],"class_list":{"0":"post-1441","1":"product","2":"type-product","3":"status-publish","4":"has-post-thumbnail","6":"product_cat-deslizantes","7":"product_tag-anal","9":"first","10":"instock","11":"shipping-taxable","12":"purchasable","13":"product-type-simple"},"brands":[],"_links":{"self":[{"href":"https:\/\/demonstracao.usinadotemplate.com.br\/sexstore\/wp-json\/wp\/v2\/product\/1441","targetHints":{"allow":["GET"]}}],"collection":[{"href":"https:\/\/demonstracao.usinadotemplate.com.br\/sexstore\/wp-json\/wp\/v2\/product"}],"about":[{"href":"https:\/\/demonstracao.usinadotemplate.com.br\/sexstore\/wp-json\/wp\/v2\/types\/product"}],"replies":[{"embeddable":true,"href":"https:\/\/demonstracao.usinadotemplate.com.br\/sexstore\/wp-json\/wp\/v2\/comments?post=1441"}],"wp:featuredmedia":[{"embeddable":true,"href":"https:\/\/demonstracao.usinadotemplate.com.br\/sexstore\/wp-json\/wp\/v2\/media\/1445"}],"wp:attachment":[{"href":"https:\/\/demonstracao.usinadotemplate.com.br\/sexstore\/wp-json\/wp\/v2\/media?parent=1441"}],"wp:term":[{"taxonomy":"pwb-brand","embeddable":true,"href":"https:\/\/demonstracao.usinadotemplate.com.br\/sexstore\/wp-json\/wp\/v2\/pwb-brand?post=1441"},{"taxonomy":"product_brand","embeddable":true,"href":"https:\/\/demonstracao.usinadotemplate.com.br\/sexstore\/wp-json\/wp\/v2\/product_brand?post=1441"},{"taxonomy":"product_cat","embeddable":true,"href":"https:\/\/demonstracao.usinadotemplate.com.br\/sexstore\/wp-json\/wp\/v2\/product_cat?post=1441"},{"taxonomy":"product_tag","embeddable":true,"href":"https:\/\/demonstracao.usinadotemplate.com.br\/sexstore\/wp-json\/wp\/v2\/product_tag?post=1441"}],"curies":[{"name":"wp","href":"https:\/\/api.w.org\/{rel}","templated":true}]}}