{"id":1446,"date":"2023-02-12T21:17:25","date_gmt":"2023-02-12T21:17:25","guid":{"rendered":"https:\/\/demonstracao.usinadotemplate.com.br\/sexstore\/?post_type=product&#038;p=1446"},"modified":"2023-02-14T14:59:58","modified_gmt":"2023-02-14T14:59:58","slug":"gel-beijavel-eletric-beijo-grego-15g","status":"publish","type":"product","link":"https:\/\/demonstracao.usinadotemplate.com.br\/sexstore\/produto\/gel-beijavel-eletric-beijo-grego-15g\/","title":{"rendered":"Gel Beij\u00e1vel Eletric Beijo Grego &#8211; 15g"},"content":{"rendered":"<p>Beijo Grego \u00e9 o novo gel que veio para dar uma reviravolta em sua vida sexual. Possui em sua formula\u00e7\u00e3o o Jambu que tem como caracter\u00edstica a capacidade de criar pequenos &#8220;choques&#8221; estimulantes. Uso unissex.<\/p>\n<p>Beij\u00e1vel, este gel tem sabor de frutas vermelhas que propicia uma deliciosa sensa\u00e7\u00e3o refrescante durante o ato do sexo oral. Use e abuse da criatividade. Beijo grego n\u00e3o \u00e9 transparente, \u00e9 sol\u00favel em \u00e1gua. Aque\u00e7a sua rela\u00e7\u00e3o e transforme o ato sexual em um momento marcante e \u00fanico. Vida sexual saud\u00e1vel e prazerosa aumenta sua felicidade e bem estar.  <\/p>\n<p>Beijo Grego \u00e9 ideal para casais que buscam inova\u00e7\u00e3o e novas experi\u00eancias. Livre de preconceito, pode ser utilizado por casais e pessoas de todas as op\u00e7\u00f5es sexuais. O tamanho da embalagem favorece o transporte e discri\u00e7\u00e3o. Formula\u00e7\u00e3o com ingredientes excitantes confere ao produto efic\u00e1cia durante a estimula\u00e7\u00e3o deixando o ato sexual ainda mais intenso e prazeroso. <\/p>\n<p>ESPECIFICA\u00c7\u00c3O DO PRODUTO<\/p>\n<p>Gel comest\u00edvel sabor frutas vermelhas.<br \/>\nCapaz de causar pequenas vibra\u00e7\u00f5es simulando a ideia de pequenos &#8220;choques&#8221;.<br \/>\nDuplo efeito: Beij\u00e1vel e eletrizante.<br \/>\nPerfeito para sexo oral.<br \/>\nSabor frutas vermelhas.<br \/>\nUso unissex.<\/p>\n","protected":false},"excerpt":{"rendered":"<p>Beijo Grego \u00e9 o novo gel que veio para dar uma reviravolta em sua vida sexual. Possui em sua formula\u00e7\u00e3o o Jambu que tem como caracter\u00edstica a capacidade de criar pequenos &#8220;choques&#8221; estimulantes. Uso unissex. Beij\u00e1vel, este gel tem sabor de frutas vermelhas que propicia uma deliciosa sensa\u00e7\u00e3o refrescante durante o ato do sexo oral. [&hellip;]<\/p>\n","protected":false},"featured_media":1444,"comment_status":"open","ping_status":"closed","template":"","meta":{"_joinchat":[]},"pwb-brand":[],"product_brand":[],"product_cat":[142,90,63],"product_tag":[110],"class_list":{"0":"post-1446","1":"product","2":"type-product","3":"status-publish","4":"has-post-thumbnail","6":"product_cat-gel-comestiveis-e-beijaveis","7":"product_cat-gel-funcional","8":"product_cat-vibradores-liquidos","9":"product_tag-vibrador-liquido","11":"first","12":"instock","13":"shipping-taxable","14":"purchasable","15":"product-type-simple"},"brands":[],"_links":{"self":[{"href":"https:\/\/demonstracao.usinadotemplate.com.br\/sexstore\/wp-json\/wp\/v2\/product\/1446","targetHints":{"allow":["GET"]}}],"collection":[{"href":"https:\/\/demonstracao.usinadotemplate.com.br\/sexstore\/wp-json\/wp\/v2\/product"}],"about":[{"href":"https:\/\/demonstracao.usinadotemplate.com.br\/sexstore\/wp-json\/wp\/v2\/types\/product"}],"replies":[{"embeddable":true,"href":"https:\/\/demonstracao.usinadotemplate.com.br\/sexstore\/wp-json\/wp\/v2\/comments?post=1446"}],"wp:featuredmedia":[{"embeddable":true,"href":"https:\/\/demonstracao.usinadotemplate.com.br\/sexstore\/wp-json\/wp\/v2\/media\/1444"}],"wp:attachment":[{"href":"https:\/\/demonstracao.usinadotemplate.com.br\/sexstore\/wp-json\/wp\/v2\/media?parent=1446"}],"wp:term":[{"taxonomy":"pwb-brand","embeddable":true,"href":"https:\/\/demonstracao.usinadotemplate.com.br\/sexstore\/wp-json\/wp\/v2\/pwb-brand?post=1446"},{"taxonomy":"product_brand","embeddable":true,"href":"https:\/\/demonstracao.usinadotemplate.com.br\/sexstore\/wp-json\/wp\/v2\/product_brand?post=1446"},{"taxonomy":"product_cat","embeddable":true,"href":"https:\/\/demonstracao.usinadotemplate.com.br\/sexstore\/wp-json\/wp\/v2\/product_cat?post=1446"},{"taxonomy":"product_tag","embeddable":true,"href":"https:\/\/demonstracao.usinadotemplate.com.br\/sexstore\/wp-json\/wp\/v2\/product_tag?post=1446"}],"curies":[{"name":"wp","href":"https:\/\/api.w.org\/{rel}","templated":true}]}}