{"id":1447,"date":"2023-02-12T21:25:27","date_gmt":"2023-02-12T21:25:27","guid":{"rendered":"https:\/\/demonstracao.usinadotemplate.com.br\/sexstore\/?post_type=product&#038;p=1447"},"modified":"2023-02-12T21:25:27","modified_gmt":"2023-02-12T21:25:27","slug":"d4-lubrificante-frozen-60g-sexy-fantasy","status":"publish","type":"product","link":"https:\/\/demonstracao.usinadotemplate.com.br\/sexstore\/produto\/d4-lubrificante-frozen-60g-sexy-fantasy\/","title":{"rendered":"D4 Lubrificante Frozen 60G Sexy Fantasy"},"content":{"rendered":"<p>O D4 Frozen possui ativos e ingredientes que atuam diretamente na sa\u00fade. Devido ao seu efeito deslizante, ele proporciona mais conforto. Al\u00e9m disso, sua formula\u00e7\u00e3o ser a base d\u2019\u00e1gua facilita bastante na hora da retirada do produto, acabando com o terr\u00edvel aspecto gosmento. Com a\u00e7\u00e3o de refresc\u00e2ncia, possui um delicioso sabor de menta!<\/p>\n","protected":false},"excerpt":{"rendered":"<p>O D4 Frozen possui ativos e ingredientes que atuam diretamente na sa\u00fade. Devido ao seu efeito deslizante, ele proporciona mais conforto. Al\u00e9m disso, sua formula\u00e7\u00e3o ser a base d\u2019\u00e1gua facilita bastante na hora da retirada do produto, acabando com o terr\u00edvel aspecto gosmento. Com a\u00e7\u00e3o de refresc\u00e2ncia, possui um delicioso sabor de menta!<\/p>\n","protected":false},"featured_media":1442,"comment_status":"open","ping_status":"closed","template":"","meta":{"_joinchat":[]},"pwb-brand":[],"product_brand":[],"product_cat":[90,55],"product_tag":[120],"class_list":{"0":"post-1447","1":"product","2":"type-product","3":"status-publish","4":"has-post-thumbnail","6":"product_cat-gel-funcional","7":"product_cat-lubrificantes","8":"product_tag-ice","10":"first","11":"instock","12":"shipping-taxable","13":"purchasable","14":"product-type-simple"},"brands":[],"_links":{"self":[{"href":"https:\/\/demonstracao.usinadotemplate.com.br\/sexstore\/wp-json\/wp\/v2\/product\/1447","targetHints":{"allow":["GET"]}}],"collection":[{"href":"https:\/\/demonstracao.usinadotemplate.com.br\/sexstore\/wp-json\/wp\/v2\/product"}],"about":[{"href":"https:\/\/demonstracao.usinadotemplate.com.br\/sexstore\/wp-json\/wp\/v2\/types\/product"}],"replies":[{"embeddable":true,"href":"https:\/\/demonstracao.usinadotemplate.com.br\/sexstore\/wp-json\/wp\/v2\/comments?post=1447"}],"wp:featuredmedia":[{"embeddable":true,"href":"https:\/\/demonstracao.usinadotemplate.com.br\/sexstore\/wp-json\/wp\/v2\/media\/1442"}],"wp:attachment":[{"href":"https:\/\/demonstracao.usinadotemplate.com.br\/sexstore\/wp-json\/wp\/v2\/media?parent=1447"}],"wp:term":[{"taxonomy":"pwb-brand","embeddable":true,"href":"https:\/\/demonstracao.usinadotemplate.com.br\/sexstore\/wp-json\/wp\/v2\/pwb-brand?post=1447"},{"taxonomy":"product_brand","embeddable":true,"href":"https:\/\/demonstracao.usinadotemplate.com.br\/sexstore\/wp-json\/wp\/v2\/product_brand?post=1447"},{"taxonomy":"product_cat","embeddable":true,"href":"https:\/\/demonstracao.usinadotemplate.com.br\/sexstore\/wp-json\/wp\/v2\/product_cat?post=1447"},{"taxonomy":"product_tag","embeddable":true,"href":"https:\/\/demonstracao.usinadotemplate.com.br\/sexstore\/wp-json\/wp\/v2\/product_tag?post=1447"}],"curies":[{"name":"wp","href":"https:\/\/api.w.org\/{rel}","templated":true}]}}