{"id":1448,"date":"2023-02-12T21:32:28","date_gmt":"2023-02-12T21:32:28","guid":{"rendered":"https:\/\/demonstracao.usinadotemplate.com.br\/sexstore\/?post_type=product&#038;p=1448"},"modified":"2023-02-14T14:58:47","modified_gmt":"2023-02-14T14:58:47","slug":"gel-lubrificante-beijavel-gelatto-fragola-30ml","status":"publish","type":"product","link":"https:\/\/demonstracao.usinadotemplate.com.br\/sexstore\/produto\/gel-lubrificante-beijavel-gelatto-fragola-30ml\/","title":{"rendered":"Gel Lubrificante Beij\u00e1vel Gelatto Fragola &#8211; 30ml"},"content":{"rendered":"<p>Gelatto, a combina\u00e7\u00e3o perfeita do sabor italiano com conforto e bem-estar. Gel lubrificante beij\u00e1vel que proporciona muito mais intimidade durante o ato sexual. Gelatto Fragola foi criado para atender o paladar dos mais exigentes e superar a expectativa dos bons apreciadores de momentos \u00fanicos e repletos de muita intimidade. <\/p>\n<p>Sua fun\u00e7\u00e3o ice propicia frescor intensificando ainda mais o prazer e deixando a rela\u00e7\u00e3o mais intensa e \u00edntima. O sabor Fragola \u00e9 nobremente agrad\u00e1vel. Acondicionado em uma requintada e moderna embalagem Pump Control, desenvolvida para um avan\u00e7ado sistema de v\u00e1lvulas que impede a entrada de ar na embalagem, protege seu Gelatto da oxida\u00e7\u00e3o permitindo maior estabilidade da formula\u00e7\u00e3o.<\/p>\n<p>Gelatto Fragola \u00e9 para voc\u00ea que deseja uma rela\u00e7\u00e3o sexual com conforto e muito sabor. Por ser semelhante \u00e0 lubrifica\u00e7\u00e3o natural, \u00e9 discreto, seguro, n\u00e3o causa irrita\u00e7\u00e3o \u00e9 e de f\u00e1cil remo\u00e7\u00e3o. <\/p>\n<p>ESPECIFICA\u00c7\u00c3O DO PRODUTO<\/p>\n<p>Gel lubrificante beij\u00e1vel.<br \/>\nUso misto tanto para penetra\u00e7\u00e3o quanto para masturba\u00e7\u00e3o.<br \/>\nPode ser usado em pr\u00f3teses e vibradores.<br \/>\nN\u00e3o gorduroso.<br \/>\nAltamente lubrificante.<br \/>\nFacilmente absorv\u00edvel por guardanapos de papel, algod\u00e3o ou qualquer outro tecido.<br \/>\nUso unissex.<\/p>\n","protected":false},"excerpt":{"rendered":"<p>Gelatto, a combina\u00e7\u00e3o perfeita do sabor italiano com conforto e bem-estar. Gel lubrificante beij\u00e1vel que proporciona muito mais intimidade durante o ato sexual. Gelatto Fragola foi criado para atender o paladar dos mais exigentes e superar a expectativa dos bons apreciadores de momentos \u00fanicos e repletos de muita intimidade. Sua fun\u00e7\u00e3o ice propicia frescor intensificando [&hellip;]<\/p>\n","protected":false},"featured_media":1402,"comment_status":"open","ping_status":"closed","template":"","meta":{"_joinchat":[]},"pwb-brand":[],"product_brand":[],"product_cat":[17,142,90,55],"product_tag":[109],"class_list":{"0":"post-1448","1":"product","2":"type-product","3":"status-publish","4":"has-post-thumbnail","6":"product_cat-cosmeticos","7":"product_cat-gel-comestiveis-e-beijaveis","8":"product_cat-gel-funcional","9":"product_cat-lubrificantes","10":"product_tag-beijavel","12":"first","13":"instock","14":"shipping-taxable","15":"purchasable","16":"product-type-simple"},"brands":[],"_links":{"self":[{"href":"https:\/\/demonstracao.usinadotemplate.com.br\/sexstore\/wp-json\/wp\/v2\/product\/1448","targetHints":{"allow":["GET"]}}],"collection":[{"href":"https:\/\/demonstracao.usinadotemplate.com.br\/sexstore\/wp-json\/wp\/v2\/product"}],"about":[{"href":"https:\/\/demonstracao.usinadotemplate.com.br\/sexstore\/wp-json\/wp\/v2\/types\/product"}],"replies":[{"embeddable":true,"href":"https:\/\/demonstracao.usinadotemplate.com.br\/sexstore\/wp-json\/wp\/v2\/comments?post=1448"}],"wp:featuredmedia":[{"embeddable":true,"href":"https:\/\/demonstracao.usinadotemplate.com.br\/sexstore\/wp-json\/wp\/v2\/media\/1402"}],"wp:attachment":[{"href":"https:\/\/demonstracao.usinadotemplate.com.br\/sexstore\/wp-json\/wp\/v2\/media?parent=1448"}],"wp:term":[{"taxonomy":"pwb-brand","embeddable":true,"href":"https:\/\/demonstracao.usinadotemplate.com.br\/sexstore\/wp-json\/wp\/v2\/pwb-brand?post=1448"},{"taxonomy":"product_brand","embeddable":true,"href":"https:\/\/demonstracao.usinadotemplate.com.br\/sexstore\/wp-json\/wp\/v2\/product_brand?post=1448"},{"taxonomy":"product_cat","embeddable":true,"href":"https:\/\/demonstracao.usinadotemplate.com.br\/sexstore\/wp-json\/wp\/v2\/product_cat?post=1448"},{"taxonomy":"product_tag","embeddable":true,"href":"https:\/\/demonstracao.usinadotemplate.com.br\/sexstore\/wp-json\/wp\/v2\/product_tag?post=1448"}],"curies":[{"name":"wp","href":"https:\/\/api.w.org\/{rel}","templated":true}]}}