{"id":1532,"date":"2023-02-14T13:15:41","date_gmt":"2023-02-14T13:15:41","guid":{"rendered":"https:\/\/demonstracao.usinadotemplate.com.br\/sexstore\/?post_type=product&#038;p=1532"},"modified":"2023-02-14T13:15:41","modified_gmt":"2023-02-14T13:15:41","slug":"anel-peniano-vibrador","status":"publish","type":"product","link":"https:\/\/demonstracao.usinadotemplate.com.br\/sexstore\/produto\/anel-peniano-vibrador\/","title":{"rendered":"Anel Peniano Vibrador"},"content":{"rendered":"<p>anel peniano com uma vibra\u00e7\u00e3o inigual\u00e1vel. Al\u00e9m de vibrar, ele tamb\u00e9m ajuda a retardar a ejacula\u00e7\u00e3o e manter a ere\u00e7\u00e3o. N\u00e3o para por a\u00ed. Seu formato diferenciado de bichinho foi pensado especialmente para proporcionar sensa\u00e7\u00f5es diferentes para voc\u00ea e seu parceiro (a).<br \/>\nmovido por duas baterias LR936 para funcionar. Baterias j\u00e1 est\u00e3o inclusas.<\/p>\n","protected":false},"excerpt":{"rendered":"<p>anel peniano com uma vibra\u00e7\u00e3o inigual\u00e1vel. Al\u00e9m de vibrar, ele tamb\u00e9m ajuda a retardar a ejacula\u00e7\u00e3o e manter a ere\u00e7\u00e3o. N\u00e3o para por a\u00ed. Seu formato diferenciado de bichinho foi pensado especialmente para proporcionar sensa\u00e7\u00f5es diferentes para voc\u00ea e seu parceiro (a). movido por duas baterias LR936 para funcionar. Baterias j\u00e1 est\u00e3o inclusas.<\/p>\n","protected":false},"featured_media":1536,"comment_status":"open","ping_status":"closed","template":"","meta":{"_joinchat":[]},"pwb-brand":[],"product_brand":[],"product_cat":[21,80],"product_tag":[145],"class_list":{"0":"post-1532","1":"product","2":"type-product","3":"status-publish","4":"has-post-thumbnail","6":"product_cat-acessorios","7":"product_cat-para-ele","8":"product_tag-anel","10":"first","11":"instock","12":"shipping-taxable","13":"purchasable","14":"product-type-simple"},"brands":[],"_links":{"self":[{"href":"https:\/\/demonstracao.usinadotemplate.com.br\/sexstore\/wp-json\/wp\/v2\/product\/1532","targetHints":{"allow":["GET"]}}],"collection":[{"href":"https:\/\/demonstracao.usinadotemplate.com.br\/sexstore\/wp-json\/wp\/v2\/product"}],"about":[{"href":"https:\/\/demonstracao.usinadotemplate.com.br\/sexstore\/wp-json\/wp\/v2\/types\/product"}],"replies":[{"embeddable":true,"href":"https:\/\/demonstracao.usinadotemplate.com.br\/sexstore\/wp-json\/wp\/v2\/comments?post=1532"}],"wp:featuredmedia":[{"embeddable":true,"href":"https:\/\/demonstracao.usinadotemplate.com.br\/sexstore\/wp-json\/wp\/v2\/media\/1536"}],"wp:attachment":[{"href":"https:\/\/demonstracao.usinadotemplate.com.br\/sexstore\/wp-json\/wp\/v2\/media?parent=1532"}],"wp:term":[{"taxonomy":"pwb-brand","embeddable":true,"href":"https:\/\/demonstracao.usinadotemplate.com.br\/sexstore\/wp-json\/wp\/v2\/pwb-brand?post=1532"},{"taxonomy":"product_brand","embeddable":true,"href":"https:\/\/demonstracao.usinadotemplate.com.br\/sexstore\/wp-json\/wp\/v2\/product_brand?post=1532"},{"taxonomy":"product_cat","embeddable":true,"href":"https:\/\/demonstracao.usinadotemplate.com.br\/sexstore\/wp-json\/wp\/v2\/product_cat?post=1532"},{"taxonomy":"product_tag","embeddable":true,"href":"https:\/\/demonstracao.usinadotemplate.com.br\/sexstore\/wp-json\/wp\/v2\/product_tag?post=1532"}],"curies":[{"name":"wp","href":"https:\/\/api.w.org\/{rel}","templated":true}]}}