{"id":1542,"date":"2023-02-14T14:22:54","date_gmt":"2023-02-14T14:22:54","guid":{"rendered":"https:\/\/demonstracao.usinadotemplate.com.br\/sexstore\/?post_type=product&#038;p=1542"},"modified":"2023-02-14T14:22:54","modified_gmt":"2023-02-14T14:22:54","slug":"jogo-pimenta-o-melhor-esquenta-unika-games","status":"publish","type":"product","link":"https:\/\/demonstracao.usinadotemplate.com.br\/sexstore\/produto\/jogo-pimenta-o-melhor-esquenta-unika-games\/","title":{"rendered":"Jogo Pimenta O Melhor Esquenta Unika Games"},"content":{"rendered":"<p>Jogo Pimenta o Melhor Esquenta Unika Games \u00e9 um passatempo elaborado especialmente para deixar suas noites mais quentes e instigantes.  <\/p>\n<p>O que \u00e9? Passatempo com desafios interessantes<br \/>\nServe para que? Ajuda a esquentar sua noite<br \/>\nComo utilizar? Para usufruir \u00e9 muito simples. S\u00f3 girar as roletas e fazer as demandas propostas<br \/>\nO que evitar? N\u00e3o derrame bebida no tabuleiro<br \/>\nQuantidade: 1<br \/>\nInclui o que? Acompanha 4 copos de vidro, 2 roletas e 1 tabuleiro<br \/>\nFabricante: Unika Games<\/p>\n","protected":false},"excerpt":{"rendered":"<p>Jogo Pimenta o Melhor Esquenta Unika Games \u00e9 um passatempo elaborado especialmente para deixar suas noites mais quentes e instigantes. O que \u00e9? Passatempo com desafios interessantes Serve para que? Ajuda a esquentar sua noite Como utilizar? Para usufruir \u00e9 muito simples. S\u00f3 girar as roletas e fazer as demandas propostas O que evitar? N\u00e3o [&hellip;]<\/p>\n","protected":false},"featured_media":1537,"comment_status":"open","ping_status":"closed","template":"","meta":{"_joinchat":[]},"pwb-brand":[],"product_brand":[],"product_cat":[18,135],"product_tag":[147],"class_list":{"0":"post-1542","1":"product","2":"type-product","3":"status-publish","4":"has-post-thumbnail","6":"product_cat-brincadeiras","7":"product_cat-jogos-de-tabuleiro-roleta","8":"product_tag-jogos","10":"first","11":"instock","12":"shipping-taxable","13":"purchasable","14":"product-type-simple"},"brands":[],"_links":{"self":[{"href":"https:\/\/demonstracao.usinadotemplate.com.br\/sexstore\/wp-json\/wp\/v2\/product\/1542","targetHints":{"allow":["GET"]}}],"collection":[{"href":"https:\/\/demonstracao.usinadotemplate.com.br\/sexstore\/wp-json\/wp\/v2\/product"}],"about":[{"href":"https:\/\/demonstracao.usinadotemplate.com.br\/sexstore\/wp-json\/wp\/v2\/types\/product"}],"replies":[{"embeddable":true,"href":"https:\/\/demonstracao.usinadotemplate.com.br\/sexstore\/wp-json\/wp\/v2\/comments?post=1542"}],"wp:featuredmedia":[{"embeddable":true,"href":"https:\/\/demonstracao.usinadotemplate.com.br\/sexstore\/wp-json\/wp\/v2\/media\/1537"}],"wp:attachment":[{"href":"https:\/\/demonstracao.usinadotemplate.com.br\/sexstore\/wp-json\/wp\/v2\/media?parent=1542"}],"wp:term":[{"taxonomy":"pwb-brand","embeddable":true,"href":"https:\/\/demonstracao.usinadotemplate.com.br\/sexstore\/wp-json\/wp\/v2\/pwb-brand?post=1542"},{"taxonomy":"product_brand","embeddable":true,"href":"https:\/\/demonstracao.usinadotemplate.com.br\/sexstore\/wp-json\/wp\/v2\/product_brand?post=1542"},{"taxonomy":"product_cat","embeddable":true,"href":"https:\/\/demonstracao.usinadotemplate.com.br\/sexstore\/wp-json\/wp\/v2\/product_cat?post=1542"},{"taxonomy":"product_tag","embeddable":true,"href":"https:\/\/demonstracao.usinadotemplate.com.br\/sexstore\/wp-json\/wp\/v2\/product_tag?post=1542"}],"curies":[{"name":"wp","href":"https:\/\/api.w.org\/{rel}","templated":true}]}}