{"id":1546,"date":"2023-02-14T14:58:03","date_gmt":"2023-02-14T14:58:03","guid":{"rendered":"https:\/\/demonstracao.usinadotemplate.com.br\/sexstore\/?post_type=product&#038;p=1546"},"modified":"2023-02-14T14:58:03","modified_gmt":"2023-02-14T14:58:03","slug":"d4-lubrificante-intimo-beijavel-60g-sexy-fantasy","status":"publish","type":"product","link":"https:\/\/demonstracao.usinadotemplate.com.br\/sexstore\/produto\/d4-lubrificante-intimo-beijavel-60g-sexy-fantasy\/","title":{"rendered":"D4 Lubrificante \u00cdntimo Beij\u00e1vel 60G Sexy Fantasy"},"content":{"rendered":"<p>D4 Lubrificante \u00cdntimo Beij\u00e1vel 60G Sexy Fantasy \u00e9 um lubrificante beij\u00e1vel, feito com ingredientes e ativos que auxiliam em sua sa\u00fade sexual, tem sabores de morango e chiclete.  <\/p>\n<p>\u00c9 um lubrificante beij\u00e1vel bem saboroso<br \/>\nAjuda a deixar suas preliminares mais deliciosas<br \/>\nPasse nas partes \u00edntimas para garantir uma lubrifica\u00e7\u00e3o extra<br \/>\nN\u00e3o coloque em seus olhos<br \/>\nQuantidade: 1<br \/>\nVolume: 60g<br \/>\nFabricante: Sexy Fantasy<\/p>\n","protected":false},"excerpt":{"rendered":"<p>D4 Lubrificante \u00cdntimo Beij\u00e1vel 60G Sexy Fantasy \u00e9 um lubrificante beij\u00e1vel, feito com ingredientes e ativos que auxiliam em sua sa\u00fade sexual, tem sabores de morango e chiclete. \u00c9 um lubrificante beij\u00e1vel bem saboroso Ajuda a deixar suas preliminares mais deliciosas Passe nas partes \u00edntimas para garantir uma lubrifica\u00e7\u00e3o extra N\u00e3o coloque em seus olhos [&hellip;]<\/p>\n","protected":false},"featured_media":1547,"comment_status":"open","ping_status":"closed","template":"","meta":{"_joinchat":[]},"pwb-brand":[],"product_brand":[],"product_cat":[17,142,55],"product_tag":[109],"class_list":{"0":"post-1546","1":"product","2":"type-product","3":"status-publish","4":"has-post-thumbnail","6":"product_cat-cosmeticos","7":"product_cat-gel-comestiveis-e-beijaveis","8":"product_cat-lubrificantes","9":"product_tag-beijavel","11":"first","12":"instock","13":"shipping-taxable","14":"purchasable","15":"product-type-simple"},"brands":[],"_links":{"self":[{"href":"https:\/\/demonstracao.usinadotemplate.com.br\/sexstore\/wp-json\/wp\/v2\/product\/1546","targetHints":{"allow":["GET"]}}],"collection":[{"href":"https:\/\/demonstracao.usinadotemplate.com.br\/sexstore\/wp-json\/wp\/v2\/product"}],"about":[{"href":"https:\/\/demonstracao.usinadotemplate.com.br\/sexstore\/wp-json\/wp\/v2\/types\/product"}],"replies":[{"embeddable":true,"href":"https:\/\/demonstracao.usinadotemplate.com.br\/sexstore\/wp-json\/wp\/v2\/comments?post=1546"}],"wp:featuredmedia":[{"embeddable":true,"href":"https:\/\/demonstracao.usinadotemplate.com.br\/sexstore\/wp-json\/wp\/v2\/media\/1547"}],"wp:attachment":[{"href":"https:\/\/demonstracao.usinadotemplate.com.br\/sexstore\/wp-json\/wp\/v2\/media?parent=1546"}],"wp:term":[{"taxonomy":"pwb-brand","embeddable":true,"href":"https:\/\/demonstracao.usinadotemplate.com.br\/sexstore\/wp-json\/wp\/v2\/pwb-brand?post=1546"},{"taxonomy":"product_brand","embeddable":true,"href":"https:\/\/demonstracao.usinadotemplate.com.br\/sexstore\/wp-json\/wp\/v2\/product_brand?post=1546"},{"taxonomy":"product_cat","embeddable":true,"href":"https:\/\/demonstracao.usinadotemplate.com.br\/sexstore\/wp-json\/wp\/v2\/product_cat?post=1546"},{"taxonomy":"product_tag","embeddable":true,"href":"https:\/\/demonstracao.usinadotemplate.com.br\/sexstore\/wp-json\/wp\/v2\/product_tag?post=1546"}],"curies":[{"name":"wp","href":"https:\/\/api.w.org\/{rel}","templated":true}]}}