{"id":1549,"date":"2023-02-16T15:28:56","date_gmt":"2023-02-16T15:28:56","guid":{"rendered":"https:\/\/demonstracao.usinadotemplate.com.br\/sexstore\/?post_type=product&#038;p=1549"},"modified":"2023-02-16T15:29:16","modified_gmt":"2023-02-16T15:29:16","slug":"plug-anal-lovearrow-vibrador-s-hande-sexy-import","status":"publish","type":"product","link":"https:\/\/demonstracao.usinadotemplate.com.br\/sexstore\/produto\/plug-anal-lovearrow-vibrador-s-hande-sexy-import\/","title":{"rendered":"Plug Anal Lovearrow Vibrador S-Hande Sexy Import"},"content":{"rendered":"<p>\u00c9 um estimulador de pr\u00f3stata com design ergon\u00f4mico em espiral, confeccionado em silicone soft touch, material mais nobre do mercado er\u00f3tico, vem com um bullet que pode ser usado separadamente e possui vibra\u00e7\u00e3o \u00fanica e potente. Sua base possui um suporte de seguran\u00e7a trazendo conforto e muito prazer!<br \/>\nmaterial : silicone<\/p>\n","protected":false},"excerpt":{"rendered":"<p>\u00c9 um estimulador de pr\u00f3stata com design ergon\u00f4mico em espiral, confeccionado em silicone soft touch, material mais nobre do mercado er\u00f3tico, vem com um bullet que pode ser usado separadamente e possui vibra\u00e7\u00e3o \u00fanica e potente. Sua base possui um suporte de seguran\u00e7a trazendo conforto e muito prazer! material : silicone<\/p>\n","protected":false},"featured_media":1551,"comment_status":"open","ping_status":"closed","template":"","meta":{"_joinchat":[]},"pwb-brand":[],"product_brand":[],"product_cat":[21,131,133,57,16],"product_tag":[150,151],"class_list":{"0":"post-1549","1":"product","2":"type-product","3":"status-publish","4":"has-post-thumbnail","6":"product_cat-acessorios","7":"product_cat-plug-com-vibrador","8":"product_cat-plug-silicone","9":"product_cat-plugs","10":"product_cat-vibradores","11":"product_tag-plug","12":"product_tag-vibrador-anal","14":"first","15":"instock","16":"shipping-taxable","17":"purchasable","18":"product-type-simple"},"brands":[],"_links":{"self":[{"href":"https:\/\/demonstracao.usinadotemplate.com.br\/sexstore\/wp-json\/wp\/v2\/product\/1549","targetHints":{"allow":["GET"]}}],"collection":[{"href":"https:\/\/demonstracao.usinadotemplate.com.br\/sexstore\/wp-json\/wp\/v2\/product"}],"about":[{"href":"https:\/\/demonstracao.usinadotemplate.com.br\/sexstore\/wp-json\/wp\/v2\/types\/product"}],"replies":[{"embeddable":true,"href":"https:\/\/demonstracao.usinadotemplate.com.br\/sexstore\/wp-json\/wp\/v2\/comments?post=1549"}],"wp:featuredmedia":[{"embeddable":true,"href":"https:\/\/demonstracao.usinadotemplate.com.br\/sexstore\/wp-json\/wp\/v2\/media\/1551"}],"wp:attachment":[{"href":"https:\/\/demonstracao.usinadotemplate.com.br\/sexstore\/wp-json\/wp\/v2\/media?parent=1549"}],"wp:term":[{"taxonomy":"pwb-brand","embeddable":true,"href":"https:\/\/demonstracao.usinadotemplate.com.br\/sexstore\/wp-json\/wp\/v2\/pwb-brand?post=1549"},{"taxonomy":"product_brand","embeddable":true,"href":"https:\/\/demonstracao.usinadotemplate.com.br\/sexstore\/wp-json\/wp\/v2\/product_brand?post=1549"},{"taxonomy":"product_cat","embeddable":true,"href":"https:\/\/demonstracao.usinadotemplate.com.br\/sexstore\/wp-json\/wp\/v2\/product_cat?post=1549"},{"taxonomy":"product_tag","embeddable":true,"href":"https:\/\/demonstracao.usinadotemplate.com.br\/sexstore\/wp-json\/wp\/v2\/product_tag?post=1549"}],"curies":[{"name":"wp","href":"https:\/\/api.w.org\/{rel}","templated":true}]}}