{"id":991,"date":"2023-02-06T15:50:59","date_gmt":"2023-02-06T15:50:59","guid":{"rendered":"https:\/\/demonstracao.usinadotemplate.com.br\/sexstore\/?post_type=product&#038;p=991"},"modified":"2023-02-11T17:39:02","modified_gmt":"2023-02-11T17:39:02","slug":"braceleira","status":"publish","type":"product","link":"https:\/\/demonstracao.usinadotemplate.com.br\/sexstore\/produto\/braceleira\/","title":{"rendered":"Braceleira"},"content":{"rendered":"<p>Algema em couro com acabamento em pel\u00facia.<\/p>\n<p>Produto seguro e altamente resistente.<\/p>\n<p>Perfeito para realizar suas fantasias mais sensuais.<\/p>\n<p>Objeto de prazer e tamb\u00e9m de castigo.<\/p>\n<p>Fivelas com regulagem permitindo ajuste perfeito e confort\u00e1vel.<\/p>\n<p>Fivela, corrente e ilh\u00f3s em metal prateado que enobrecem o produto.<\/p>\n<p>Uso unissex.<\/p>\n","protected":false},"excerpt":{"rendered":"<p>Algema em couro com acabamento em pel\u00facia. Produto seguro e altamente resistente. Perfeito para realizar suas fantasias mais sensuais. Objeto de prazer e tamb\u00e9m de castigo. Fivelas com regulagem permitindo ajuste perfeito e confort\u00e1vel. Fivela, corrente e ilh\u00f3s em metal prateado que enobrecem o produto. Uso unissex.<\/p>\n","protected":false},"featured_media":1333,"comment_status":"open","ping_status":"closed","template":"","meta":{"_joinchat":[]},"pwb-brand":[],"product_brand":[],"product_cat":[21,48],"product_tag":[49],"class_list":{"0":"post-991","1":"product","2":"type-product","3":"status-publish","4":"has-post-thumbnail","6":"product_cat-acessorios","7":"product_cat-sado","8":"product_tag-sado","10":"first","11":"instock","12":"sale","13":"shipping-taxable","14":"purchasable","15":"product-type-simple"},"brands":[],"_links":{"self":[{"href":"https:\/\/demonstracao.usinadotemplate.com.br\/sexstore\/wp-json\/wp\/v2\/product\/991","targetHints":{"allow":["GET"]}}],"collection":[{"href":"https:\/\/demonstracao.usinadotemplate.com.br\/sexstore\/wp-json\/wp\/v2\/product"}],"about":[{"href":"https:\/\/demonstracao.usinadotemplate.com.br\/sexstore\/wp-json\/wp\/v2\/types\/product"}],"replies":[{"embeddable":true,"href":"https:\/\/demonstracao.usinadotemplate.com.br\/sexstore\/wp-json\/wp\/v2\/comments?post=991"}],"wp:featuredmedia":[{"embeddable":true,"href":"https:\/\/demonstracao.usinadotemplate.com.br\/sexstore\/wp-json\/wp\/v2\/media\/1333"}],"wp:attachment":[{"href":"https:\/\/demonstracao.usinadotemplate.com.br\/sexstore\/wp-json\/wp\/v2\/media?parent=991"}],"wp:term":[{"taxonomy":"pwb-brand","embeddable":true,"href":"https:\/\/demonstracao.usinadotemplate.com.br\/sexstore\/wp-json\/wp\/v2\/pwb-brand?post=991"},{"taxonomy":"product_brand","embeddable":true,"href":"https:\/\/demonstracao.usinadotemplate.com.br\/sexstore\/wp-json\/wp\/v2\/product_brand?post=991"},{"taxonomy":"product_cat","embeddable":true,"href":"https:\/\/demonstracao.usinadotemplate.com.br\/sexstore\/wp-json\/wp\/v2\/product_cat?post=991"},{"taxonomy":"product_tag","embeddable":true,"href":"https:\/\/demonstracao.usinadotemplate.com.br\/sexstore\/wp-json\/wp\/v2\/product_tag?post=991"}],"curies":[{"name":"wp","href":"https:\/\/api.w.org\/{rel}","templated":true}]}}